{"id":791,"date":"2021-02-15T10:30:20","date_gmt":"2021-02-15T09:30:20","guid":{"rendered":"https:\/\/www.runnek.fr\/shop\/?post_type=product&#038;p=791"},"modified":"2026-04-20T05:13:06","modified_gmt":"2026-04-20T03:13:06","slug":"sac-a-dos-runnek","status":"publish","type":"product","link":"https:\/\/www.runnek.fr\/shop\/p\/accessoire-running\/sac-a-dos-runnek\/","title":{"rendered":"Sac a dos trail"},"content":{"rendered":"<p>En tant que bon coureur, vous savez \u00e0 quel point l&rsquo;hydratation est importante lors de chaque course sur le sentier. C&rsquo;est pourquoi nous avons con\u00e7u un sac \u00e0 dos avec les derniers tissus ultra-l\u00e9gers et \u00e0 la pointe de la technologie pour que vous puissiez courir l\u00e9ger et vous hydrater facilement. Il est \u00e9galement tr\u00e8s polyvalent et tout-terrain, ce qui vous permet de l&#8217;emmener avec vous \u00e0 chaque sortie !<\/p>\n<p>Couleurs :<\/p>\n<ul>\n<li>Vert fluo<\/li>\n<li>Rouge vif<\/li>\n<li>Bleu \u00e9lectrique<\/li>\n<\/ul>\n<div class=\"avia-gallery\"><a href=\"https:\/\/www.runnek.fr\/shop\/wp-content\/uploads\/2023\/06\/technologie-runnek.jpg\"><img decoding=\"async\" class=\"alignnone size-full wp-image-2276\" style=\"width: 80%; padding: 0;\" title=\"Technologie\" src=\"https:\/\/www.runnek.fr\/shop\/wp-content\/uploads\/2023\/06\/technologie.webp\" alt=\"Technologie Runnek\" \/><\/a><\/div>\n<p><\/p>\n","protected":false},"excerpt":{"rendered":"<ul>\n<li>Tissus techniques de pointe pour une l\u00e9g\u00e8ret\u00e9 maximale<\/li>\n<li>Coutures renforc\u00e9es<\/li>\n<li>Triple fixation <\/li>\n<li>Rembourrage 3D Mesh pour le confort et la ventilation.<\/li>\n<li>Syst\u00e8me de porte-bouteille int\u00e9rieur avec sortie de tube d&rsquo;hydratation. <\/li>\n<li>Possibilit\u00e9 de stocker vos gels de nutrition de course.<\/li>\n<li>Logo Runnek r\u00e9fl\u00e9chissant au transfert num\u00e9rique.<\/li>\n<li>Technologie d&rsquo;impression FixColor pour garantir la durabilit\u00e9 de la couleur d&rsquo;origine. <\/li>\n<\/ul>\n","protected":false},"featured_media":3807,"comment_status":"open","ping_status":"closed","template":"","meta":{"_acf_changed":false},"product_brand":[],"product_cat":[36],"product_tag":[],"class_list":{"0":"post-791","1":"product","2":"type-product","3":"status-publish","4":"has-post-thumbnail","6":"product_cat-accessoire-running","8":"first","9":"instock","10":"taxable","11":"shipping-taxable","12":"purchasable","13":"product-type-variable","14":"wvs-archive-product-wrapper"},"acf":[],"yoast_head":"<!-- This site is optimized with the Yoast SEO plugin v27.3 - https:\/\/yoast.com\/product\/yoast-seo-wordpress\/ -->\n<title>Sac a dos trail - Shop Runnek<\/title>\n<meta name=\"robots\" content=\"index, follow, max-snippet:-1, max-image-preview:large, max-video-preview:-1\" \/>\n<link rel=\"canonical\" href=\"https:\/\/www.runnek.fr\/shop\/p\/accessoire-running\/sac-a-dos-runnek\/\" \/>\n<meta property=\"og:locale\" content=\"fr_FR\" \/>\n<meta property=\"og:type\" content=\"article\" \/>\n<meta property=\"og:title\" content=\"Sac a dos trail - Shop Runnek\" \/>\n<meta property=\"og:description\" content=\"Tissus techniques de pointe pour une l\u00e9g\u00e8ret\u00e9 maximale Coutures renforc\u00e9es Triple fixation  Rembourrage 3D Mesh pour le confort et la ventilation. Syst\u00e8me de porte-bouteille int\u00e9rieur avec sortie de tube d&#039;hydratation.  Possibilit\u00e9 de stocker vos gels de nutrition de course. Logo Runnek r\u00e9fl\u00e9chissant au transfert num\u00e9rique. Technologie d&#039;impression FixColor pour garantir la durabilit\u00e9 de la couleur d&#039;origine.\" \/>\n<meta property=\"og:url\" content=\"https:\/\/www.runnek.fr\/shop\/p\/accessoire-running\/sac-a-dos-runnek\/\" \/>\n<meta property=\"og:site_name\" content=\"Shop Runnek\" \/>\n<meta property=\"article:publisher\" content=\"https:\/\/www.facebook.com\/runnekitalia\/\" \/>\n<meta property=\"article:modified_time\" content=\"2026-04-20T03:13:06+00:00\" \/>\n<meta property=\"og:image\" content=\"https:\/\/www.runnek.fr\/shop\/wp-content\/uploads\/2021\/02\/sac-dos-runnek-hike-vert-fluor.jpg\" \/>\n\t<meta property=\"og:image:width\" content=\"800\" \/>\n\t<meta property=\"og:image:height\" content=\"800\" \/>\n\t<meta property=\"og:image:type\" content=\"image\/jpeg\" \/>\n<meta name=\"twitter:card\" content=\"summary_large_image\" \/>\n<meta name=\"twitter:site\" content=\"@RunnekItalia\" \/>\n<script type=\"application\/ld+json\" class=\"yoast-schema-graph\">{\"@context\":\"https:\\\/\\\/schema.org\",\"@graph\":[{\"@type\":\"WebPage\",\"@id\":\"https:\\\/\\\/www.runnek.fr\\\/shop\\\/p\\\/accessoire-running\\\/sac-a-dos-runnek\\\/\",\"url\":\"https:\\\/\\\/www.runnek.fr\\\/shop\\\/p\\\/accessoire-running\\\/sac-a-dos-runnek\\\/\",\"name\":\"Sac a dos trail - Shop Runnek\",\"isPartOf\":{\"@id\":\"https:\\\/\\\/www.runnek.fr\\\/shop\\\/#website\"},\"primaryImageOfPage\":{\"@id\":\"https:\\\/\\\/www.runnek.fr\\\/shop\\\/p\\\/accessoire-running\\\/sac-a-dos-runnek\\\/#primaryimage\"},\"image\":{\"@id\":\"https:\\\/\\\/www.runnek.fr\\\/shop\\\/p\\\/accessoire-running\\\/sac-a-dos-runnek\\\/#primaryimage\"},\"thumbnailUrl\":\"https:\\\/\\\/www.runnek.fr\\\/shop\\\/wp-content\\\/uploads\\\/2021\\\/02\\\/sac-dos-runnek-hike-vert-fluor.jpg\",\"datePublished\":\"2021-02-15T09:30:20+00:00\",\"dateModified\":\"2026-04-20T03:13:06+00:00\",\"breadcrumb\":{\"@id\":\"https:\\\/\\\/www.runnek.fr\\\/shop\\\/p\\\/accessoire-running\\\/sac-a-dos-runnek\\\/#breadcrumb\"},\"inLanguage\":\"fr-FR\",\"potentialAction\":[{\"@type\":\"ReadAction\",\"target\":[\"https:\\\/\\\/www.runnek.fr\\\/shop\\\/p\\\/accessoire-running\\\/sac-a-dos-runnek\\\/\"]}]},{\"@type\":\"ImageObject\",\"inLanguage\":\"fr-FR\",\"@id\":\"https:\\\/\\\/www.runnek.fr\\\/shop\\\/p\\\/accessoire-running\\\/sac-a-dos-runnek\\\/#primaryimage\",\"url\":\"https:\\\/\\\/www.runnek.fr\\\/shop\\\/wp-content\\\/uploads\\\/2021\\\/02\\\/sac-dos-runnek-hike-vert-fluor.jpg\",\"contentUrl\":\"https:\\\/\\\/www.runnek.fr\\\/shop\\\/wp-content\\\/uploads\\\/2021\\\/02\\\/sac-dos-runnek-hike-vert-fluor.jpg\",\"width\":800,\"height\":800,\"caption\":\"Sac Dos Runnek Hike Vert Fluor\"},{\"@type\":\"BreadcrumbList\",\"@id\":\"https:\\\/\\\/www.runnek.fr\\\/shop\\\/p\\\/accessoire-running\\\/sac-a-dos-runnek\\\/#breadcrumb\",\"itemListElement\":[{\"@type\":\"ListItem\",\"position\":1,\"name\":\"Portada\",\"item\":\"https:\\\/\\\/www.runnek.fr\\\/shop\\\/\"},{\"@type\":\"ListItem\",\"position\":2,\"name\":\"boutique\",\"item\":\"https:\\\/\\\/www.runnek.fr\\\/shop\\\/boutique\\\/\"},{\"@type\":\"ListItem\",\"position\":3,\"name\":\"Sac a dos trail\"}]},{\"@type\":\"WebSite\",\"@id\":\"https:\\\/\\\/www.runnek.fr\\\/shop\\\/#website\",\"url\":\"https:\\\/\\\/www.runnek.fr\\\/shop\\\/\",\"name\":\"Shop Runnek\",\"description\":\"\",\"publisher\":{\"@id\":\"https:\\\/\\\/www.runnek.fr\\\/shop\\\/#organization\"},\"potentialAction\":[{\"@type\":\"SearchAction\",\"target\":{\"@type\":\"EntryPoint\",\"urlTemplate\":\"https:\\\/\\\/www.runnek.fr\\\/shop\\\/?s={search_term_string}\"},\"query-input\":{\"@type\":\"PropertyValueSpecification\",\"valueRequired\":true,\"valueName\":\"search_term_string\"}}],\"inLanguage\":\"fr-FR\"},{\"@type\":\"Organization\",\"@id\":\"https:\\\/\\\/www.runnek.fr\\\/shop\\\/#organization\",\"name\":\"Shop Runnek\",\"url\":\"https:\\\/\\\/www.runnek.fr\\\/shop\\\/\",\"logo\":{\"@type\":\"ImageObject\",\"inLanguage\":\"fr-FR\",\"@id\":\"https:\\\/\\\/www.runnek.fr\\\/shop\\\/#\\\/schema\\\/logo\\\/image\\\/\",\"url\":\"https:\\\/\\\/www.runnek.fr\\\/shop\\\/wp-content\\\/uploads\\\/2020\\\/11\\\/logo-runnek.png\",\"contentUrl\":\"https:\\\/\\\/www.runnek.fr\\\/shop\\\/wp-content\\\/uploads\\\/2020\\\/11\\\/logo-runnek.png\",\"width\":680,\"height\":252,\"caption\":\"Shop Runnek\"},\"image\":{\"@id\":\"https:\\\/\\\/www.runnek.fr\\\/shop\\\/#\\\/schema\\\/logo\\\/image\\\/\"},\"sameAs\":[\"https:\\\/\\\/www.facebook.com\\\/runnekitalia\\\/\",\"https:\\\/\\\/x.com\\\/RunnekItalia\",\"https:\\\/\\\/instagram.com\\\/runnek\",\"https:\\\/\\\/www.youtube.com\\\/user\\\/magliarunningIT\"]}]}<\/script>\n<!-- \/ Yoast SEO plugin. -->","yoast_head_json":{"title":"Sac a dos trail - Shop Runnek","robots":{"index":"index","follow":"follow","max-snippet":"max-snippet:-1","max-image-preview":"max-image-preview:large","max-video-preview":"max-video-preview:-1"},"canonical":"https:\/\/www.runnek.fr\/shop\/p\/accessoire-running\/sac-a-dos-runnek\/","og_locale":"fr_FR","og_type":"article","og_title":"Sac a dos trail - Shop Runnek","og_description":"Tissus techniques de pointe pour une l\u00e9g\u00e8ret\u00e9 maximale Coutures renforc\u00e9es Triple fixation  Rembourrage 3D Mesh pour le confort et la ventilation. Syst\u00e8me de porte-bouteille int\u00e9rieur avec sortie de tube d'hydratation.  Possibilit\u00e9 de stocker vos gels de nutrition de course. Logo Runnek r\u00e9fl\u00e9chissant au transfert num\u00e9rique. Technologie d'impression FixColor pour garantir la durabilit\u00e9 de la couleur d'origine.","og_url":"https:\/\/www.runnek.fr\/shop\/p\/accessoire-running\/sac-a-dos-runnek\/","og_site_name":"Shop Runnek","article_publisher":"https:\/\/www.facebook.com\/runnekitalia\/","article_modified_time":"2026-04-20T03:13:06+00:00","og_image":[{"width":800,"height":800,"url":"https:\/\/www.runnek.fr\/shop\/wp-content\/uploads\/2021\/02\/sac-dos-runnek-hike-vert-fluor.jpg","type":"image\/jpeg"}],"twitter_card":"summary_large_image","twitter_site":"@RunnekItalia","schema":{"@context":"https:\/\/schema.org","@graph":[{"@type":"WebPage","@id":"https:\/\/www.runnek.fr\/shop\/p\/accessoire-running\/sac-a-dos-runnek\/","url":"https:\/\/www.runnek.fr\/shop\/p\/accessoire-running\/sac-a-dos-runnek\/","name":"Sac a dos trail - Shop Runnek","isPartOf":{"@id":"https:\/\/www.runnek.fr\/shop\/#website"},"primaryImageOfPage":{"@id":"https:\/\/www.runnek.fr\/shop\/p\/accessoire-running\/sac-a-dos-runnek\/#primaryimage"},"image":{"@id":"https:\/\/www.runnek.fr\/shop\/p\/accessoire-running\/sac-a-dos-runnek\/#primaryimage"},"thumbnailUrl":"https:\/\/www.runnek.fr\/shop\/wp-content\/uploads\/2021\/02\/sac-dos-runnek-hike-vert-fluor.jpg","datePublished":"2021-02-15T09:30:20+00:00","dateModified":"2026-04-20T03:13:06+00:00","breadcrumb":{"@id":"https:\/\/www.runnek.fr\/shop\/p\/accessoire-running\/sac-a-dos-runnek\/#breadcrumb"},"inLanguage":"fr-FR","potentialAction":[{"@type":"ReadAction","target":["https:\/\/www.runnek.fr\/shop\/p\/accessoire-running\/sac-a-dos-runnek\/"]}]},{"@type":"ImageObject","inLanguage":"fr-FR","@id":"https:\/\/www.runnek.fr\/shop\/p\/accessoire-running\/sac-a-dos-runnek\/#primaryimage","url":"https:\/\/www.runnek.fr\/shop\/wp-content\/uploads\/2021\/02\/sac-dos-runnek-hike-vert-fluor.jpg","contentUrl":"https:\/\/www.runnek.fr\/shop\/wp-content\/uploads\/2021\/02\/sac-dos-runnek-hike-vert-fluor.jpg","width":800,"height":800,"caption":"Sac Dos Runnek Hike Vert Fluor"},{"@type":"BreadcrumbList","@id":"https:\/\/www.runnek.fr\/shop\/p\/accessoire-running\/sac-a-dos-runnek\/#breadcrumb","itemListElement":[{"@type":"ListItem","position":1,"name":"Portada","item":"https:\/\/www.runnek.fr\/shop\/"},{"@type":"ListItem","position":2,"name":"boutique","item":"https:\/\/www.runnek.fr\/shop\/boutique\/"},{"@type":"ListItem","position":3,"name":"Sac a dos trail"}]},{"@type":"WebSite","@id":"https:\/\/www.runnek.fr\/shop\/#website","url":"https:\/\/www.runnek.fr\/shop\/","name":"Shop Runnek","description":"","publisher":{"@id":"https:\/\/www.runnek.fr\/shop\/#organization"},"potentialAction":[{"@type":"SearchAction","target":{"@type":"EntryPoint","urlTemplate":"https:\/\/www.runnek.fr\/shop\/?s={search_term_string}"},"query-input":{"@type":"PropertyValueSpecification","valueRequired":true,"valueName":"search_term_string"}}],"inLanguage":"fr-FR"},{"@type":"Organization","@id":"https:\/\/www.runnek.fr\/shop\/#organization","name":"Shop Runnek","url":"https:\/\/www.runnek.fr\/shop\/","logo":{"@type":"ImageObject","inLanguage":"fr-FR","@id":"https:\/\/www.runnek.fr\/shop\/#\/schema\/logo\/image\/","url":"https:\/\/www.runnek.fr\/shop\/wp-content\/uploads\/2020\/11\/logo-runnek.png","contentUrl":"https:\/\/www.runnek.fr\/shop\/wp-content\/uploads\/2020\/11\/logo-runnek.png","width":680,"height":252,"caption":"Shop Runnek"},"image":{"@id":"https:\/\/www.runnek.fr\/shop\/#\/schema\/logo\/image\/"},"sameAs":["https:\/\/www.facebook.com\/runnekitalia\/","https:\/\/x.com\/RunnekItalia","https:\/\/instagram.com\/runnek","https:\/\/www.youtube.com\/user\/magliarunningIT"]}]}},"_links":{"self":[{"href":"https:\/\/www.runnek.fr\/shop\/wp-json\/wp\/v2\/product\/791","targetHints":{"allow":["GET"]}}],"collection":[{"href":"https:\/\/www.runnek.fr\/shop\/wp-json\/wp\/v2\/product"}],"about":[{"href":"https:\/\/www.runnek.fr\/shop\/wp-json\/wp\/v2\/types\/product"}],"replies":[{"embeddable":true,"href":"https:\/\/www.runnek.fr\/shop\/wp-json\/wp\/v2\/comments?post=791"}],"wp:featuredmedia":[{"embeddable":true,"href":"https:\/\/www.runnek.fr\/shop\/wp-json\/wp\/v2\/media\/3807"}],"wp:attachment":[{"href":"https:\/\/www.runnek.fr\/shop\/wp-json\/wp\/v2\/media?parent=791"}],"wp:term":[{"taxonomy":"product_brand","embeddable":true,"href":"https:\/\/www.runnek.fr\/shop\/wp-json\/wp\/v2\/product_brand?post=791"},{"taxonomy":"product_cat","embeddable":true,"href":"https:\/\/www.runnek.fr\/shop\/wp-json\/wp\/v2\/product_cat?post=791"},{"taxonomy":"product_tag","embeddable":true,"href":"https:\/\/www.runnek.fr\/shop\/wp-json\/wp\/v2\/product_tag?post=791"}],"curies":[{"name":"wp","href":"https:\/\/api.w.org\/{rel}","templated":true}]}}