{"id":748,"date":"2021-02-15T10:09:10","date_gmt":"2021-02-15T09:09:10","guid":{"rendered":"https:\/\/www.runnek.fr\/shop\/?post_type=product&#038;p=748"},"modified":"2026-04-27T14:15:18","modified_gmt":"2026-04-27T12:15:18","slug":"gilet-runnek-evo","status":"publish","type":"product","link":"https:\/\/www.runnek.fr\/shop\/p\/running-homme\/gilet\/gilet-runnek-evo\/","title":{"rendered":"Gilet technique runnek"},"content":{"rendered":"<p>Pour les journ\u00e9es les plus difficiles, n&rsquo;h\u00e9sitez pas \u00e0 essayer notre gilet Evo. Prot\u00e9gez-vous du froid et du vent gr\u00e2ce \u00e0 son tissu DrySens l\u00e9ger et \u00e0 sa maille Mesh qui couvre tout le dos et assure une meilleure respirabilit\u00e9. C&rsquo;est le choix id\u00e9al pour courir avec style et confort, car son design unique am\u00e9liore votre visibilit\u00e9 et s&rsquo;adapte parfaitement \u00e0 votre corps.<\/p>\n<p>Coloris:<\/p>\n<ul>\n<li>Gris perle<\/li>\n<li>Jaune acide<\/li>\n<li>Bleu \u00e9lectrique<\/li>\n<li>Orange fluo<\/li>\n<li>Noir<\/li>\n<li>Rouge<\/li>\n<\/ul>\n<p>&nbsp;<\/p>\n<div class=\"avia-gallery\"><a href=\"https:\/\/www.runnek.fr\/shop\/wp-content\/uploads\/2023\/06\/technologie-runnek.jpg\"><img decoding=\"async\" class=\"alignnone size-full wp-image-2276\" style=\"width: 80%; padding: 0;\" title=\"Technologie\" src=\"https:\/\/www.runnek.fr\/shop\/wp-content\/uploads\/2023\/06\/technologie.webp\" alt=\"Technologie Runnek\" \/><\/a><\/div>\n<p>&nbsp;<\/p>\n","protected":false},"excerpt":{"rendered":"<ul>\n<li>Tissu DrySens 100 % polyamide pour une l\u00e9g\u00e8ret\u00e9 maximale et une protection contre le vent.<\/li>\n<li>Ventilation maximale gr\u00e2ce \u00e0 la maille Mesh sur toute la zone dorsale.<\/li>\n<li>D\u00e9tails r\u00e9fl\u00e9chissants sur la partie sup\u00e9rieure du dos.<\/li>\n<li>Pratique gr\u00e2ce au syst\u00e8me KeepBag qui permet de le plier en un sac pratique \u00e0 partir de la poche lat\u00e9rale.<\/li>\n<li>Poche lat\u00e9rale pratique de couleur contrast\u00e9e par rapport \u00e0 la fermeture \u00e9clair centrale.<\/li>\n<li>Col haut pour se prot\u00e9ger du vent<\/li>\n<li>Ajustement parfait gr\u00e2ce \u00e0 notre technologie Skin4Run.<\/li>\n<li>Logo Runnek r\u00e9fl\u00e9chissant.<\/li>\n<li>Incorpore la technologie FixColor pour que la couleur du maillot reste intacte apr\u00e8s le lavage.<\/li>\n<\/ul>\n","protected":false},"featured_media":3771,"comment_status":"open","ping_status":"closed","template":"","meta":{"_acf_changed":false},"product_brand":[],"product_cat":[35],"product_tag":[],"class_list":{"0":"post-748","1":"product","2":"type-product","3":"status-publish","4":"has-post-thumbnail","6":"product_cat-gilet","8":"first","9":"instock","10":"taxable","11":"shipping-taxable","12":"purchasable","13":"product-type-variable","14":"wvs-archive-product-wrapper"},"acf":[],"yoast_head":"<!-- This site is optimized with the Yoast SEO plugin v27.3 - https:\/\/yoast.com\/product\/yoast-seo-wordpress\/ -->\n<title>Gilet technique runnek - Shop Runnek<\/title>\n<meta name=\"robots\" content=\"index, follow, max-snippet:-1, max-image-preview:large, max-video-preview:-1\" \/>\n<link rel=\"canonical\" href=\"https:\/\/www.runnek.fr\/shop\/p\/running-homme\/gilet\/gilet-runnek-evo\/\" \/>\n<meta property=\"og:locale\" content=\"fr_FR\" \/>\n<meta property=\"og:type\" content=\"article\" \/>\n<meta property=\"og:title\" content=\"Gilet technique runnek - Shop Runnek\" \/>\n<meta property=\"og:description\" content=\"Tissu DrySens 100 % polyamide pour une l\u00e9g\u00e8ret\u00e9 maximale et une protection contre le vent.  Ventilation maximale gr\u00e2ce \u00e0 la maille Mesh sur toute la zone dorsale.  D\u00e9tails r\u00e9fl\u00e9chissants sur la partie sup\u00e9rieure du dos.  Pratique gr\u00e2ce au syst\u00e8me KeepBag qui permet de le plier en un sac pratique \u00e0 partir de la poche lat\u00e9rale.  Poche lat\u00e9rale pratique de couleur contrast\u00e9e par rapport \u00e0 la fermeture \u00e9clair centrale.  Col haut pour se prot\u00e9ger du vent  Ajustement parfait gr\u00e2ce \u00e0 notre technologie Skin4Run.  Logo Runnek r\u00e9fl\u00e9chissant.  Incorpore la technologie FixColor pour que la couleur du maillot reste intacte apr\u00e8s le lavage.\" \/>\n<meta property=\"og:url\" content=\"https:\/\/www.runnek.fr\/shop\/p\/running-homme\/gilet\/gilet-runnek-evo\/\" \/>\n<meta property=\"og:site_name\" content=\"Shop Runnek\" \/>\n<meta property=\"article:publisher\" content=\"https:\/\/www.facebook.com\/runnekitalia\/\" \/>\n<meta property=\"article:modified_time\" content=\"2026-04-27T12:15:18+00:00\" \/>\n<meta property=\"og:image\" content=\"https:\/\/www.runnek.fr\/shop\/wp-content\/uploads\/2021\/02\/gilet-technique-runnek-evo-jaune-fluobleu-navy.jpg\" \/>\n\t<meta property=\"og:image:width\" content=\"800\" \/>\n\t<meta property=\"og:image:height\" content=\"800\" \/>\n\t<meta property=\"og:image:type\" content=\"image\/jpeg\" \/>\n<meta name=\"twitter:card\" content=\"summary_large_image\" \/>\n<meta name=\"twitter:site\" content=\"@RunnekItalia\" \/>\n<meta name=\"twitter:label1\" content=\"Dur\u00e9e de lecture estim\u00e9e\" \/>\n\t<meta name=\"twitter:data1\" content=\"1 minute\" \/>\n<script type=\"application\/ld+json\" class=\"yoast-schema-graph\">{\"@context\":\"https:\\\/\\\/schema.org\",\"@graph\":[{\"@type\":\"WebPage\",\"@id\":\"https:\\\/\\\/www.runnek.fr\\\/shop\\\/p\\\/running-homme\\\/gilet\\\/gilet-runnek-evo\\\/\",\"url\":\"https:\\\/\\\/www.runnek.fr\\\/shop\\\/p\\\/running-homme\\\/gilet\\\/gilet-runnek-evo\\\/\",\"name\":\"Gilet technique runnek - Shop Runnek\",\"isPartOf\":{\"@id\":\"https:\\\/\\\/www.runnek.fr\\\/shop\\\/#website\"},\"primaryImageOfPage\":{\"@id\":\"https:\\\/\\\/www.runnek.fr\\\/shop\\\/p\\\/running-homme\\\/gilet\\\/gilet-runnek-evo\\\/#primaryimage\"},\"image\":{\"@id\":\"https:\\\/\\\/www.runnek.fr\\\/shop\\\/p\\\/running-homme\\\/gilet\\\/gilet-runnek-evo\\\/#primaryimage\"},\"thumbnailUrl\":\"https:\\\/\\\/www.runnek.fr\\\/shop\\\/wp-content\\\/uploads\\\/2021\\\/02\\\/gilet-technique-runnek-evo-jaune-fluobleu-navy.jpg\",\"datePublished\":\"2021-02-15T09:09:10+00:00\",\"dateModified\":\"2026-04-27T12:15:18+00:00\",\"breadcrumb\":{\"@id\":\"https:\\\/\\\/www.runnek.fr\\\/shop\\\/p\\\/running-homme\\\/gilet\\\/gilet-runnek-evo\\\/#breadcrumb\"},\"inLanguage\":\"fr-FR\",\"potentialAction\":[{\"@type\":\"ReadAction\",\"target\":[\"https:\\\/\\\/www.runnek.fr\\\/shop\\\/p\\\/running-homme\\\/gilet\\\/gilet-runnek-evo\\\/\"]}]},{\"@type\":\"ImageObject\",\"inLanguage\":\"fr-FR\",\"@id\":\"https:\\\/\\\/www.runnek.fr\\\/shop\\\/p\\\/running-homme\\\/gilet\\\/gilet-runnek-evo\\\/#primaryimage\",\"url\":\"https:\\\/\\\/www.runnek.fr\\\/shop\\\/wp-content\\\/uploads\\\/2021\\\/02\\\/gilet-technique-runnek-evo-jaune-fluobleu-navy.jpg\",\"contentUrl\":\"https:\\\/\\\/www.runnek.fr\\\/shop\\\/wp-content\\\/uploads\\\/2021\\\/02\\\/gilet-technique-runnek-evo-jaune-fluobleu-navy.jpg\",\"width\":800,\"height\":800,\"caption\":\"Gilet Technique Runnek Evo Jaune Fluobleu Navy\"},{\"@type\":\"BreadcrumbList\",\"@id\":\"https:\\\/\\\/www.runnek.fr\\\/shop\\\/p\\\/running-homme\\\/gilet\\\/gilet-runnek-evo\\\/#breadcrumb\",\"itemListElement\":[{\"@type\":\"ListItem\",\"position\":1,\"name\":\"Portada\",\"item\":\"https:\\\/\\\/www.runnek.fr\\\/shop\\\/\"},{\"@type\":\"ListItem\",\"position\":2,\"name\":\"boutique\",\"item\":\"https:\\\/\\\/www.runnek.fr\\\/shop\\\/boutique\\\/\"},{\"@type\":\"ListItem\",\"position\":3,\"name\":\"Gilet technique runnek\"}]},{\"@type\":\"WebSite\",\"@id\":\"https:\\\/\\\/www.runnek.fr\\\/shop\\\/#website\",\"url\":\"https:\\\/\\\/www.runnek.fr\\\/shop\\\/\",\"name\":\"Shop Runnek\",\"description\":\"\",\"publisher\":{\"@id\":\"https:\\\/\\\/www.runnek.fr\\\/shop\\\/#organization\"},\"potentialAction\":[{\"@type\":\"SearchAction\",\"target\":{\"@type\":\"EntryPoint\",\"urlTemplate\":\"https:\\\/\\\/www.runnek.fr\\\/shop\\\/?s={search_term_string}\"},\"query-input\":{\"@type\":\"PropertyValueSpecification\",\"valueRequired\":true,\"valueName\":\"search_term_string\"}}],\"inLanguage\":\"fr-FR\"},{\"@type\":\"Organization\",\"@id\":\"https:\\\/\\\/www.runnek.fr\\\/shop\\\/#organization\",\"name\":\"Shop Runnek\",\"url\":\"https:\\\/\\\/www.runnek.fr\\\/shop\\\/\",\"logo\":{\"@type\":\"ImageObject\",\"inLanguage\":\"fr-FR\",\"@id\":\"https:\\\/\\\/www.runnek.fr\\\/shop\\\/#\\\/schema\\\/logo\\\/image\\\/\",\"url\":\"https:\\\/\\\/www.runnek.fr\\\/shop\\\/wp-content\\\/uploads\\\/2020\\\/11\\\/logo-runnek.png\",\"contentUrl\":\"https:\\\/\\\/www.runnek.fr\\\/shop\\\/wp-content\\\/uploads\\\/2020\\\/11\\\/logo-runnek.png\",\"width\":680,\"height\":252,\"caption\":\"Shop Runnek\"},\"image\":{\"@id\":\"https:\\\/\\\/www.runnek.fr\\\/shop\\\/#\\\/schema\\\/logo\\\/image\\\/\"},\"sameAs\":[\"https:\\\/\\\/www.facebook.com\\\/runnekitalia\\\/\",\"https:\\\/\\\/x.com\\\/RunnekItalia\",\"https:\\\/\\\/instagram.com\\\/runnek\",\"https:\\\/\\\/www.youtube.com\\\/user\\\/magliarunningIT\"]}]}<\/script>\n<!-- \/ Yoast SEO plugin. -->","yoast_head_json":{"title":"Gilet technique runnek - Shop Runnek","robots":{"index":"index","follow":"follow","max-snippet":"max-snippet:-1","max-image-preview":"max-image-preview:large","max-video-preview":"max-video-preview:-1"},"canonical":"https:\/\/www.runnek.fr\/shop\/p\/running-homme\/gilet\/gilet-runnek-evo\/","og_locale":"fr_FR","og_type":"article","og_title":"Gilet technique runnek - Shop Runnek","og_description":"Tissu DrySens 100 % polyamide pour une l\u00e9g\u00e8ret\u00e9 maximale et une protection contre le vent.  Ventilation maximale gr\u00e2ce \u00e0 la maille Mesh sur toute la zone dorsale.  D\u00e9tails r\u00e9fl\u00e9chissants sur la partie sup\u00e9rieure du dos.  Pratique gr\u00e2ce au syst\u00e8me KeepBag qui permet de le plier en un sac pratique \u00e0 partir de la poche lat\u00e9rale.  Poche lat\u00e9rale pratique de couleur contrast\u00e9e par rapport \u00e0 la fermeture \u00e9clair centrale.  Col haut pour se prot\u00e9ger du vent  Ajustement parfait gr\u00e2ce \u00e0 notre technologie Skin4Run.  Logo Runnek r\u00e9fl\u00e9chissant.  Incorpore la technologie FixColor pour que la couleur du maillot reste intacte apr\u00e8s le lavage.","og_url":"https:\/\/www.runnek.fr\/shop\/p\/running-homme\/gilet\/gilet-runnek-evo\/","og_site_name":"Shop Runnek","article_publisher":"https:\/\/www.facebook.com\/runnekitalia\/","article_modified_time":"2026-04-27T12:15:18+00:00","og_image":[{"width":800,"height":800,"url":"https:\/\/www.runnek.fr\/shop\/wp-content\/uploads\/2021\/02\/gilet-technique-runnek-evo-jaune-fluobleu-navy.jpg","type":"image\/jpeg"}],"twitter_card":"summary_large_image","twitter_site":"@RunnekItalia","twitter_misc":{"Dur\u00e9e de lecture estim\u00e9e":"1 minute"},"schema":{"@context":"https:\/\/schema.org","@graph":[{"@type":"WebPage","@id":"https:\/\/www.runnek.fr\/shop\/p\/running-homme\/gilet\/gilet-runnek-evo\/","url":"https:\/\/www.runnek.fr\/shop\/p\/running-homme\/gilet\/gilet-runnek-evo\/","name":"Gilet technique runnek - Shop Runnek","isPartOf":{"@id":"https:\/\/www.runnek.fr\/shop\/#website"},"primaryImageOfPage":{"@id":"https:\/\/www.runnek.fr\/shop\/p\/running-homme\/gilet\/gilet-runnek-evo\/#primaryimage"},"image":{"@id":"https:\/\/www.runnek.fr\/shop\/p\/running-homme\/gilet\/gilet-runnek-evo\/#primaryimage"},"thumbnailUrl":"https:\/\/www.runnek.fr\/shop\/wp-content\/uploads\/2021\/02\/gilet-technique-runnek-evo-jaune-fluobleu-navy.jpg","datePublished":"2021-02-15T09:09:10+00:00","dateModified":"2026-04-27T12:15:18+00:00","breadcrumb":{"@id":"https:\/\/www.runnek.fr\/shop\/p\/running-homme\/gilet\/gilet-runnek-evo\/#breadcrumb"},"inLanguage":"fr-FR","potentialAction":[{"@type":"ReadAction","target":["https:\/\/www.runnek.fr\/shop\/p\/running-homme\/gilet\/gilet-runnek-evo\/"]}]},{"@type":"ImageObject","inLanguage":"fr-FR","@id":"https:\/\/www.runnek.fr\/shop\/p\/running-homme\/gilet\/gilet-runnek-evo\/#primaryimage","url":"https:\/\/www.runnek.fr\/shop\/wp-content\/uploads\/2021\/02\/gilet-technique-runnek-evo-jaune-fluobleu-navy.jpg","contentUrl":"https:\/\/www.runnek.fr\/shop\/wp-content\/uploads\/2021\/02\/gilet-technique-runnek-evo-jaune-fluobleu-navy.jpg","width":800,"height":800,"caption":"Gilet Technique Runnek Evo Jaune Fluobleu Navy"},{"@type":"BreadcrumbList","@id":"https:\/\/www.runnek.fr\/shop\/p\/running-homme\/gilet\/gilet-runnek-evo\/#breadcrumb","itemListElement":[{"@type":"ListItem","position":1,"name":"Portada","item":"https:\/\/www.runnek.fr\/shop\/"},{"@type":"ListItem","position":2,"name":"boutique","item":"https:\/\/www.runnek.fr\/shop\/boutique\/"},{"@type":"ListItem","position":3,"name":"Gilet technique runnek"}]},{"@type":"WebSite","@id":"https:\/\/www.runnek.fr\/shop\/#website","url":"https:\/\/www.runnek.fr\/shop\/","name":"Shop Runnek","description":"","publisher":{"@id":"https:\/\/www.runnek.fr\/shop\/#organization"},"potentialAction":[{"@type":"SearchAction","target":{"@type":"EntryPoint","urlTemplate":"https:\/\/www.runnek.fr\/shop\/?s={search_term_string}"},"query-input":{"@type":"PropertyValueSpecification","valueRequired":true,"valueName":"search_term_string"}}],"inLanguage":"fr-FR"},{"@type":"Organization","@id":"https:\/\/www.runnek.fr\/shop\/#organization","name":"Shop Runnek","url":"https:\/\/www.runnek.fr\/shop\/","logo":{"@type":"ImageObject","inLanguage":"fr-FR","@id":"https:\/\/www.runnek.fr\/shop\/#\/schema\/logo\/image\/","url":"https:\/\/www.runnek.fr\/shop\/wp-content\/uploads\/2020\/11\/logo-runnek.png","contentUrl":"https:\/\/www.runnek.fr\/shop\/wp-content\/uploads\/2020\/11\/logo-runnek.png","width":680,"height":252,"caption":"Shop Runnek"},"image":{"@id":"https:\/\/www.runnek.fr\/shop\/#\/schema\/logo\/image\/"},"sameAs":["https:\/\/www.facebook.com\/runnekitalia\/","https:\/\/x.com\/RunnekItalia","https:\/\/instagram.com\/runnek","https:\/\/www.youtube.com\/user\/magliarunningIT"]}]}},"_links":{"self":[{"href":"https:\/\/www.runnek.fr\/shop\/wp-json\/wp\/v2\/product\/748","targetHints":{"allow":["GET"]}}],"collection":[{"href":"https:\/\/www.runnek.fr\/shop\/wp-json\/wp\/v2\/product"}],"about":[{"href":"https:\/\/www.runnek.fr\/shop\/wp-json\/wp\/v2\/types\/product"}],"replies":[{"embeddable":true,"href":"https:\/\/www.runnek.fr\/shop\/wp-json\/wp\/v2\/comments?post=748"}],"wp:featuredmedia":[{"embeddable":true,"href":"https:\/\/www.runnek.fr\/shop\/wp-json\/wp\/v2\/media\/3771"}],"wp:attachment":[{"href":"https:\/\/www.runnek.fr\/shop\/wp-json\/wp\/v2\/media?parent=748"}],"wp:term":[{"taxonomy":"product_brand","embeddable":true,"href":"https:\/\/www.runnek.fr\/shop\/wp-json\/wp\/v2\/product_brand?post=748"},{"taxonomy":"product_cat","embeddable":true,"href":"https:\/\/www.runnek.fr\/shop\/wp-json\/wp\/v2\/product_cat?post=748"},{"taxonomy":"product_tag","embeddable":true,"href":"https:\/\/www.runnek.fr\/shop\/wp-json\/wp\/v2\/product_tag?post=748"}],"curies":[{"name":"wp","href":"https:\/\/api.w.org\/{rel}","templated":true}]}}