{"id":698,"date":"2021-02-15T08:37:36","date_gmt":"2021-02-15T07:37:36","guid":{"rendered":"https:\/\/www.runnek.fr\/shop\/?post_type=product&#038;p=698"},"modified":"2026-04-27T14:14:32","modified_gmt":"2026-04-27T12:14:32","slug":"maillot-technique-runnek-fast-m-l-femme","status":"publish","type":"product","link":"https:\/\/www.runnek.fr\/shop\/p\/running-femme\/t-shirt-a-manches-longues-femme\/maillot-technique-runnek-fast-m-l-femme\/","title":{"rendered":"T shirt tecnique runnek fast m\/l femme"},"content":{"rendered":"<p>Le T-shirt Runnek Fast a \u00e9t\u00e9 con\u00e7u pour que chaque coureur soit \u00e0 l&rsquo;aise et prot\u00e9g\u00e9 m\u00eame pendant les journ\u00e9es les plus froides. La technologie DrySens Winter permet de maintenir une temp\u00e9rature corporelle constante, procurant une agr\u00e9able sensation de confort et de protection \u00e0 tout moment. Les zones suppl\u00e9mentaires du tissu Microtech assurent une respirabilit\u00e9 ad\u00e9quate tout en bloquant l&rsquo;air froid de l&rsquo;ext\u00e9rieur.<\/p>\n<p>&nbsp;<\/p>\n<div class=\"avia-gallery\"><a href=\"https:\/\/www.runnek.fr\/shop\/wp-content\/uploads\/2023\/06\/technologie-runnek.jpg\"><img decoding=\"async\" class=\"alignnone size-full wp-image-2276\" style=\"width: 80%; padding: 0;\" title=\"Technologie\" src=\"https:\/\/www.runnek.fr\/shop\/wp-content\/uploads\/2023\/06\/technologie.webp\" alt=\"Technologie Runnek\" \/><\/a><\/div>\n<p><\/p>\n","protected":false},"excerpt":{"rendered":"<ul>\n<li>Tissu 100 % polyester avec technologie DrySens Winter, ultra-doux et chaud<\/li>\n<li>Tissu Microtech sur le dessus et les c\u00f4t\u00e9s pour une meilleure respirabilit\u00e9 ainsi qu\u2019un s\u00e9chage rapide<\/li>\n<li>Motif g\u00e9om\u00e9trique sublim\u00e9 sur le dessus et les c\u00f4t\u00e9s.<\/li>\n<li>Coupe parfaite gr\u00e2ce \u00e0 notre technologie Skin4Run<\/li>\n<li>Coutures flatlock pour \u00e9viter les frottements.<\/li>\n<li>Logo Runnek en transfert num\u00e9rique fluorescent.<\/li>\n<li>Utilisation de la technologie FixColor pour que la couleur du maillot reste intacte  apr\u00e8s le lavage.<\/li>\n<\/ul>\n","protected":false},"featured_media":3888,"comment_status":"open","ping_status":"closed","template":"","meta":{"_acf_changed":false},"product_brand":[],"product_cat":[42],"product_tag":[],"class_list":{"0":"post-698","1":"product","2":"type-product","3":"status-publish","4":"has-post-thumbnail","6":"product_cat-t-shirt-a-manches-longues-femme","8":"first","9":"instock","10":"taxable","11":"shipping-taxable","12":"purchasable","13":"product-type-variable","14":"wvs-archive-product-wrapper"},"acf":[],"yoast_head":"<!-- This site is optimized with the Yoast SEO plugin v27.3 - https:\/\/yoast.com\/product\/yoast-seo-wordpress\/ -->\n<title>T shirt tecnique runnek fast m\/l femme - Shop Runnek<\/title>\n<meta name=\"robots\" content=\"index, follow, max-snippet:-1, max-image-preview:large, max-video-preview:-1\" \/>\n<link rel=\"canonical\" href=\"https:\/\/www.runnek.fr\/shop\/p\/running-femme\/t-shirt-a-manches-longues-femme\/maillot-technique-runnek-fast-m-l-femme\/\" \/>\n<meta property=\"og:locale\" content=\"fr_FR\" \/>\n<meta property=\"og:type\" content=\"article\" \/>\n<meta property=\"og:title\" content=\"T shirt tecnique runnek fast m\/l femme - Shop Runnek\" \/>\n<meta property=\"og:description\" content=\"Tissu 100 % polyester avec technologie DrySens Winter, ultra-doux et chaud Tissu Microtech sur le dessus et les c\u00f4t\u00e9s pour une meilleure respirabilit\u00e9 ainsi qu\u2019un s\u00e9chage rapide Motif g\u00e9om\u00e9trique sublim\u00e9 sur le dessus et les c\u00f4t\u00e9s. Coupe parfaite gr\u00e2ce \u00e0 notre technologie Skin4Run Coutures flatlock pour \u00e9viter les frottements. Logo Runnek en transfert num\u00e9rique fluorescent. Utilisation de la technologie FixColor pour que la couleur du maillot reste intacte apr\u00e8s le lavage.\" \/>\n<meta property=\"og:url\" content=\"https:\/\/www.runnek.fr\/shop\/p\/running-femme\/t-shirt-a-manches-longues-femme\/maillot-technique-runnek-fast-m-l-femme\/\" \/>\n<meta property=\"og:site_name\" content=\"Shop Runnek\" \/>\n<meta property=\"article:publisher\" content=\"https:\/\/www.facebook.com\/runnekitalia\/\" \/>\n<meta property=\"article:modified_time\" content=\"2026-04-27T12:14:32+00:00\" \/>\n<meta property=\"og:image\" content=\"https:\/\/www.runnek.fr\/shop\/wp-content\/uploads\/2021\/02\/runnek-fast-femme-rose-3.jpg\" \/>\n\t<meta property=\"og:image:width\" content=\"800\" \/>\n\t<meta property=\"og:image:height\" content=\"800\" \/>\n\t<meta property=\"og:image:type\" content=\"image\/jpeg\" \/>\n<meta name=\"twitter:card\" content=\"summary_large_image\" \/>\n<meta name=\"twitter:site\" content=\"@RunnekItalia\" \/>\n<script type=\"application\/ld+json\" class=\"yoast-schema-graph\">{\"@context\":\"https:\\\/\\\/schema.org\",\"@graph\":[{\"@type\":\"WebPage\",\"@id\":\"https:\\\/\\\/www.runnek.fr\\\/shop\\\/p\\\/running-femme\\\/t-shirt-a-manches-longues-femme\\\/maillot-technique-runnek-fast-m-l-femme\\\/\",\"url\":\"https:\\\/\\\/www.runnek.fr\\\/shop\\\/p\\\/running-femme\\\/t-shirt-a-manches-longues-femme\\\/maillot-technique-runnek-fast-m-l-femme\\\/\",\"name\":\"T shirt tecnique runnek fast m\\\/l femme - Shop Runnek\",\"isPartOf\":{\"@id\":\"https:\\\/\\\/www.runnek.fr\\\/shop\\\/#website\"},\"primaryImageOfPage\":{\"@id\":\"https:\\\/\\\/www.runnek.fr\\\/shop\\\/p\\\/running-femme\\\/t-shirt-a-manches-longues-femme\\\/maillot-technique-runnek-fast-m-l-femme\\\/#primaryimage\"},\"image\":{\"@id\":\"https:\\\/\\\/www.runnek.fr\\\/shop\\\/p\\\/running-femme\\\/t-shirt-a-manches-longues-femme\\\/maillot-technique-runnek-fast-m-l-femme\\\/#primaryimage\"},\"thumbnailUrl\":\"https:\\\/\\\/www.runnek.fr\\\/shop\\\/wp-content\\\/uploads\\\/2021\\\/02\\\/runnek-fast-femme-rose-3.jpg\",\"datePublished\":\"2021-02-15T07:37:36+00:00\",\"dateModified\":\"2026-04-27T12:14:32+00:00\",\"breadcrumb\":{\"@id\":\"https:\\\/\\\/www.runnek.fr\\\/shop\\\/p\\\/running-femme\\\/t-shirt-a-manches-longues-femme\\\/maillot-technique-runnek-fast-m-l-femme\\\/#breadcrumb\"},\"inLanguage\":\"fr-FR\",\"potentialAction\":[{\"@type\":\"ReadAction\",\"target\":[\"https:\\\/\\\/www.runnek.fr\\\/shop\\\/p\\\/running-femme\\\/t-shirt-a-manches-longues-femme\\\/maillot-technique-runnek-fast-m-l-femme\\\/\"]}]},{\"@type\":\"ImageObject\",\"inLanguage\":\"fr-FR\",\"@id\":\"https:\\\/\\\/www.runnek.fr\\\/shop\\\/p\\\/running-femme\\\/t-shirt-a-manches-longues-femme\\\/maillot-technique-runnek-fast-m-l-femme\\\/#primaryimage\",\"url\":\"https:\\\/\\\/www.runnek.fr\\\/shop\\\/wp-content\\\/uploads\\\/2021\\\/02\\\/runnek-fast-femme-rose-3.jpg\",\"contentUrl\":\"https:\\\/\\\/www.runnek.fr\\\/shop\\\/wp-content\\\/uploads\\\/2021\\\/02\\\/runnek-fast-femme-rose-3.jpg\",\"width\":800,\"height\":800,\"caption\":\"Runnek Fast Femme Rose\"},{\"@type\":\"BreadcrumbList\",\"@id\":\"https:\\\/\\\/www.runnek.fr\\\/shop\\\/p\\\/running-femme\\\/t-shirt-a-manches-longues-femme\\\/maillot-technique-runnek-fast-m-l-femme\\\/#breadcrumb\",\"itemListElement\":[{\"@type\":\"ListItem\",\"position\":1,\"name\":\"Portada\",\"item\":\"https:\\\/\\\/www.runnek.fr\\\/shop\\\/\"},{\"@type\":\"ListItem\",\"position\":2,\"name\":\"boutique\",\"item\":\"https:\\\/\\\/www.runnek.fr\\\/shop\\\/boutique\\\/\"},{\"@type\":\"ListItem\",\"position\":3,\"name\":\"T shirt tecnique runnek fast m\\\/l femme\"}]},{\"@type\":\"WebSite\",\"@id\":\"https:\\\/\\\/www.runnek.fr\\\/shop\\\/#website\",\"url\":\"https:\\\/\\\/www.runnek.fr\\\/shop\\\/\",\"name\":\"Shop Runnek\",\"description\":\"\",\"publisher\":{\"@id\":\"https:\\\/\\\/www.runnek.fr\\\/shop\\\/#organization\"},\"potentialAction\":[{\"@type\":\"SearchAction\",\"target\":{\"@type\":\"EntryPoint\",\"urlTemplate\":\"https:\\\/\\\/www.runnek.fr\\\/shop\\\/?s={search_term_string}\"},\"query-input\":{\"@type\":\"PropertyValueSpecification\",\"valueRequired\":true,\"valueName\":\"search_term_string\"}}],\"inLanguage\":\"fr-FR\"},{\"@type\":\"Organization\",\"@id\":\"https:\\\/\\\/www.runnek.fr\\\/shop\\\/#organization\",\"name\":\"Shop Runnek\",\"url\":\"https:\\\/\\\/www.runnek.fr\\\/shop\\\/\",\"logo\":{\"@type\":\"ImageObject\",\"inLanguage\":\"fr-FR\",\"@id\":\"https:\\\/\\\/www.runnek.fr\\\/shop\\\/#\\\/schema\\\/logo\\\/image\\\/\",\"url\":\"https:\\\/\\\/www.runnek.fr\\\/shop\\\/wp-content\\\/uploads\\\/2020\\\/11\\\/logo-runnek.png\",\"contentUrl\":\"https:\\\/\\\/www.runnek.fr\\\/shop\\\/wp-content\\\/uploads\\\/2020\\\/11\\\/logo-runnek.png\",\"width\":680,\"height\":252,\"caption\":\"Shop Runnek\"},\"image\":{\"@id\":\"https:\\\/\\\/www.runnek.fr\\\/shop\\\/#\\\/schema\\\/logo\\\/image\\\/\"},\"sameAs\":[\"https:\\\/\\\/www.facebook.com\\\/runnekitalia\\\/\",\"https:\\\/\\\/x.com\\\/RunnekItalia\",\"https:\\\/\\\/instagram.com\\\/runnek\",\"https:\\\/\\\/www.youtube.com\\\/user\\\/magliarunningIT\"]}]}<\/script>\n<!-- \/ Yoast SEO plugin. -->","yoast_head_json":{"title":"T shirt tecnique runnek fast m\/l femme - Shop Runnek","robots":{"index":"index","follow":"follow","max-snippet":"max-snippet:-1","max-image-preview":"max-image-preview:large","max-video-preview":"max-video-preview:-1"},"canonical":"https:\/\/www.runnek.fr\/shop\/p\/running-femme\/t-shirt-a-manches-longues-femme\/maillot-technique-runnek-fast-m-l-femme\/","og_locale":"fr_FR","og_type":"article","og_title":"T shirt tecnique runnek fast m\/l femme - Shop Runnek","og_description":"Tissu 100 % polyester avec technologie DrySens Winter, ultra-doux et chaud Tissu Microtech sur le dessus et les c\u00f4t\u00e9s pour une meilleure respirabilit\u00e9 ainsi qu\u2019un s\u00e9chage rapide Motif g\u00e9om\u00e9trique sublim\u00e9 sur le dessus et les c\u00f4t\u00e9s. Coupe parfaite gr\u00e2ce \u00e0 notre technologie Skin4Run Coutures flatlock pour \u00e9viter les frottements. Logo Runnek en transfert num\u00e9rique fluorescent. Utilisation de la technologie FixColor pour que la couleur du maillot reste intacte apr\u00e8s le lavage.","og_url":"https:\/\/www.runnek.fr\/shop\/p\/running-femme\/t-shirt-a-manches-longues-femme\/maillot-technique-runnek-fast-m-l-femme\/","og_site_name":"Shop Runnek","article_publisher":"https:\/\/www.facebook.com\/runnekitalia\/","article_modified_time":"2026-04-27T12:14:32+00:00","og_image":[{"width":800,"height":800,"url":"https:\/\/www.runnek.fr\/shop\/wp-content\/uploads\/2021\/02\/runnek-fast-femme-rose-3.jpg","type":"image\/jpeg"}],"twitter_card":"summary_large_image","twitter_site":"@RunnekItalia","schema":{"@context":"https:\/\/schema.org","@graph":[{"@type":"WebPage","@id":"https:\/\/www.runnek.fr\/shop\/p\/running-femme\/t-shirt-a-manches-longues-femme\/maillot-technique-runnek-fast-m-l-femme\/","url":"https:\/\/www.runnek.fr\/shop\/p\/running-femme\/t-shirt-a-manches-longues-femme\/maillot-technique-runnek-fast-m-l-femme\/","name":"T shirt tecnique runnek fast m\/l femme - Shop Runnek","isPartOf":{"@id":"https:\/\/www.runnek.fr\/shop\/#website"},"primaryImageOfPage":{"@id":"https:\/\/www.runnek.fr\/shop\/p\/running-femme\/t-shirt-a-manches-longues-femme\/maillot-technique-runnek-fast-m-l-femme\/#primaryimage"},"image":{"@id":"https:\/\/www.runnek.fr\/shop\/p\/running-femme\/t-shirt-a-manches-longues-femme\/maillot-technique-runnek-fast-m-l-femme\/#primaryimage"},"thumbnailUrl":"https:\/\/www.runnek.fr\/shop\/wp-content\/uploads\/2021\/02\/runnek-fast-femme-rose-3.jpg","datePublished":"2021-02-15T07:37:36+00:00","dateModified":"2026-04-27T12:14:32+00:00","breadcrumb":{"@id":"https:\/\/www.runnek.fr\/shop\/p\/running-femme\/t-shirt-a-manches-longues-femme\/maillot-technique-runnek-fast-m-l-femme\/#breadcrumb"},"inLanguage":"fr-FR","potentialAction":[{"@type":"ReadAction","target":["https:\/\/www.runnek.fr\/shop\/p\/running-femme\/t-shirt-a-manches-longues-femme\/maillot-technique-runnek-fast-m-l-femme\/"]}]},{"@type":"ImageObject","inLanguage":"fr-FR","@id":"https:\/\/www.runnek.fr\/shop\/p\/running-femme\/t-shirt-a-manches-longues-femme\/maillot-technique-runnek-fast-m-l-femme\/#primaryimage","url":"https:\/\/www.runnek.fr\/shop\/wp-content\/uploads\/2021\/02\/runnek-fast-femme-rose-3.jpg","contentUrl":"https:\/\/www.runnek.fr\/shop\/wp-content\/uploads\/2021\/02\/runnek-fast-femme-rose-3.jpg","width":800,"height":800,"caption":"Runnek Fast Femme Rose"},{"@type":"BreadcrumbList","@id":"https:\/\/www.runnek.fr\/shop\/p\/running-femme\/t-shirt-a-manches-longues-femme\/maillot-technique-runnek-fast-m-l-femme\/#breadcrumb","itemListElement":[{"@type":"ListItem","position":1,"name":"Portada","item":"https:\/\/www.runnek.fr\/shop\/"},{"@type":"ListItem","position":2,"name":"boutique","item":"https:\/\/www.runnek.fr\/shop\/boutique\/"},{"@type":"ListItem","position":3,"name":"T shirt tecnique runnek fast m\/l femme"}]},{"@type":"WebSite","@id":"https:\/\/www.runnek.fr\/shop\/#website","url":"https:\/\/www.runnek.fr\/shop\/","name":"Shop Runnek","description":"","publisher":{"@id":"https:\/\/www.runnek.fr\/shop\/#organization"},"potentialAction":[{"@type":"SearchAction","target":{"@type":"EntryPoint","urlTemplate":"https:\/\/www.runnek.fr\/shop\/?s={search_term_string}"},"query-input":{"@type":"PropertyValueSpecification","valueRequired":true,"valueName":"search_term_string"}}],"inLanguage":"fr-FR"},{"@type":"Organization","@id":"https:\/\/www.runnek.fr\/shop\/#organization","name":"Shop Runnek","url":"https:\/\/www.runnek.fr\/shop\/","logo":{"@type":"ImageObject","inLanguage":"fr-FR","@id":"https:\/\/www.runnek.fr\/shop\/#\/schema\/logo\/image\/","url":"https:\/\/www.runnek.fr\/shop\/wp-content\/uploads\/2020\/11\/logo-runnek.png","contentUrl":"https:\/\/www.runnek.fr\/shop\/wp-content\/uploads\/2020\/11\/logo-runnek.png","width":680,"height":252,"caption":"Shop Runnek"},"image":{"@id":"https:\/\/www.runnek.fr\/shop\/#\/schema\/logo\/image\/"},"sameAs":["https:\/\/www.facebook.com\/runnekitalia\/","https:\/\/x.com\/RunnekItalia","https:\/\/instagram.com\/runnek","https:\/\/www.youtube.com\/user\/magliarunningIT"]}]}},"_links":{"self":[{"href":"https:\/\/www.runnek.fr\/shop\/wp-json\/wp\/v2\/product\/698","targetHints":{"allow":["GET"]}}],"collection":[{"href":"https:\/\/www.runnek.fr\/shop\/wp-json\/wp\/v2\/product"}],"about":[{"href":"https:\/\/www.runnek.fr\/shop\/wp-json\/wp\/v2\/types\/product"}],"replies":[{"embeddable":true,"href":"https:\/\/www.runnek.fr\/shop\/wp-json\/wp\/v2\/comments?post=698"}],"wp:featuredmedia":[{"embeddable":true,"href":"https:\/\/www.runnek.fr\/shop\/wp-json\/wp\/v2\/media\/3888"}],"wp:attachment":[{"href":"https:\/\/www.runnek.fr\/shop\/wp-json\/wp\/v2\/media?parent=698"}],"wp:term":[{"taxonomy":"product_brand","embeddable":true,"href":"https:\/\/www.runnek.fr\/shop\/wp-json\/wp\/v2\/product_brand?post=698"},{"taxonomy":"product_cat","embeddable":true,"href":"https:\/\/www.runnek.fr\/shop\/wp-json\/wp\/v2\/product_cat?post=698"},{"taxonomy":"product_tag","embeddable":true,"href":"https:\/\/www.runnek.fr\/shop\/wp-json\/wp\/v2\/product_tag?post=698"}],"curies":[{"name":"wp","href":"https:\/\/api.w.org\/{rel}","templated":true}]}}