{"id":681,"date":"2021-02-12T17:12:57","date_gmt":"2021-02-12T16:12:57","guid":{"rendered":"https:\/\/www.runnek.fr\/shop\/?post_type=product&#038;p=681"},"modified":"2026-04-27T14:14:13","modified_gmt":"2026-04-27T12:14:13","slug":"debardeur-femme-cube","status":"publish","type":"product","link":"https:\/\/www.runnek.fr\/shop\/p\/running-femme\/debardeur-femme\/debardeur-femme-cube\/","title":{"rendered":"Debardeur runnek cube femme"},"content":{"rendered":"<p>Cr\u00e9\u00e9 pour les coureuses les plus exigeantes, le d\u00e9bardeur d\u2019athl\u00e9tisme Runnek Cube offre un style sportif et dynamique pour atteindre l&rsquo;excellence dans vos performances. La silhouette souple et \u00e9vas\u00e9e, avec une zone suppl\u00e9mentaire de tissu hautement respirant sur le c\u00f4t\u00e9, s&rsquo;adapte \u00e0 la forme et aux mouvements de votre corps, vous procurant une sensation de fra\u00eecheur extr\u00eame l\u00e0 o\u00f9 vous en avez le plus besoin.<\/p>\n<p>&nbsp;<\/p>\n<div class=\"avia-gallery\"><a href=\"https:\/\/www.runnek.fr\/shop\/wp-content\/uploads\/2023\/06\/technologie-runnek.jpg\"><img decoding=\"async\" class=\"alignnone size-full wp-image-2276\" style=\"width: 80%; padding: 0;\" title=\"Technologie\" src=\"https:\/\/www.runnek.fr\/shop\/wp-content\/uploads\/2023\/06\/technologie.webp\" alt=\"Technologie Runnek\" \/><\/a><\/div>\n","protected":false},"excerpt":{"rendered":"<ul>\n<li>Technologie DrySens et tissu 100 % polyester qui apporte l\u00e9g\u00e8ret\u00e9 et douceur extr\u00eame \u00e0 votre corps.<\/li>\n<li>Fabriqu\u00e9 avec un tissu sp\u00e9cial Microtech qui assure une grande respirabilit\u00e9 et un s\u00e9chage rapide de la transpiration.<\/li>\n<li>\u00c9vite les irritations gr\u00e2ce \u00e0 ses coutures plates.<\/li>\n<li>Motif g\u00e9om\u00e9trique sublim\u00e9 sur le dessus et les c\u00f4t\u00e9s.<\/li>\n<li>Profitez d&rsquo;un ajustement parfait gr\u00e2ce \u00e0 notre technologie Skin4Run.<\/li>\n<li>Ne vous souciez pas de la couleur. Gr\u00e2ce \u00e0 la technologie FixColor, le T-shirt reste inchang\u00e9 apr\u00e8s le lavage.<\/li>\n<\/ul>\n","protected":false},"featured_media":3537,"comment_status":"open","ping_status":"closed","template":"","meta":{"_acf_changed":false},"product_brand":[],"product_cat":[43],"product_tag":[],"class_list":{"0":"post-681","1":"product","2":"type-product","3":"status-publish","4":"has-post-thumbnail","6":"product_cat-debardeur-femme","8":"first","9":"instock","10":"taxable","11":"shipping-taxable","12":"purchasable","13":"product-type-variable","14":"wvs-archive-product-wrapper"},"acf":[],"yoast_head":"<!-- This site is optimized with the Yoast SEO plugin v27.3 - https:\/\/yoast.com\/product\/yoast-seo-wordpress\/ -->\n<title>Debardeur runnek cube femme - Shop Runnek<\/title>\n<meta name=\"robots\" content=\"index, follow, max-snippet:-1, max-image-preview:large, max-video-preview:-1\" \/>\n<link rel=\"canonical\" href=\"https:\/\/www.runnek.fr\/shop\/p\/running-femme\/debardeur-femme\/debardeur-femme-cube\/\" \/>\n<meta property=\"og:locale\" content=\"fr_FR\" \/>\n<meta property=\"og:type\" content=\"article\" \/>\n<meta property=\"og:title\" content=\"Debardeur runnek cube femme - Shop Runnek\" \/>\n<meta property=\"og:description\" content=\"Technologie DrySens et tissu 100 % polyester qui apporte l\u00e9g\u00e8ret\u00e9 et douceur extr\u00eame \u00e0 votre corps. Fabriqu\u00e9 avec un tissu sp\u00e9cial Microtech qui assure une grande respirabilit\u00e9 et un s\u00e9chage rapide de la transpiration. \u00c9vite les irritations gr\u00e2ce \u00e0 ses coutures plates. Motif g\u00e9om\u00e9trique sublim\u00e9 sur le dessus et les c\u00f4t\u00e9s. Profitez d&#039;un ajustement parfait gr\u00e2ce \u00e0 notre technologie Skin4Run. Ne vous souciez pas de la couleur. Gr\u00e2ce \u00e0 la technologie FixColor, le T-shirt reste inchang\u00e9 apr\u00e8s le lavage.\" \/>\n<meta property=\"og:url\" content=\"https:\/\/www.runnek.fr\/shop\/p\/running-femme\/debardeur-femme\/debardeur-femme-cube\/\" \/>\n<meta property=\"og:site_name\" content=\"Shop Runnek\" \/>\n<meta property=\"article:publisher\" content=\"https:\/\/www.facebook.com\/runnekitalia\/\" \/>\n<meta property=\"article:modified_time\" content=\"2026-04-27T12:14:13+00:00\" \/>\n<meta property=\"og:image\" content=\"https:\/\/www.runnek.fr\/shop\/wp-content\/uploads\/2021\/02\/debardeur-runnek-cube-femme-verte.jpg\" \/>\n\t<meta property=\"og:image:width\" content=\"800\" \/>\n\t<meta property=\"og:image:height\" content=\"800\" \/>\n\t<meta property=\"og:image:type\" content=\"image\/jpeg\" \/>\n<meta name=\"twitter:card\" content=\"summary_large_image\" \/>\n<meta name=\"twitter:site\" content=\"@RunnekItalia\" \/>\n<meta name=\"twitter:label1\" content=\"Dur\u00e9e de lecture estim\u00e9e\" \/>\n\t<meta name=\"twitter:data1\" content=\"1 minute\" \/>\n<script type=\"application\/ld+json\" class=\"yoast-schema-graph\">{\"@context\":\"https:\\\/\\\/schema.org\",\"@graph\":[{\"@type\":\"WebPage\",\"@id\":\"https:\\\/\\\/www.runnek.fr\\\/shop\\\/p\\\/running-femme\\\/debardeur-femme\\\/debardeur-femme-cube\\\/\",\"url\":\"https:\\\/\\\/www.runnek.fr\\\/shop\\\/p\\\/running-femme\\\/debardeur-femme\\\/debardeur-femme-cube\\\/\",\"name\":\"Debardeur runnek cube femme - Shop Runnek\",\"isPartOf\":{\"@id\":\"https:\\\/\\\/www.runnek.fr\\\/shop\\\/#website\"},\"primaryImageOfPage\":{\"@id\":\"https:\\\/\\\/www.runnek.fr\\\/shop\\\/p\\\/running-femme\\\/debardeur-femme\\\/debardeur-femme-cube\\\/#primaryimage\"},\"image\":{\"@id\":\"https:\\\/\\\/www.runnek.fr\\\/shop\\\/p\\\/running-femme\\\/debardeur-femme\\\/debardeur-femme-cube\\\/#primaryimage\"},\"thumbnailUrl\":\"https:\\\/\\\/www.runnek.fr\\\/shop\\\/wp-content\\\/uploads\\\/2021\\\/02\\\/debardeur-runnek-cube-femme-verte.jpg\",\"datePublished\":\"2021-02-12T16:12:57+00:00\",\"dateModified\":\"2026-04-27T12:14:13+00:00\",\"breadcrumb\":{\"@id\":\"https:\\\/\\\/www.runnek.fr\\\/shop\\\/p\\\/running-femme\\\/debardeur-femme\\\/debardeur-femme-cube\\\/#breadcrumb\"},\"inLanguage\":\"fr-FR\",\"potentialAction\":[{\"@type\":\"ReadAction\",\"target\":[\"https:\\\/\\\/www.runnek.fr\\\/shop\\\/p\\\/running-femme\\\/debardeur-femme\\\/debardeur-femme-cube\\\/\"]}]},{\"@type\":\"ImageObject\",\"inLanguage\":\"fr-FR\",\"@id\":\"https:\\\/\\\/www.runnek.fr\\\/shop\\\/p\\\/running-femme\\\/debardeur-femme\\\/debardeur-femme-cube\\\/#primaryimage\",\"url\":\"https:\\\/\\\/www.runnek.fr\\\/shop\\\/wp-content\\\/uploads\\\/2021\\\/02\\\/debardeur-runnek-cube-femme-verte.jpg\",\"contentUrl\":\"https:\\\/\\\/www.runnek.fr\\\/shop\\\/wp-content\\\/uploads\\\/2021\\\/02\\\/debardeur-runnek-cube-femme-verte.jpg\",\"width\":800,\"height\":800,\"caption\":\"Debardeur Runnek Cube Femme Verte\"},{\"@type\":\"BreadcrumbList\",\"@id\":\"https:\\\/\\\/www.runnek.fr\\\/shop\\\/p\\\/running-femme\\\/debardeur-femme\\\/debardeur-femme-cube\\\/#breadcrumb\",\"itemListElement\":[{\"@type\":\"ListItem\",\"position\":1,\"name\":\"Portada\",\"item\":\"https:\\\/\\\/www.runnek.fr\\\/shop\\\/\"},{\"@type\":\"ListItem\",\"position\":2,\"name\":\"boutique\",\"item\":\"https:\\\/\\\/www.runnek.fr\\\/shop\\\/boutique\\\/\"},{\"@type\":\"ListItem\",\"position\":3,\"name\":\"Debardeur runnek cube femme\"}]},{\"@type\":\"WebSite\",\"@id\":\"https:\\\/\\\/www.runnek.fr\\\/shop\\\/#website\",\"url\":\"https:\\\/\\\/www.runnek.fr\\\/shop\\\/\",\"name\":\"Shop Runnek\",\"description\":\"\",\"publisher\":{\"@id\":\"https:\\\/\\\/www.runnek.fr\\\/shop\\\/#organization\"},\"potentialAction\":[{\"@type\":\"SearchAction\",\"target\":{\"@type\":\"EntryPoint\",\"urlTemplate\":\"https:\\\/\\\/www.runnek.fr\\\/shop\\\/?s={search_term_string}\"},\"query-input\":{\"@type\":\"PropertyValueSpecification\",\"valueRequired\":true,\"valueName\":\"search_term_string\"}}],\"inLanguage\":\"fr-FR\"},{\"@type\":\"Organization\",\"@id\":\"https:\\\/\\\/www.runnek.fr\\\/shop\\\/#organization\",\"name\":\"Shop Runnek\",\"url\":\"https:\\\/\\\/www.runnek.fr\\\/shop\\\/\",\"logo\":{\"@type\":\"ImageObject\",\"inLanguage\":\"fr-FR\",\"@id\":\"https:\\\/\\\/www.runnek.fr\\\/shop\\\/#\\\/schema\\\/logo\\\/image\\\/\",\"url\":\"https:\\\/\\\/www.runnek.fr\\\/shop\\\/wp-content\\\/uploads\\\/2020\\\/11\\\/logo-runnek.png\",\"contentUrl\":\"https:\\\/\\\/www.runnek.fr\\\/shop\\\/wp-content\\\/uploads\\\/2020\\\/11\\\/logo-runnek.png\",\"width\":680,\"height\":252,\"caption\":\"Shop Runnek\"},\"image\":{\"@id\":\"https:\\\/\\\/www.runnek.fr\\\/shop\\\/#\\\/schema\\\/logo\\\/image\\\/\"},\"sameAs\":[\"https:\\\/\\\/www.facebook.com\\\/runnekitalia\\\/\",\"https:\\\/\\\/x.com\\\/RunnekItalia\",\"https:\\\/\\\/instagram.com\\\/runnek\",\"https:\\\/\\\/www.youtube.com\\\/user\\\/magliarunningIT\"]}]}<\/script>\n<!-- \/ Yoast SEO plugin. -->","yoast_head_json":{"title":"Debardeur runnek cube femme - Shop Runnek","robots":{"index":"index","follow":"follow","max-snippet":"max-snippet:-1","max-image-preview":"max-image-preview:large","max-video-preview":"max-video-preview:-1"},"canonical":"https:\/\/www.runnek.fr\/shop\/p\/running-femme\/debardeur-femme\/debardeur-femme-cube\/","og_locale":"fr_FR","og_type":"article","og_title":"Debardeur runnek cube femme - Shop Runnek","og_description":"Technologie DrySens et tissu 100 % polyester qui apporte l\u00e9g\u00e8ret\u00e9 et douceur extr\u00eame \u00e0 votre corps. Fabriqu\u00e9 avec un tissu sp\u00e9cial Microtech qui assure une grande respirabilit\u00e9 et un s\u00e9chage rapide de la transpiration. \u00c9vite les irritations gr\u00e2ce \u00e0 ses coutures plates. Motif g\u00e9om\u00e9trique sublim\u00e9 sur le dessus et les c\u00f4t\u00e9s. Profitez d'un ajustement parfait gr\u00e2ce \u00e0 notre technologie Skin4Run. Ne vous souciez pas de la couleur. Gr\u00e2ce \u00e0 la technologie FixColor, le T-shirt reste inchang\u00e9 apr\u00e8s le lavage.","og_url":"https:\/\/www.runnek.fr\/shop\/p\/running-femme\/debardeur-femme\/debardeur-femme-cube\/","og_site_name":"Shop Runnek","article_publisher":"https:\/\/www.facebook.com\/runnekitalia\/","article_modified_time":"2026-04-27T12:14:13+00:00","og_image":[{"width":800,"height":800,"url":"https:\/\/www.runnek.fr\/shop\/wp-content\/uploads\/2021\/02\/debardeur-runnek-cube-femme-verte.jpg","type":"image\/jpeg"}],"twitter_card":"summary_large_image","twitter_site":"@RunnekItalia","twitter_misc":{"Dur\u00e9e de lecture estim\u00e9e":"1 minute"},"schema":{"@context":"https:\/\/schema.org","@graph":[{"@type":"WebPage","@id":"https:\/\/www.runnek.fr\/shop\/p\/running-femme\/debardeur-femme\/debardeur-femme-cube\/","url":"https:\/\/www.runnek.fr\/shop\/p\/running-femme\/debardeur-femme\/debardeur-femme-cube\/","name":"Debardeur runnek cube femme - Shop Runnek","isPartOf":{"@id":"https:\/\/www.runnek.fr\/shop\/#website"},"primaryImageOfPage":{"@id":"https:\/\/www.runnek.fr\/shop\/p\/running-femme\/debardeur-femme\/debardeur-femme-cube\/#primaryimage"},"image":{"@id":"https:\/\/www.runnek.fr\/shop\/p\/running-femme\/debardeur-femme\/debardeur-femme-cube\/#primaryimage"},"thumbnailUrl":"https:\/\/www.runnek.fr\/shop\/wp-content\/uploads\/2021\/02\/debardeur-runnek-cube-femme-verte.jpg","datePublished":"2021-02-12T16:12:57+00:00","dateModified":"2026-04-27T12:14:13+00:00","breadcrumb":{"@id":"https:\/\/www.runnek.fr\/shop\/p\/running-femme\/debardeur-femme\/debardeur-femme-cube\/#breadcrumb"},"inLanguage":"fr-FR","potentialAction":[{"@type":"ReadAction","target":["https:\/\/www.runnek.fr\/shop\/p\/running-femme\/debardeur-femme\/debardeur-femme-cube\/"]}]},{"@type":"ImageObject","inLanguage":"fr-FR","@id":"https:\/\/www.runnek.fr\/shop\/p\/running-femme\/debardeur-femme\/debardeur-femme-cube\/#primaryimage","url":"https:\/\/www.runnek.fr\/shop\/wp-content\/uploads\/2021\/02\/debardeur-runnek-cube-femme-verte.jpg","contentUrl":"https:\/\/www.runnek.fr\/shop\/wp-content\/uploads\/2021\/02\/debardeur-runnek-cube-femme-verte.jpg","width":800,"height":800,"caption":"Debardeur Runnek Cube Femme Verte"},{"@type":"BreadcrumbList","@id":"https:\/\/www.runnek.fr\/shop\/p\/running-femme\/debardeur-femme\/debardeur-femme-cube\/#breadcrumb","itemListElement":[{"@type":"ListItem","position":1,"name":"Portada","item":"https:\/\/www.runnek.fr\/shop\/"},{"@type":"ListItem","position":2,"name":"boutique","item":"https:\/\/www.runnek.fr\/shop\/boutique\/"},{"@type":"ListItem","position":3,"name":"Debardeur runnek cube femme"}]},{"@type":"WebSite","@id":"https:\/\/www.runnek.fr\/shop\/#website","url":"https:\/\/www.runnek.fr\/shop\/","name":"Shop Runnek","description":"","publisher":{"@id":"https:\/\/www.runnek.fr\/shop\/#organization"},"potentialAction":[{"@type":"SearchAction","target":{"@type":"EntryPoint","urlTemplate":"https:\/\/www.runnek.fr\/shop\/?s={search_term_string}"},"query-input":{"@type":"PropertyValueSpecification","valueRequired":true,"valueName":"search_term_string"}}],"inLanguage":"fr-FR"},{"@type":"Organization","@id":"https:\/\/www.runnek.fr\/shop\/#organization","name":"Shop Runnek","url":"https:\/\/www.runnek.fr\/shop\/","logo":{"@type":"ImageObject","inLanguage":"fr-FR","@id":"https:\/\/www.runnek.fr\/shop\/#\/schema\/logo\/image\/","url":"https:\/\/www.runnek.fr\/shop\/wp-content\/uploads\/2020\/11\/logo-runnek.png","contentUrl":"https:\/\/www.runnek.fr\/shop\/wp-content\/uploads\/2020\/11\/logo-runnek.png","width":680,"height":252,"caption":"Shop Runnek"},"image":{"@id":"https:\/\/www.runnek.fr\/shop\/#\/schema\/logo\/image\/"},"sameAs":["https:\/\/www.facebook.com\/runnekitalia\/","https:\/\/x.com\/RunnekItalia","https:\/\/instagram.com\/runnek","https:\/\/www.youtube.com\/user\/magliarunningIT"]}]}},"_links":{"self":[{"href":"https:\/\/www.runnek.fr\/shop\/wp-json\/wp\/v2\/product\/681","targetHints":{"allow":["GET"]}}],"collection":[{"href":"https:\/\/www.runnek.fr\/shop\/wp-json\/wp\/v2\/product"}],"about":[{"href":"https:\/\/www.runnek.fr\/shop\/wp-json\/wp\/v2\/types\/product"}],"replies":[{"embeddable":true,"href":"https:\/\/www.runnek.fr\/shop\/wp-json\/wp\/v2\/comments?post=681"}],"wp:featuredmedia":[{"embeddable":true,"href":"https:\/\/www.runnek.fr\/shop\/wp-json\/wp\/v2\/media\/3537"}],"wp:attachment":[{"href":"https:\/\/www.runnek.fr\/shop\/wp-json\/wp\/v2\/media?parent=681"}],"wp:term":[{"taxonomy":"product_brand","embeddable":true,"href":"https:\/\/www.runnek.fr\/shop\/wp-json\/wp\/v2\/product_brand?post=681"},{"taxonomy":"product_cat","embeddable":true,"href":"https:\/\/www.runnek.fr\/shop\/wp-json\/wp\/v2\/product_cat?post=681"},{"taxonomy":"product_tag","embeddable":true,"href":"https:\/\/www.runnek.fr\/shop\/wp-json\/wp\/v2\/product_tag?post=681"}],"curies":[{"name":"wp","href":"https:\/\/api.w.org\/{rel}","templated":true}]}}