{"id":618,"date":"2021-02-12T16:33:53","date_gmt":"2021-02-12T15:33:53","guid":{"rendered":"https:\/\/www.runnek.fr\/shop\/?post_type=product&#038;p=618"},"modified":"2026-04-18T14:13:31","modified_gmt":"2026-04-18T12:13:31","slug":"maillot-technique-runnek-wave-femme","status":"publish","type":"product","link":"https:\/\/www.runnek.fr\/shop\/p\/running-femme\/t-shirt-a-manches-courtes-femme\/maillot-technique-runnek-wave-femme\/","title":{"rendered":"Maillot technique runnek wave femme"},"content":{"rendered":"<p>Le maillot Runnek Wave s&rsquo;adapte \u00e0 votre corps gr\u00e2ce \u00e0 sa coupe r\u00e9guli\u00e8re et souple qui suit les mouvements du corps. La l\u00e9g\u00e8ret\u00e9 et la souplesse du tissu, auxquelles s&rsquo;ajoutent des zones de ventilation suppl\u00e9mentaires plac\u00e9es \u00e0 des endroits strat\u00e9giques, en font le v\u00eatement id\u00e9al pour atteindre et r\u00e9ussir chaque \u00e9preuve, \u00e0 l&rsquo;entra\u00eenement comme en comp\u00e9tition.<\/p>\n<p>&nbsp;<\/p>\n<div class=\"avia-gallery\"><a href=\"https:\/\/www.runnek.fr\/shop\/wp-content\/uploads\/2023\/06\/technologie-runnek.jpg\"><img decoding=\"async\" class=\"alignnone size-full wp-image-2276\" style=\"width: 80%; padding: 0;\" title=\"Technologie\" src=\"https:\/\/www.runnek.fr\/shop\/wp-content\/uploads\/2023\/06\/technologie.webp\" alt=\"Technologie Runnek\" \/><\/a><\/div>\n<p><\/p>\n","protected":false},"excerpt":{"rendered":"<ul>\n<li>Tissu 100 % polyester avec technologie DrySens, l\u00e9g\u00e8ret\u00e9 et douceur maximales<\/li>\n<li>Tissu Microtech \u00e0 s\u00e9chage rapide sur les \u00e9paules et les bandes lat\u00e9rales pour une meilleure respirabilit\u00e9<\/li>\n<li>Ajustement parfait gr\u00e2ce \u00e0 notre technologie Skin4Run<\/li>\n<li>Couleur contrast\u00e9e sur les \u00e9paules et les bords lat\u00e9raux.<\/li>\n<li>Coutures plates pour \u00e9viter les frottements.<\/li>\n<li>Logo Runnek en transfert num\u00e9rique.<\/li>\n<li>Utilisation de la technologie FixColor pour maintenir la couleur du maillot inchang\u00e9e apr\u00e8s le lavage.<\/li>\n<\/ul>\n","protected":false},"featured_media":3990,"comment_status":"open","ping_status":"closed","template":"","meta":{"_acf_changed":false},"product_brand":[],"product_cat":[41],"product_tag":[],"class_list":{"0":"post-618","1":"product","2":"type-product","3":"status-publish","4":"has-post-thumbnail","6":"product_cat-t-shirt-a-manches-courtes-femme","8":"first","9":"instock","10":"taxable","11":"shipping-taxable","12":"purchasable","13":"product-type-variable","14":"wvs-archive-product-wrapper"},"acf":[],"yoast_head":"<!-- This site is optimized with the Yoast SEO plugin v27.3 - https:\/\/yoast.com\/product\/yoast-seo-wordpress\/ -->\n<title>Maillot technique runnek wave femme - Shop Runnek<\/title>\n<meta name=\"robots\" content=\"index, follow, max-snippet:-1, max-image-preview:large, max-video-preview:-1\" \/>\n<link rel=\"canonical\" href=\"https:\/\/www.runnek.fr\/shop\/p\/running-femme\/t-shirt-a-manches-courtes-femme\/maillot-technique-runnek-wave-femme\/\" \/>\n<meta property=\"og:locale\" content=\"fr_FR\" \/>\n<meta property=\"og:type\" content=\"article\" \/>\n<meta property=\"og:title\" content=\"Maillot technique runnek wave femme - Shop Runnek\" \/>\n<meta property=\"og:description\" content=\"Tissu 100 % polyester avec technologie DrySens, l\u00e9g\u00e8ret\u00e9 et douceur maximales Tissu Microtech \u00e0 s\u00e9chage rapide sur les \u00e9paules et les bandes lat\u00e9rales pour une meilleure respirabilit\u00e9 Ajustement parfait gr\u00e2ce \u00e0 notre technologie Skin4Run Couleur contrast\u00e9e sur les \u00e9paules et les bords lat\u00e9raux. Coutures plates pour \u00e9viter les frottements. Logo Runnek en transfert num\u00e9rique. Utilisation de la technologie FixColor pour maintenir la couleur du maillot inchang\u00e9e apr\u00e8s le lavage.\" \/>\n<meta property=\"og:url\" content=\"https:\/\/www.runnek.fr\/shop\/p\/running-femme\/t-shirt-a-manches-courtes-femme\/maillot-technique-runnek-wave-femme\/\" \/>\n<meta property=\"og:site_name\" content=\"Shop Runnek\" \/>\n<meta property=\"article:publisher\" content=\"https:\/\/www.facebook.com\/runnekitalia\/\" \/>\n<meta property=\"article:modified_time\" content=\"2026-04-18T12:13:31+00:00\" \/>\n<meta property=\"og:image\" content=\"https:\/\/www.runnek.fr\/shop\/wp-content\/uploads\/2021\/02\/maillot-technique-runnek-wave-jaune-fluo-bleu-roayl-femme.jpg\" \/>\n\t<meta property=\"og:image:width\" content=\"800\" \/>\n\t<meta property=\"og:image:height\" content=\"800\" \/>\n\t<meta property=\"og:image:type\" content=\"image\/jpeg\" \/>\n<meta name=\"twitter:card\" content=\"summary_large_image\" \/>\n<meta name=\"twitter:site\" content=\"@RunnekItalia\" \/>\n<script type=\"application\/ld+json\" class=\"yoast-schema-graph\">{\"@context\":\"https:\\\/\\\/schema.org\",\"@graph\":[{\"@type\":\"WebPage\",\"@id\":\"https:\\\/\\\/www.runnek.fr\\\/shop\\\/p\\\/running-femme\\\/t-shirt-a-manches-courtes-femme\\\/maillot-technique-runnek-wave-femme\\\/\",\"url\":\"https:\\\/\\\/www.runnek.fr\\\/shop\\\/p\\\/running-femme\\\/t-shirt-a-manches-courtes-femme\\\/maillot-technique-runnek-wave-femme\\\/\",\"name\":\"Maillot technique runnek wave femme - Shop Runnek\",\"isPartOf\":{\"@id\":\"https:\\\/\\\/www.runnek.fr\\\/shop\\\/#website\"},\"primaryImageOfPage\":{\"@id\":\"https:\\\/\\\/www.runnek.fr\\\/shop\\\/p\\\/running-femme\\\/t-shirt-a-manches-courtes-femme\\\/maillot-technique-runnek-wave-femme\\\/#primaryimage\"},\"image\":{\"@id\":\"https:\\\/\\\/www.runnek.fr\\\/shop\\\/p\\\/running-femme\\\/t-shirt-a-manches-courtes-femme\\\/maillot-technique-runnek-wave-femme\\\/#primaryimage\"},\"thumbnailUrl\":\"https:\\\/\\\/www.runnek.fr\\\/shop\\\/wp-content\\\/uploads\\\/2021\\\/02\\\/maillot-technique-runnek-wave-jaune-fluo-bleu-roayl-femme.jpg\",\"datePublished\":\"2021-02-12T15:33:53+00:00\",\"dateModified\":\"2026-04-18T12:13:31+00:00\",\"breadcrumb\":{\"@id\":\"https:\\\/\\\/www.runnek.fr\\\/shop\\\/p\\\/running-femme\\\/t-shirt-a-manches-courtes-femme\\\/maillot-technique-runnek-wave-femme\\\/#breadcrumb\"},\"inLanguage\":\"fr-FR\",\"potentialAction\":[{\"@type\":\"ReadAction\",\"target\":[\"https:\\\/\\\/www.runnek.fr\\\/shop\\\/p\\\/running-femme\\\/t-shirt-a-manches-courtes-femme\\\/maillot-technique-runnek-wave-femme\\\/\"]}]},{\"@type\":\"ImageObject\",\"inLanguage\":\"fr-FR\",\"@id\":\"https:\\\/\\\/www.runnek.fr\\\/shop\\\/p\\\/running-femme\\\/t-shirt-a-manches-courtes-femme\\\/maillot-technique-runnek-wave-femme\\\/#primaryimage\",\"url\":\"https:\\\/\\\/www.runnek.fr\\\/shop\\\/wp-content\\\/uploads\\\/2021\\\/02\\\/maillot-technique-runnek-wave-jaune-fluo-bleu-roayl-femme.jpg\",\"contentUrl\":\"https:\\\/\\\/www.runnek.fr\\\/shop\\\/wp-content\\\/uploads\\\/2021\\\/02\\\/maillot-technique-runnek-wave-jaune-fluo-bleu-roayl-femme.jpg\",\"width\":800,\"height\":800,\"caption\":\"Maillot Technique Runnek Wave Jaune Fluo Bleu Roayl Femme\"},{\"@type\":\"BreadcrumbList\",\"@id\":\"https:\\\/\\\/www.runnek.fr\\\/shop\\\/p\\\/running-femme\\\/t-shirt-a-manches-courtes-femme\\\/maillot-technique-runnek-wave-femme\\\/#breadcrumb\",\"itemListElement\":[{\"@type\":\"ListItem\",\"position\":1,\"name\":\"Portada\",\"item\":\"https:\\\/\\\/www.runnek.fr\\\/shop\\\/\"},{\"@type\":\"ListItem\",\"position\":2,\"name\":\"boutique\",\"item\":\"https:\\\/\\\/www.runnek.fr\\\/shop\\\/boutique\\\/\"},{\"@type\":\"ListItem\",\"position\":3,\"name\":\"Maillot technique runnek wave femme\"}]},{\"@type\":\"WebSite\",\"@id\":\"https:\\\/\\\/www.runnek.fr\\\/shop\\\/#website\",\"url\":\"https:\\\/\\\/www.runnek.fr\\\/shop\\\/\",\"name\":\"Shop Runnek\",\"description\":\"\",\"publisher\":{\"@id\":\"https:\\\/\\\/www.runnek.fr\\\/shop\\\/#organization\"},\"potentialAction\":[{\"@type\":\"SearchAction\",\"target\":{\"@type\":\"EntryPoint\",\"urlTemplate\":\"https:\\\/\\\/www.runnek.fr\\\/shop\\\/?s={search_term_string}\"},\"query-input\":{\"@type\":\"PropertyValueSpecification\",\"valueRequired\":true,\"valueName\":\"search_term_string\"}}],\"inLanguage\":\"fr-FR\"},{\"@type\":\"Organization\",\"@id\":\"https:\\\/\\\/www.runnek.fr\\\/shop\\\/#organization\",\"name\":\"Shop Runnek\",\"url\":\"https:\\\/\\\/www.runnek.fr\\\/shop\\\/\",\"logo\":{\"@type\":\"ImageObject\",\"inLanguage\":\"fr-FR\",\"@id\":\"https:\\\/\\\/www.runnek.fr\\\/shop\\\/#\\\/schema\\\/logo\\\/image\\\/\",\"url\":\"https:\\\/\\\/www.runnek.fr\\\/shop\\\/wp-content\\\/uploads\\\/2020\\\/11\\\/logo-runnek.png\",\"contentUrl\":\"https:\\\/\\\/www.runnek.fr\\\/shop\\\/wp-content\\\/uploads\\\/2020\\\/11\\\/logo-runnek.png\",\"width\":680,\"height\":252,\"caption\":\"Shop Runnek\"},\"image\":{\"@id\":\"https:\\\/\\\/www.runnek.fr\\\/shop\\\/#\\\/schema\\\/logo\\\/image\\\/\"},\"sameAs\":[\"https:\\\/\\\/www.facebook.com\\\/runnekitalia\\\/\",\"https:\\\/\\\/x.com\\\/RunnekItalia\",\"https:\\\/\\\/instagram.com\\\/runnek\",\"https:\\\/\\\/www.youtube.com\\\/user\\\/magliarunningIT\"]}]}<\/script>\n<!-- \/ Yoast SEO plugin. -->","yoast_head_json":{"title":"Maillot technique runnek wave femme - Shop Runnek","robots":{"index":"index","follow":"follow","max-snippet":"max-snippet:-1","max-image-preview":"max-image-preview:large","max-video-preview":"max-video-preview:-1"},"canonical":"https:\/\/www.runnek.fr\/shop\/p\/running-femme\/t-shirt-a-manches-courtes-femme\/maillot-technique-runnek-wave-femme\/","og_locale":"fr_FR","og_type":"article","og_title":"Maillot technique runnek wave femme - Shop Runnek","og_description":"Tissu 100 % polyester avec technologie DrySens, l\u00e9g\u00e8ret\u00e9 et douceur maximales Tissu Microtech \u00e0 s\u00e9chage rapide sur les \u00e9paules et les bandes lat\u00e9rales pour une meilleure respirabilit\u00e9 Ajustement parfait gr\u00e2ce \u00e0 notre technologie Skin4Run Couleur contrast\u00e9e sur les \u00e9paules et les bords lat\u00e9raux. Coutures plates pour \u00e9viter les frottements. Logo Runnek en transfert num\u00e9rique. Utilisation de la technologie FixColor pour maintenir la couleur du maillot inchang\u00e9e apr\u00e8s le lavage.","og_url":"https:\/\/www.runnek.fr\/shop\/p\/running-femme\/t-shirt-a-manches-courtes-femme\/maillot-technique-runnek-wave-femme\/","og_site_name":"Shop Runnek","article_publisher":"https:\/\/www.facebook.com\/runnekitalia\/","article_modified_time":"2026-04-18T12:13:31+00:00","og_image":[{"width":800,"height":800,"url":"https:\/\/www.runnek.fr\/shop\/wp-content\/uploads\/2021\/02\/maillot-technique-runnek-wave-jaune-fluo-bleu-roayl-femme.jpg","type":"image\/jpeg"}],"twitter_card":"summary_large_image","twitter_site":"@RunnekItalia","schema":{"@context":"https:\/\/schema.org","@graph":[{"@type":"WebPage","@id":"https:\/\/www.runnek.fr\/shop\/p\/running-femme\/t-shirt-a-manches-courtes-femme\/maillot-technique-runnek-wave-femme\/","url":"https:\/\/www.runnek.fr\/shop\/p\/running-femme\/t-shirt-a-manches-courtes-femme\/maillot-technique-runnek-wave-femme\/","name":"Maillot technique runnek wave femme - Shop Runnek","isPartOf":{"@id":"https:\/\/www.runnek.fr\/shop\/#website"},"primaryImageOfPage":{"@id":"https:\/\/www.runnek.fr\/shop\/p\/running-femme\/t-shirt-a-manches-courtes-femme\/maillot-technique-runnek-wave-femme\/#primaryimage"},"image":{"@id":"https:\/\/www.runnek.fr\/shop\/p\/running-femme\/t-shirt-a-manches-courtes-femme\/maillot-technique-runnek-wave-femme\/#primaryimage"},"thumbnailUrl":"https:\/\/www.runnek.fr\/shop\/wp-content\/uploads\/2021\/02\/maillot-technique-runnek-wave-jaune-fluo-bleu-roayl-femme.jpg","datePublished":"2021-02-12T15:33:53+00:00","dateModified":"2026-04-18T12:13:31+00:00","breadcrumb":{"@id":"https:\/\/www.runnek.fr\/shop\/p\/running-femme\/t-shirt-a-manches-courtes-femme\/maillot-technique-runnek-wave-femme\/#breadcrumb"},"inLanguage":"fr-FR","potentialAction":[{"@type":"ReadAction","target":["https:\/\/www.runnek.fr\/shop\/p\/running-femme\/t-shirt-a-manches-courtes-femme\/maillot-technique-runnek-wave-femme\/"]}]},{"@type":"ImageObject","inLanguage":"fr-FR","@id":"https:\/\/www.runnek.fr\/shop\/p\/running-femme\/t-shirt-a-manches-courtes-femme\/maillot-technique-runnek-wave-femme\/#primaryimage","url":"https:\/\/www.runnek.fr\/shop\/wp-content\/uploads\/2021\/02\/maillot-technique-runnek-wave-jaune-fluo-bleu-roayl-femme.jpg","contentUrl":"https:\/\/www.runnek.fr\/shop\/wp-content\/uploads\/2021\/02\/maillot-technique-runnek-wave-jaune-fluo-bleu-roayl-femme.jpg","width":800,"height":800,"caption":"Maillot Technique Runnek Wave Jaune Fluo Bleu Roayl Femme"},{"@type":"BreadcrumbList","@id":"https:\/\/www.runnek.fr\/shop\/p\/running-femme\/t-shirt-a-manches-courtes-femme\/maillot-technique-runnek-wave-femme\/#breadcrumb","itemListElement":[{"@type":"ListItem","position":1,"name":"Portada","item":"https:\/\/www.runnek.fr\/shop\/"},{"@type":"ListItem","position":2,"name":"boutique","item":"https:\/\/www.runnek.fr\/shop\/boutique\/"},{"@type":"ListItem","position":3,"name":"Maillot technique runnek wave femme"}]},{"@type":"WebSite","@id":"https:\/\/www.runnek.fr\/shop\/#website","url":"https:\/\/www.runnek.fr\/shop\/","name":"Shop Runnek","description":"","publisher":{"@id":"https:\/\/www.runnek.fr\/shop\/#organization"},"potentialAction":[{"@type":"SearchAction","target":{"@type":"EntryPoint","urlTemplate":"https:\/\/www.runnek.fr\/shop\/?s={search_term_string}"},"query-input":{"@type":"PropertyValueSpecification","valueRequired":true,"valueName":"search_term_string"}}],"inLanguage":"fr-FR"},{"@type":"Organization","@id":"https:\/\/www.runnek.fr\/shop\/#organization","name":"Shop Runnek","url":"https:\/\/www.runnek.fr\/shop\/","logo":{"@type":"ImageObject","inLanguage":"fr-FR","@id":"https:\/\/www.runnek.fr\/shop\/#\/schema\/logo\/image\/","url":"https:\/\/www.runnek.fr\/shop\/wp-content\/uploads\/2020\/11\/logo-runnek.png","contentUrl":"https:\/\/www.runnek.fr\/shop\/wp-content\/uploads\/2020\/11\/logo-runnek.png","width":680,"height":252,"caption":"Shop Runnek"},"image":{"@id":"https:\/\/www.runnek.fr\/shop\/#\/schema\/logo\/image\/"},"sameAs":["https:\/\/www.facebook.com\/runnekitalia\/","https:\/\/x.com\/RunnekItalia","https:\/\/instagram.com\/runnek","https:\/\/www.youtube.com\/user\/magliarunningIT"]}]}},"_links":{"self":[{"href":"https:\/\/www.runnek.fr\/shop\/wp-json\/wp\/v2\/product\/618","targetHints":{"allow":["GET"]}}],"collection":[{"href":"https:\/\/www.runnek.fr\/shop\/wp-json\/wp\/v2\/product"}],"about":[{"href":"https:\/\/www.runnek.fr\/shop\/wp-json\/wp\/v2\/types\/product"}],"replies":[{"embeddable":true,"href":"https:\/\/www.runnek.fr\/shop\/wp-json\/wp\/v2\/comments?post=618"}],"wp:featuredmedia":[{"embeddable":true,"href":"https:\/\/www.runnek.fr\/shop\/wp-json\/wp\/v2\/media\/3990"}],"wp:attachment":[{"href":"https:\/\/www.runnek.fr\/shop\/wp-json\/wp\/v2\/media?parent=618"}],"wp:term":[{"taxonomy":"product_brand","embeddable":true,"href":"https:\/\/www.runnek.fr\/shop\/wp-json\/wp\/v2\/product_brand?post=618"},{"taxonomy":"product_cat","embeddable":true,"href":"https:\/\/www.runnek.fr\/shop\/wp-json\/wp\/v2\/product_cat?post=618"},{"taxonomy":"product_tag","embeddable":true,"href":"https:\/\/www.runnek.fr\/shop\/wp-json\/wp\/v2\/product_tag?post=618"}],"curies":[{"name":"wp","href":"https:\/\/api.w.org\/{rel}","templated":true}]}}