{"id":590,"date":"2021-02-12T16:09:57","date_gmt":"2021-02-12T15:09:57","guid":{"rendered":"https:\/\/www.runnek.fr\/shop\/?post_type=product&#038;p=590"},"modified":"2026-04-18T14:14:23","modified_gmt":"2026-04-18T12:14:23","slug":"maillot-technique-runnek-ultra-femme","status":"publish","type":"product","link":"https:\/\/www.runnek.fr\/shop\/p\/running-femme\/t-shirt-a-manches-courtes-femme\/maillot-technique-runnek-ultra-femme\/","title":{"rendered":"Tshirt technique runnek ultra femme"},"content":{"rendered":"<p>Le T-shirt Runnek Ultra vous aide \u00e0 combattre la sensation g\u00eanante d&rsquo;humidit\u00e9 pendant l&rsquo;activit\u00e9 sportive gr\u00e2ce aux caract\u00e9ristiques du tissu qui le compose : extr\u00eamement l\u00e9ger, doux et ultra-respirant, vous pouvez vous entra\u00eener ou concourir dans un confort total et avec le style frais et \u00e9l\u00e9gant que ce T-shirt vous offre.<\/p>\n<p>&nbsp;<\/p>\n<div class=\"avia-gallery\"><a href=\"https:\/\/www.runnek.fr\/shop\/wp-content\/uploads\/2023\/06\/technologie-runnek.jpg\"><img decoding=\"async\" class=\"alignnone size-full wp-image-2276\" style=\"width: 80%; padding: 0;\" title=\"Technologie\" src=\"https:\/\/www.runnek.fr\/shop\/wp-content\/uploads\/2023\/06\/technologie.webp\" alt=\"Technologie Runnek\" \/><\/a><\/div>\n<p><\/p>\n","protected":false},"excerpt":{"rendered":"<ul>\n<li>Tissu 100 % polyester avec technologie DrySens pour un maximum de l\u00e9g\u00e8ret\u00e9 et de douceur<\/li>\n<li>Tissu Microtech sur les \u00e9paules et les manches pour une grande respirabilit\u00e9 et un s\u00e9chage rapide<\/li>\n<li>Coupe parfaite gr\u00e2ce \u00e0 notre technologie Skin4Run<\/li>\n<li>Inserts en tissu de couleur contrast\u00e9e sur les \u00e9paules et les manches.<\/li>\n<li>Coutures plates pour \u00e9viter les frottements.<\/li>\n<li>Logo Runnek en transfert num\u00e9rique.<\/li>\n<li>Utilisation de la technologie FixColor pour maintenir la couleur du maillot inchang\u00e9e apr\u00e8s le lavage.<\/li>\n<\/ul>\n","protected":false},"featured_media":3963,"comment_status":"open","ping_status":"closed","template":"","meta":{"_acf_changed":false},"product_brand":[],"product_cat":[41],"product_tag":[],"class_list":{"0":"post-590","1":"product","2":"type-product","3":"status-publish","4":"has-post-thumbnail","6":"product_cat-t-shirt-a-manches-courtes-femme","8":"first","9":"instock","10":"taxable","11":"shipping-taxable","12":"purchasable","13":"product-type-variable","14":"wvs-archive-product-wrapper"},"acf":[],"yoast_head":"<!-- This site is optimized with the Yoast SEO plugin v27.3 - https:\/\/yoast.com\/product\/yoast-seo-wordpress\/ -->\n<title>Tshirt technique runnek ultra femme - Shop Runnek<\/title>\n<meta name=\"robots\" content=\"index, follow, max-snippet:-1, max-image-preview:large, max-video-preview:-1\" \/>\n<link rel=\"canonical\" href=\"https:\/\/www.runnek.fr\/shop\/p\/running-femme\/t-shirt-a-manches-courtes-femme\/maillot-technique-runnek-ultra-femme\/\" \/>\n<meta property=\"og:locale\" content=\"fr_FR\" \/>\n<meta property=\"og:type\" content=\"article\" \/>\n<meta property=\"og:title\" content=\"Tshirt technique runnek ultra femme - Shop Runnek\" \/>\n<meta property=\"og:description\" content=\"Tissu 100 % polyester avec technologie DrySens pour un maximum de l\u00e9g\u00e8ret\u00e9 et de douceur Tissu Microtech sur les \u00e9paules et les manches pour une grande respirabilit\u00e9 et un s\u00e9chage rapide Coupe parfaite gr\u00e2ce \u00e0 notre technologie Skin4Run Inserts en tissu de couleur contrast\u00e9e sur les \u00e9paules et les manches. Coutures plates pour \u00e9viter les frottements. Logo Runnek en transfert num\u00e9rique. Utilisation de la technologie FixColor pour maintenir la couleur du maillot inchang\u00e9e apr\u00e8s le lavage.\" \/>\n<meta property=\"og:url\" content=\"https:\/\/www.runnek.fr\/shop\/p\/running-femme\/t-shirt-a-manches-courtes-femme\/maillot-technique-runnek-ultra-femme\/\" \/>\n<meta property=\"og:site_name\" content=\"Shop Runnek\" \/>\n<meta property=\"article:publisher\" content=\"https:\/\/www.facebook.com\/runnekitalia\/\" \/>\n<meta property=\"article:modified_time\" content=\"2026-04-18T12:14:23+00:00\" \/>\n<meta property=\"og:image\" content=\"https:\/\/www.runnek.fr\/shop\/wp-content\/uploads\/2021\/02\/maillot-runnek-ultra-femme-rouge-p.jpg\" \/>\n\t<meta property=\"og:image:width\" content=\"800\" \/>\n\t<meta property=\"og:image:height\" content=\"800\" \/>\n\t<meta property=\"og:image:type\" content=\"image\/jpeg\" \/>\n<meta name=\"twitter:card\" content=\"summary_large_image\" \/>\n<meta name=\"twitter:site\" content=\"@RunnekItalia\" \/>\n<script type=\"application\/ld+json\" class=\"yoast-schema-graph\">{\"@context\":\"https:\\\/\\\/schema.org\",\"@graph\":[{\"@type\":\"WebPage\",\"@id\":\"https:\\\/\\\/www.runnek.fr\\\/shop\\\/p\\\/running-femme\\\/t-shirt-a-manches-courtes-femme\\\/maillot-technique-runnek-ultra-femme\\\/\",\"url\":\"https:\\\/\\\/www.runnek.fr\\\/shop\\\/p\\\/running-femme\\\/t-shirt-a-manches-courtes-femme\\\/maillot-technique-runnek-ultra-femme\\\/\",\"name\":\"Tshirt technique runnek ultra femme - Shop Runnek\",\"isPartOf\":{\"@id\":\"https:\\\/\\\/www.runnek.fr\\\/shop\\\/#website\"},\"primaryImageOfPage\":{\"@id\":\"https:\\\/\\\/www.runnek.fr\\\/shop\\\/p\\\/running-femme\\\/t-shirt-a-manches-courtes-femme\\\/maillot-technique-runnek-ultra-femme\\\/#primaryimage\"},\"image\":{\"@id\":\"https:\\\/\\\/www.runnek.fr\\\/shop\\\/p\\\/running-femme\\\/t-shirt-a-manches-courtes-femme\\\/maillot-technique-runnek-ultra-femme\\\/#primaryimage\"},\"thumbnailUrl\":\"https:\\\/\\\/www.runnek.fr\\\/shop\\\/wp-content\\\/uploads\\\/2021\\\/02\\\/maillot-runnek-ultra-femme-rouge-p.jpg\",\"datePublished\":\"2021-02-12T15:09:57+00:00\",\"dateModified\":\"2026-04-18T12:14:23+00:00\",\"breadcrumb\":{\"@id\":\"https:\\\/\\\/www.runnek.fr\\\/shop\\\/p\\\/running-femme\\\/t-shirt-a-manches-courtes-femme\\\/maillot-technique-runnek-ultra-femme\\\/#breadcrumb\"},\"inLanguage\":\"fr-FR\",\"potentialAction\":[{\"@type\":\"ReadAction\",\"target\":[\"https:\\\/\\\/www.runnek.fr\\\/shop\\\/p\\\/running-femme\\\/t-shirt-a-manches-courtes-femme\\\/maillot-technique-runnek-ultra-femme\\\/\"]}]},{\"@type\":\"ImageObject\",\"inLanguage\":\"fr-FR\",\"@id\":\"https:\\\/\\\/www.runnek.fr\\\/shop\\\/p\\\/running-femme\\\/t-shirt-a-manches-courtes-femme\\\/maillot-technique-runnek-ultra-femme\\\/#primaryimage\",\"url\":\"https:\\\/\\\/www.runnek.fr\\\/shop\\\/wp-content\\\/uploads\\\/2021\\\/02\\\/maillot-runnek-ultra-femme-rouge-p.jpg\",\"contentUrl\":\"https:\\\/\\\/www.runnek.fr\\\/shop\\\/wp-content\\\/uploads\\\/2021\\\/02\\\/maillot-runnek-ultra-femme-rouge-p.jpg\",\"width\":800,\"height\":800,\"caption\":\"Maillot Runnek Ultra Femme Rouge P\"},{\"@type\":\"BreadcrumbList\",\"@id\":\"https:\\\/\\\/www.runnek.fr\\\/shop\\\/p\\\/running-femme\\\/t-shirt-a-manches-courtes-femme\\\/maillot-technique-runnek-ultra-femme\\\/#breadcrumb\",\"itemListElement\":[{\"@type\":\"ListItem\",\"position\":1,\"name\":\"Portada\",\"item\":\"https:\\\/\\\/www.runnek.fr\\\/shop\\\/\"},{\"@type\":\"ListItem\",\"position\":2,\"name\":\"boutique\",\"item\":\"https:\\\/\\\/www.runnek.fr\\\/shop\\\/boutique\\\/\"},{\"@type\":\"ListItem\",\"position\":3,\"name\":\"Tshirt technique runnek ultra femme\"}]},{\"@type\":\"WebSite\",\"@id\":\"https:\\\/\\\/www.runnek.fr\\\/shop\\\/#website\",\"url\":\"https:\\\/\\\/www.runnek.fr\\\/shop\\\/\",\"name\":\"Shop Runnek\",\"description\":\"\",\"publisher\":{\"@id\":\"https:\\\/\\\/www.runnek.fr\\\/shop\\\/#organization\"},\"potentialAction\":[{\"@type\":\"SearchAction\",\"target\":{\"@type\":\"EntryPoint\",\"urlTemplate\":\"https:\\\/\\\/www.runnek.fr\\\/shop\\\/?s={search_term_string}\"},\"query-input\":{\"@type\":\"PropertyValueSpecification\",\"valueRequired\":true,\"valueName\":\"search_term_string\"}}],\"inLanguage\":\"fr-FR\"},{\"@type\":\"Organization\",\"@id\":\"https:\\\/\\\/www.runnek.fr\\\/shop\\\/#organization\",\"name\":\"Shop Runnek\",\"url\":\"https:\\\/\\\/www.runnek.fr\\\/shop\\\/\",\"logo\":{\"@type\":\"ImageObject\",\"inLanguage\":\"fr-FR\",\"@id\":\"https:\\\/\\\/www.runnek.fr\\\/shop\\\/#\\\/schema\\\/logo\\\/image\\\/\",\"url\":\"https:\\\/\\\/www.runnek.fr\\\/shop\\\/wp-content\\\/uploads\\\/2020\\\/11\\\/logo-runnek.png\",\"contentUrl\":\"https:\\\/\\\/www.runnek.fr\\\/shop\\\/wp-content\\\/uploads\\\/2020\\\/11\\\/logo-runnek.png\",\"width\":680,\"height\":252,\"caption\":\"Shop Runnek\"},\"image\":{\"@id\":\"https:\\\/\\\/www.runnek.fr\\\/shop\\\/#\\\/schema\\\/logo\\\/image\\\/\"},\"sameAs\":[\"https:\\\/\\\/www.facebook.com\\\/runnekitalia\\\/\",\"https:\\\/\\\/x.com\\\/RunnekItalia\",\"https:\\\/\\\/instagram.com\\\/runnek\",\"https:\\\/\\\/www.youtube.com\\\/user\\\/magliarunningIT\"]}]}<\/script>\n<!-- \/ Yoast SEO plugin. -->","yoast_head_json":{"title":"Tshirt technique runnek ultra femme - Shop Runnek","robots":{"index":"index","follow":"follow","max-snippet":"max-snippet:-1","max-image-preview":"max-image-preview:large","max-video-preview":"max-video-preview:-1"},"canonical":"https:\/\/www.runnek.fr\/shop\/p\/running-femme\/t-shirt-a-manches-courtes-femme\/maillot-technique-runnek-ultra-femme\/","og_locale":"fr_FR","og_type":"article","og_title":"Tshirt technique runnek ultra femme - Shop Runnek","og_description":"Tissu 100 % polyester avec technologie DrySens pour un maximum de l\u00e9g\u00e8ret\u00e9 et de douceur Tissu Microtech sur les \u00e9paules et les manches pour une grande respirabilit\u00e9 et un s\u00e9chage rapide Coupe parfaite gr\u00e2ce \u00e0 notre technologie Skin4Run Inserts en tissu de couleur contrast\u00e9e sur les \u00e9paules et les manches. Coutures plates pour \u00e9viter les frottements. Logo Runnek en transfert num\u00e9rique. Utilisation de la technologie FixColor pour maintenir la couleur du maillot inchang\u00e9e apr\u00e8s le lavage.","og_url":"https:\/\/www.runnek.fr\/shop\/p\/running-femme\/t-shirt-a-manches-courtes-femme\/maillot-technique-runnek-ultra-femme\/","og_site_name":"Shop Runnek","article_publisher":"https:\/\/www.facebook.com\/runnekitalia\/","article_modified_time":"2026-04-18T12:14:23+00:00","og_image":[{"width":800,"height":800,"url":"https:\/\/www.runnek.fr\/shop\/wp-content\/uploads\/2021\/02\/maillot-runnek-ultra-femme-rouge-p.jpg","type":"image\/jpeg"}],"twitter_card":"summary_large_image","twitter_site":"@RunnekItalia","schema":{"@context":"https:\/\/schema.org","@graph":[{"@type":"WebPage","@id":"https:\/\/www.runnek.fr\/shop\/p\/running-femme\/t-shirt-a-manches-courtes-femme\/maillot-technique-runnek-ultra-femme\/","url":"https:\/\/www.runnek.fr\/shop\/p\/running-femme\/t-shirt-a-manches-courtes-femme\/maillot-technique-runnek-ultra-femme\/","name":"Tshirt technique runnek ultra femme - Shop Runnek","isPartOf":{"@id":"https:\/\/www.runnek.fr\/shop\/#website"},"primaryImageOfPage":{"@id":"https:\/\/www.runnek.fr\/shop\/p\/running-femme\/t-shirt-a-manches-courtes-femme\/maillot-technique-runnek-ultra-femme\/#primaryimage"},"image":{"@id":"https:\/\/www.runnek.fr\/shop\/p\/running-femme\/t-shirt-a-manches-courtes-femme\/maillot-technique-runnek-ultra-femme\/#primaryimage"},"thumbnailUrl":"https:\/\/www.runnek.fr\/shop\/wp-content\/uploads\/2021\/02\/maillot-runnek-ultra-femme-rouge-p.jpg","datePublished":"2021-02-12T15:09:57+00:00","dateModified":"2026-04-18T12:14:23+00:00","breadcrumb":{"@id":"https:\/\/www.runnek.fr\/shop\/p\/running-femme\/t-shirt-a-manches-courtes-femme\/maillot-technique-runnek-ultra-femme\/#breadcrumb"},"inLanguage":"fr-FR","potentialAction":[{"@type":"ReadAction","target":["https:\/\/www.runnek.fr\/shop\/p\/running-femme\/t-shirt-a-manches-courtes-femme\/maillot-technique-runnek-ultra-femme\/"]}]},{"@type":"ImageObject","inLanguage":"fr-FR","@id":"https:\/\/www.runnek.fr\/shop\/p\/running-femme\/t-shirt-a-manches-courtes-femme\/maillot-technique-runnek-ultra-femme\/#primaryimage","url":"https:\/\/www.runnek.fr\/shop\/wp-content\/uploads\/2021\/02\/maillot-runnek-ultra-femme-rouge-p.jpg","contentUrl":"https:\/\/www.runnek.fr\/shop\/wp-content\/uploads\/2021\/02\/maillot-runnek-ultra-femme-rouge-p.jpg","width":800,"height":800,"caption":"Maillot Runnek Ultra Femme Rouge P"},{"@type":"BreadcrumbList","@id":"https:\/\/www.runnek.fr\/shop\/p\/running-femme\/t-shirt-a-manches-courtes-femme\/maillot-technique-runnek-ultra-femme\/#breadcrumb","itemListElement":[{"@type":"ListItem","position":1,"name":"Portada","item":"https:\/\/www.runnek.fr\/shop\/"},{"@type":"ListItem","position":2,"name":"boutique","item":"https:\/\/www.runnek.fr\/shop\/boutique\/"},{"@type":"ListItem","position":3,"name":"Tshirt technique runnek ultra femme"}]},{"@type":"WebSite","@id":"https:\/\/www.runnek.fr\/shop\/#website","url":"https:\/\/www.runnek.fr\/shop\/","name":"Shop Runnek","description":"","publisher":{"@id":"https:\/\/www.runnek.fr\/shop\/#organization"},"potentialAction":[{"@type":"SearchAction","target":{"@type":"EntryPoint","urlTemplate":"https:\/\/www.runnek.fr\/shop\/?s={search_term_string}"},"query-input":{"@type":"PropertyValueSpecification","valueRequired":true,"valueName":"search_term_string"}}],"inLanguage":"fr-FR"},{"@type":"Organization","@id":"https:\/\/www.runnek.fr\/shop\/#organization","name":"Shop Runnek","url":"https:\/\/www.runnek.fr\/shop\/","logo":{"@type":"ImageObject","inLanguage":"fr-FR","@id":"https:\/\/www.runnek.fr\/shop\/#\/schema\/logo\/image\/","url":"https:\/\/www.runnek.fr\/shop\/wp-content\/uploads\/2020\/11\/logo-runnek.png","contentUrl":"https:\/\/www.runnek.fr\/shop\/wp-content\/uploads\/2020\/11\/logo-runnek.png","width":680,"height":252,"caption":"Shop Runnek"},"image":{"@id":"https:\/\/www.runnek.fr\/shop\/#\/schema\/logo\/image\/"},"sameAs":["https:\/\/www.facebook.com\/runnekitalia\/","https:\/\/x.com\/RunnekItalia","https:\/\/instagram.com\/runnek","https:\/\/www.youtube.com\/user\/magliarunningIT"]}]}},"_links":{"self":[{"href":"https:\/\/www.runnek.fr\/shop\/wp-json\/wp\/v2\/product\/590","targetHints":{"allow":["GET"]}}],"collection":[{"href":"https:\/\/www.runnek.fr\/shop\/wp-json\/wp\/v2\/product"}],"about":[{"href":"https:\/\/www.runnek.fr\/shop\/wp-json\/wp\/v2\/types\/product"}],"replies":[{"embeddable":true,"href":"https:\/\/www.runnek.fr\/shop\/wp-json\/wp\/v2\/comments?post=590"}],"wp:featuredmedia":[{"embeddable":true,"href":"https:\/\/www.runnek.fr\/shop\/wp-json\/wp\/v2\/media\/3963"}],"wp:attachment":[{"href":"https:\/\/www.runnek.fr\/shop\/wp-json\/wp\/v2\/media?parent=590"}],"wp:term":[{"taxonomy":"product_brand","embeddable":true,"href":"https:\/\/www.runnek.fr\/shop\/wp-json\/wp\/v2\/product_brand?post=590"},{"taxonomy":"product_cat","embeddable":true,"href":"https:\/\/www.runnek.fr\/shop\/wp-json\/wp\/v2\/product_cat?post=590"},{"taxonomy":"product_tag","embeddable":true,"href":"https:\/\/www.runnek.fr\/shop\/wp-json\/wp\/v2\/product_tag?post=590"}],"curies":[{"name":"wp","href":"https:\/\/api.w.org\/{rel}","templated":true}]}}