{"id":5120,"date":"2024-09-03T10:02:42","date_gmt":"2024-09-03T08:02:42","guid":{"rendered":"https:\/\/www.runnek.fr\/shop\/p\/non%20class\u00e9\/maillot-femme-runnek-kross\/"},"modified":"2026-04-18T14:14:34","modified_gmt":"2026-04-18T12:14:34","slug":"maillot-femme-runnek-kross","status":"publish","type":"product","link":"https:\/\/www.runnek.fr\/shop\/p\/running-femme\/t-shirt-a-manches-courtes-femme\/maillot-femme-runnek-kross\/","title":{"rendered":"Maillot femme runnek kross"},"content":{"rendered":"<p>Toujours en avant-garde ! Nouveau T-shirt de running f\u00e9minin pour afficher style et dynamisme.<\/p>\n<p>Avec une coupe asym\u00e9trique audacieuse qui, selon la tradition de Runnek, met en valeur le dynamisme sportif avec une touche d&rsquo;\u00e9l\u00e9gance. Un design g\u00e9om\u00e9trique s&rsquo;associe aux couleurs les plus tendance de la saison sportive.<\/p>\n<p>Innovation constante dans le d\u00e9veloppement de tissus de haute qualit\u00e9 qui offrent l\u00e9g\u00e8ret\u00e9 et respirabilit\u00e9 exceptionnelles, pour vous pousser au-del\u00e0 de toutes les limites.<\/p>\n<p>Couleurs :<\/p>\n<ul>\n<li>Turquoise N\u00e9on et Navy Pro<\/li>\n<li>Vert Dark Pro et Turquoise N\u00e9on<\/li>\n<li>Rouge Ultra Fluor et Navy Pro<\/li>\n<li>Gris R\u00e9fl\u00e9chissant et Blanc Ultra<\/li>\n<li>Jaune Pro et Vert Dark Pro<\/li>\n<\/ul>\n<p>&nbsp;<br \/>\nRunnek fabrique selon des standards de qualit\u00e9 et des technologies exclusives:<\/p>\n<div class=\"avia-gallery\"><a href=\"https:\/\/www.runnek.fr\/shop\/wp-content\/uploads\/2023\/06\/technologie-runnek.jpg\"><img decoding=\"async\" class=\"alignnone size-full wp-image-2276\" style=\"width: 80%; padding: 0;\" title=\"Technologie\" src=\"https:\/\/www.runnek.fr\/shop\/wp-content\/uploads\/2023\/06\/technologie.webp\" alt=\"Technologie Runnek\" \/><\/a><\/div>\n","protected":false},"excerpt":{"rendered":"<ul>\n<li>TOUJOURS \u00c0 LA POINTE DE LA MODE &#8211; Design asym\u00e9trique avec un contraste de couleurs tendance.<\/li>\n<li>CARACT\u00c8RE RUNNING &#8211; Une coupe sportive sans perdre en \u00e9l\u00e9gance, avec le caract\u00e8re Runnek qui caract\u00e9rise nos v\u00eatements.<\/li>\n<li>TOUJOURS FRAIS &#8211; Tissu qui augmente la respirabilit\u00e9 et l&rsquo;expulsion de la chaleur pour vous sentir toujours sec et frais.<\/li>\n<li>AJUSTEMENT PARFAIT &#8211; Notre technologie Skin4Run garantit un ajustement parfait \u00e0 votre corps pour am\u00e9liorer vos performances.<\/li>\n<\/ul>\n","protected":false},"featured_media":5195,"comment_status":"open","ping_status":"closed","template":"","meta":{"_acf_changed":false},"product_brand":[],"product_cat":[41],"product_tag":[],"class_list":{"0":"post-5120","1":"product","2":"type-product","3":"status-publish","4":"has-post-thumbnail","6":"product_cat-t-shirt-a-manches-courtes-femme","8":"first","9":"instock","10":"taxable","11":"shipping-taxable","12":"purchasable","13":"product-type-variable","14":"wvs-archive-product-wrapper"},"acf":[],"yoast_head":"<!-- This site is optimized with the Yoast SEO plugin v27.3 - https:\/\/yoast.com\/product\/yoast-seo-wordpress\/ -->\n<title>Maillot femme runnek kross - Shop Runnek<\/title>\n<meta name=\"robots\" content=\"index, follow, max-snippet:-1, max-image-preview:large, max-video-preview:-1\" \/>\n<link rel=\"canonical\" href=\"https:\/\/www.runnek.fr\/shop\/p\/running-femme\/t-shirt-a-manches-courtes-femme\/maillot-femme-runnek-kross\/\" \/>\n<meta property=\"og:locale\" content=\"fr_FR\" \/>\n<meta property=\"og:type\" content=\"article\" \/>\n<meta property=\"og:title\" content=\"Maillot femme runnek kross - Shop Runnek\" \/>\n<meta property=\"og:description\" content=\"TOUJOURS \u00c0 LA POINTE DE LA MODE - Design asym\u00e9trique avec un contraste de couleurs tendance. CARACT\u00c8RE RUNNING - Une coupe sportive sans perdre en \u00e9l\u00e9gance, avec le caract\u00e8re Runnek qui caract\u00e9rise nos v\u00eatements. TOUJOURS FRAIS - Tissu qui augmente la respirabilit\u00e9 et l&#039;expulsion de la chaleur pour vous sentir toujours sec et frais. AJUSTEMENT PARFAIT - Notre technologie Skin4Run garantit un ajustement parfait \u00e0 votre corps pour am\u00e9liorer vos performances.\" \/>\n<meta property=\"og:url\" content=\"https:\/\/www.runnek.fr\/shop\/p\/running-femme\/t-shirt-a-manches-courtes-femme\/maillot-femme-runnek-kross\/\" \/>\n<meta property=\"og:site_name\" content=\"Shop Runnek\" \/>\n<meta property=\"article:publisher\" content=\"https:\/\/www.facebook.com\/runnekitalia\/\" \/>\n<meta property=\"article:modified_time\" content=\"2026-04-18T12:14:34+00:00\" \/>\n<meta property=\"og:image\" content=\"https:\/\/www.runnek.fr\/shop\/wp-content\/uploads\/2024\/09\/runnek-kross-rouge-ultra-fluor-et-navy-pro-femme-1.webp\" \/>\n\t<meta property=\"og:image:width\" content=\"800\" \/>\n\t<meta property=\"og:image:height\" content=\"800\" \/>\n\t<meta property=\"og:image:type\" content=\"image\/webp\" \/>\n<meta name=\"twitter:card\" content=\"summary_large_image\" \/>\n<meta name=\"twitter:site\" content=\"@RunnekItalia\" \/>\n<meta name=\"twitter:label1\" content=\"Dur\u00e9e de lecture estim\u00e9e\" \/>\n\t<meta name=\"twitter:data1\" content=\"1 minute\" \/>\n<script type=\"application\/ld+json\" class=\"yoast-schema-graph\">{\"@context\":\"https:\\\/\\\/schema.org\",\"@graph\":[{\"@type\":\"WebPage\",\"@id\":\"https:\\\/\\\/www.runnek.fr\\\/shop\\\/p\\\/running-femme\\\/t-shirt-a-manches-courtes-femme\\\/maillot-femme-runnek-kross\\\/\",\"url\":\"https:\\\/\\\/www.runnek.fr\\\/shop\\\/p\\\/running-femme\\\/t-shirt-a-manches-courtes-femme\\\/maillot-femme-runnek-kross\\\/\",\"name\":\"Maillot femme runnek kross - Shop Runnek\",\"isPartOf\":{\"@id\":\"https:\\\/\\\/www.runnek.fr\\\/shop\\\/#website\"},\"primaryImageOfPage\":{\"@id\":\"https:\\\/\\\/www.runnek.fr\\\/shop\\\/p\\\/running-femme\\\/t-shirt-a-manches-courtes-femme\\\/maillot-femme-runnek-kross\\\/#primaryimage\"},\"image\":{\"@id\":\"https:\\\/\\\/www.runnek.fr\\\/shop\\\/p\\\/running-femme\\\/t-shirt-a-manches-courtes-femme\\\/maillot-femme-runnek-kross\\\/#primaryimage\"},\"thumbnailUrl\":\"https:\\\/\\\/www.runnek.fr\\\/shop\\\/wp-content\\\/uploads\\\/2024\\\/09\\\/runnek-kross-rouge-ultra-fluor-et-navy-pro-femme-1.webp\",\"datePublished\":\"2024-09-03T08:02:42+00:00\",\"dateModified\":\"2026-04-18T12:14:34+00:00\",\"breadcrumb\":{\"@id\":\"https:\\\/\\\/www.runnek.fr\\\/shop\\\/p\\\/running-femme\\\/t-shirt-a-manches-courtes-femme\\\/maillot-femme-runnek-kross\\\/#breadcrumb\"},\"inLanguage\":\"fr-FR\",\"potentialAction\":[{\"@type\":\"ReadAction\",\"target\":[\"https:\\\/\\\/www.runnek.fr\\\/shop\\\/p\\\/running-femme\\\/t-shirt-a-manches-courtes-femme\\\/maillot-femme-runnek-kross\\\/\"]}]},{\"@type\":\"ImageObject\",\"inLanguage\":\"fr-FR\",\"@id\":\"https:\\\/\\\/www.runnek.fr\\\/shop\\\/p\\\/running-femme\\\/t-shirt-a-manches-courtes-femme\\\/maillot-femme-runnek-kross\\\/#primaryimage\",\"url\":\"https:\\\/\\\/www.runnek.fr\\\/shop\\\/wp-content\\\/uploads\\\/2024\\\/09\\\/runnek-kross-rouge-ultra-fluor-et-navy-pro-femme-1.webp\",\"contentUrl\":\"https:\\\/\\\/www.runnek.fr\\\/shop\\\/wp-content\\\/uploads\\\/2024\\\/09\\\/runnek-kross-rouge-ultra-fluor-et-navy-pro-femme-1.webp\",\"width\":800,\"height\":800,\"caption\":\"Runnek Kross Rouge Ultra Fluor Et Navy Pro Femme\"},{\"@type\":\"BreadcrumbList\",\"@id\":\"https:\\\/\\\/www.runnek.fr\\\/shop\\\/p\\\/running-femme\\\/t-shirt-a-manches-courtes-femme\\\/maillot-femme-runnek-kross\\\/#breadcrumb\",\"itemListElement\":[{\"@type\":\"ListItem\",\"position\":1,\"name\":\"Portada\",\"item\":\"https:\\\/\\\/www.runnek.fr\\\/shop\\\/\"},{\"@type\":\"ListItem\",\"position\":2,\"name\":\"boutique\",\"item\":\"https:\\\/\\\/www.runnek.fr\\\/shop\\\/boutique\\\/\"},{\"@type\":\"ListItem\",\"position\":3,\"name\":\"Maillot femme runnek kross\"}]},{\"@type\":\"WebSite\",\"@id\":\"https:\\\/\\\/www.runnek.fr\\\/shop\\\/#website\",\"url\":\"https:\\\/\\\/www.runnek.fr\\\/shop\\\/\",\"name\":\"Shop Runnek\",\"description\":\"\",\"publisher\":{\"@id\":\"https:\\\/\\\/www.runnek.fr\\\/shop\\\/#organization\"},\"potentialAction\":[{\"@type\":\"SearchAction\",\"target\":{\"@type\":\"EntryPoint\",\"urlTemplate\":\"https:\\\/\\\/www.runnek.fr\\\/shop\\\/?s={search_term_string}\"},\"query-input\":{\"@type\":\"PropertyValueSpecification\",\"valueRequired\":true,\"valueName\":\"search_term_string\"}}],\"inLanguage\":\"fr-FR\"},{\"@type\":\"Organization\",\"@id\":\"https:\\\/\\\/www.runnek.fr\\\/shop\\\/#organization\",\"name\":\"Shop Runnek\",\"url\":\"https:\\\/\\\/www.runnek.fr\\\/shop\\\/\",\"logo\":{\"@type\":\"ImageObject\",\"inLanguage\":\"fr-FR\",\"@id\":\"https:\\\/\\\/www.runnek.fr\\\/shop\\\/#\\\/schema\\\/logo\\\/image\\\/\",\"url\":\"https:\\\/\\\/www.runnek.fr\\\/shop\\\/wp-content\\\/uploads\\\/2020\\\/11\\\/logo-runnek.png\",\"contentUrl\":\"https:\\\/\\\/www.runnek.fr\\\/shop\\\/wp-content\\\/uploads\\\/2020\\\/11\\\/logo-runnek.png\",\"width\":680,\"height\":252,\"caption\":\"Shop Runnek\"},\"image\":{\"@id\":\"https:\\\/\\\/www.runnek.fr\\\/shop\\\/#\\\/schema\\\/logo\\\/image\\\/\"},\"sameAs\":[\"https:\\\/\\\/www.facebook.com\\\/runnekitalia\\\/\",\"https:\\\/\\\/x.com\\\/RunnekItalia\",\"https:\\\/\\\/instagram.com\\\/runnek\",\"https:\\\/\\\/www.youtube.com\\\/user\\\/magliarunningIT\"]}]}<\/script>\n<!-- \/ Yoast SEO plugin. -->","yoast_head_json":{"title":"Maillot femme runnek kross - Shop Runnek","robots":{"index":"index","follow":"follow","max-snippet":"max-snippet:-1","max-image-preview":"max-image-preview:large","max-video-preview":"max-video-preview:-1"},"canonical":"https:\/\/www.runnek.fr\/shop\/p\/running-femme\/t-shirt-a-manches-courtes-femme\/maillot-femme-runnek-kross\/","og_locale":"fr_FR","og_type":"article","og_title":"Maillot femme runnek kross - Shop Runnek","og_description":"TOUJOURS \u00c0 LA POINTE DE LA MODE - Design asym\u00e9trique avec un contraste de couleurs tendance. CARACT\u00c8RE RUNNING - Une coupe sportive sans perdre en \u00e9l\u00e9gance, avec le caract\u00e8re Runnek qui caract\u00e9rise nos v\u00eatements. TOUJOURS FRAIS - Tissu qui augmente la respirabilit\u00e9 et l'expulsion de la chaleur pour vous sentir toujours sec et frais. AJUSTEMENT PARFAIT - Notre technologie Skin4Run garantit un ajustement parfait \u00e0 votre corps pour am\u00e9liorer vos performances.","og_url":"https:\/\/www.runnek.fr\/shop\/p\/running-femme\/t-shirt-a-manches-courtes-femme\/maillot-femme-runnek-kross\/","og_site_name":"Shop Runnek","article_publisher":"https:\/\/www.facebook.com\/runnekitalia\/","article_modified_time":"2026-04-18T12:14:34+00:00","og_image":[{"width":800,"height":800,"url":"https:\/\/www.runnek.fr\/shop\/wp-content\/uploads\/2024\/09\/runnek-kross-rouge-ultra-fluor-et-navy-pro-femme-1.webp","type":"image\/webp"}],"twitter_card":"summary_large_image","twitter_site":"@RunnekItalia","twitter_misc":{"Dur\u00e9e de lecture estim\u00e9e":"1 minute"},"schema":{"@context":"https:\/\/schema.org","@graph":[{"@type":"WebPage","@id":"https:\/\/www.runnek.fr\/shop\/p\/running-femme\/t-shirt-a-manches-courtes-femme\/maillot-femme-runnek-kross\/","url":"https:\/\/www.runnek.fr\/shop\/p\/running-femme\/t-shirt-a-manches-courtes-femme\/maillot-femme-runnek-kross\/","name":"Maillot femme runnek kross - Shop Runnek","isPartOf":{"@id":"https:\/\/www.runnek.fr\/shop\/#website"},"primaryImageOfPage":{"@id":"https:\/\/www.runnek.fr\/shop\/p\/running-femme\/t-shirt-a-manches-courtes-femme\/maillot-femme-runnek-kross\/#primaryimage"},"image":{"@id":"https:\/\/www.runnek.fr\/shop\/p\/running-femme\/t-shirt-a-manches-courtes-femme\/maillot-femme-runnek-kross\/#primaryimage"},"thumbnailUrl":"https:\/\/www.runnek.fr\/shop\/wp-content\/uploads\/2024\/09\/runnek-kross-rouge-ultra-fluor-et-navy-pro-femme-1.webp","datePublished":"2024-09-03T08:02:42+00:00","dateModified":"2026-04-18T12:14:34+00:00","breadcrumb":{"@id":"https:\/\/www.runnek.fr\/shop\/p\/running-femme\/t-shirt-a-manches-courtes-femme\/maillot-femme-runnek-kross\/#breadcrumb"},"inLanguage":"fr-FR","potentialAction":[{"@type":"ReadAction","target":["https:\/\/www.runnek.fr\/shop\/p\/running-femme\/t-shirt-a-manches-courtes-femme\/maillot-femme-runnek-kross\/"]}]},{"@type":"ImageObject","inLanguage":"fr-FR","@id":"https:\/\/www.runnek.fr\/shop\/p\/running-femme\/t-shirt-a-manches-courtes-femme\/maillot-femme-runnek-kross\/#primaryimage","url":"https:\/\/www.runnek.fr\/shop\/wp-content\/uploads\/2024\/09\/runnek-kross-rouge-ultra-fluor-et-navy-pro-femme-1.webp","contentUrl":"https:\/\/www.runnek.fr\/shop\/wp-content\/uploads\/2024\/09\/runnek-kross-rouge-ultra-fluor-et-navy-pro-femme-1.webp","width":800,"height":800,"caption":"Runnek Kross Rouge Ultra Fluor Et Navy Pro Femme"},{"@type":"BreadcrumbList","@id":"https:\/\/www.runnek.fr\/shop\/p\/running-femme\/t-shirt-a-manches-courtes-femme\/maillot-femme-runnek-kross\/#breadcrumb","itemListElement":[{"@type":"ListItem","position":1,"name":"Portada","item":"https:\/\/www.runnek.fr\/shop\/"},{"@type":"ListItem","position":2,"name":"boutique","item":"https:\/\/www.runnek.fr\/shop\/boutique\/"},{"@type":"ListItem","position":3,"name":"Maillot femme runnek kross"}]},{"@type":"WebSite","@id":"https:\/\/www.runnek.fr\/shop\/#website","url":"https:\/\/www.runnek.fr\/shop\/","name":"Shop Runnek","description":"","publisher":{"@id":"https:\/\/www.runnek.fr\/shop\/#organization"},"potentialAction":[{"@type":"SearchAction","target":{"@type":"EntryPoint","urlTemplate":"https:\/\/www.runnek.fr\/shop\/?s={search_term_string}"},"query-input":{"@type":"PropertyValueSpecification","valueRequired":true,"valueName":"search_term_string"}}],"inLanguage":"fr-FR"},{"@type":"Organization","@id":"https:\/\/www.runnek.fr\/shop\/#organization","name":"Shop Runnek","url":"https:\/\/www.runnek.fr\/shop\/","logo":{"@type":"ImageObject","inLanguage":"fr-FR","@id":"https:\/\/www.runnek.fr\/shop\/#\/schema\/logo\/image\/","url":"https:\/\/www.runnek.fr\/shop\/wp-content\/uploads\/2020\/11\/logo-runnek.png","contentUrl":"https:\/\/www.runnek.fr\/shop\/wp-content\/uploads\/2020\/11\/logo-runnek.png","width":680,"height":252,"caption":"Shop Runnek"},"image":{"@id":"https:\/\/www.runnek.fr\/shop\/#\/schema\/logo\/image\/"},"sameAs":["https:\/\/www.facebook.com\/runnekitalia\/","https:\/\/x.com\/RunnekItalia","https:\/\/instagram.com\/runnek","https:\/\/www.youtube.com\/user\/magliarunningIT"]}]}},"_links":{"self":[{"href":"https:\/\/www.runnek.fr\/shop\/wp-json\/wp\/v2\/product\/5120","targetHints":{"allow":["GET"]}}],"collection":[{"href":"https:\/\/www.runnek.fr\/shop\/wp-json\/wp\/v2\/product"}],"about":[{"href":"https:\/\/www.runnek.fr\/shop\/wp-json\/wp\/v2\/types\/product"}],"replies":[{"embeddable":true,"href":"https:\/\/www.runnek.fr\/shop\/wp-json\/wp\/v2\/comments?post=5120"}],"wp:featuredmedia":[{"embeddable":true,"href":"https:\/\/www.runnek.fr\/shop\/wp-json\/wp\/v2\/media\/5195"}],"wp:attachment":[{"href":"https:\/\/www.runnek.fr\/shop\/wp-json\/wp\/v2\/media?parent=5120"}],"wp:term":[{"taxonomy":"product_brand","embeddable":true,"href":"https:\/\/www.runnek.fr\/shop\/wp-json\/wp\/v2\/product_brand?post=5120"},{"taxonomy":"product_cat","embeddable":true,"href":"https:\/\/www.runnek.fr\/shop\/wp-json\/wp\/v2\/product_cat?post=5120"},{"taxonomy":"product_tag","embeddable":true,"href":"https:\/\/www.runnek.fr\/shop\/wp-json\/wp\/v2\/product_tag?post=5120"}],"curies":[{"name":"wp","href":"https:\/\/api.w.org\/{rel}","templated":true}]}}