{"id":4919,"date":"2024-06-05T21:17:16","date_gmt":"2024-06-05T19:17:16","guid":{"rendered":"https:\/\/www.runnek.fr\/shop\/p\/non%20class\u00e9\/maillot-runnek-grady\/"},"modified":"2026-04-18T14:14:40","modified_gmt":"2026-04-18T12:14:40","slug":"maillot-runnek-grady","status":"publish","type":"product","link":"https:\/\/www.runnek.fr\/shop\/p\/running-homme\/t-shirt-a-manches-courtes\/maillot-runnek-grady\/","title":{"rendered":"Maillot runnek grady"},"content":{"rendered":"<p>Nouveau mod\u00e8le r\u00e9alis\u00e9 avec le meilleur tissu de l&rsquo;histoire de Runnek : \u00c9lastec!<br \/>\nLibert\u00e9 de mouvement totale gr\u00e2ce \u00e0 son \u00e9lasticit\u00e9 sportive et l\u00e9g\u00e8ret\u00e9 maximale.<br \/>\nSensation super confortable gr\u00e2ce \u00e0 ses coutures plates qui \u00e9vitent les frottements et offrent un ajustement parfait pour la comp\u00e9tition, avec des fibres qui retrouvent leur \u00e9tat d&rsquo;origine apr\u00e8s utilisation.<\/p>\n<p>Couleurs:<\/p>\n<ul>\n<li>Rouge Rome et Jaune Pro<\/li>\n<li>Cyan Pro et Marine<\/li>\n<li>Gris perle et gris anthracite<\/li>\n<li>Marine et Rouge Rome<\/li>\n<li>Vert citron et bleu indigo<\/li>\n<\/ul>\n<p>Runnek fabrique selon des normes de qualit\u00e9 et des technologies exclusives :<\/p>\n<div class=\"avia-gallery\"><a href=\"https:\/\/www.runnek.fr\/shop\/wp-content\/uploads\/2024\/06\/shop-runnek.jpg\"><img decoding=\"async\" class=\"alignnone size-full wp-image-2276\" style=\"width: 80%; padding: 0;\" title=\"Technologie\" src=\"https:\/\/www.runnek.fr\/shop\/wp-content\/uploads\/2024\/06\/icon-elastec.jpg\" alt=\"Technologie Runnek\" \/><\/a><\/div>\n","protected":false},"excerpt":{"rendered":"<ul>\n<li><strong>RESSENTS LA LIBERT\u00c9<\/strong>: Le tissu technique ultral\u00e9ger Elastec offre une libert\u00e9 absolue de mouvement.<\/li>\n<li><strong>FRA\u00ceCHEUR MAXIMALE<\/strong>: Elastec offre une fra\u00eecheur maximale dans les zones de accumulation de chaleur.<\/li>\n<li><strong>RESPIRABILIT\u00c9 PUISSANTE<\/strong>: Elastec augmente la respirabilit\u00e9 et l&rsquo;expulsion de la chaleur.<\/li>\n<li><strong>AJUSTEMENT PARFAIT<\/strong>: Notre technologie Skin4Run garantit un ajustement parfait \u00e0 votre corps pour am\u00e9liorer vos performances.<\/li>\n<\/ul>\n","protected":false},"featured_media":5207,"comment_status":"open","ping_status":"closed","template":"","meta":{"_acf_changed":false},"product_brand":[],"product_cat":[20],"product_tag":[],"class_list":{"0":"post-4919","1":"product","2":"type-product","3":"status-publish","4":"has-post-thumbnail","6":"product_cat-t-shirt-a-manches-courtes","8":"first","9":"instock","10":"taxable","11":"shipping-taxable","12":"purchasable","13":"product-type-variable","14":"wvs-archive-product-wrapper"},"acf":[],"yoast_head":"<!-- This site is optimized with the Yoast SEO plugin v27.3 - https:\/\/yoast.com\/product\/yoast-seo-wordpress\/ -->\n<title>Maillot runnek grady - Shop Runnek<\/title>\n<meta name=\"robots\" content=\"index, follow, max-snippet:-1, max-image-preview:large, max-video-preview:-1\" \/>\n<link rel=\"canonical\" href=\"https:\/\/www.runnek.fr\/shop\/p\/running-homme\/t-shirt-a-manches-courtes\/maillot-runnek-grady\/\" \/>\n<meta property=\"og:locale\" content=\"fr_FR\" \/>\n<meta property=\"og:type\" content=\"article\" \/>\n<meta property=\"og:title\" content=\"Maillot runnek grady - Shop Runnek\" \/>\n<meta property=\"og:description\" content=\"RESSENTS LA LIBERT\u00c9: Le tissu technique ultral\u00e9ger Elastec offre une libert\u00e9 absolue de mouvement.  FRA\u00ceCHEUR MAXIMALE: Elastec offre une fra\u00eecheur maximale dans les zones de accumulation de chaleur.  RESPIRABILIT\u00c9 PUISSANTE: Elastec augmente la respirabilit\u00e9 et l&#039;expulsion de la chaleur.  AJUSTEMENT PARFAIT: Notre technologie Skin4Run garantit un ajustement parfait \u00e0 votre corps pour am\u00e9liorer vos performances.\" \/>\n<meta property=\"og:url\" content=\"https:\/\/www.runnek.fr\/shop\/p\/running-homme\/t-shirt-a-manches-courtes\/maillot-runnek-grady\/\" \/>\n<meta property=\"og:site_name\" content=\"Shop Runnek\" \/>\n<meta property=\"article:publisher\" content=\"https:\/\/www.facebook.com\/runnekitalia\/\" \/>\n<meta property=\"article:modified_time\" content=\"2026-04-18T12:14:40+00:00\" \/>\n<meta property=\"og:image\" content=\"https:\/\/www.runnek.fr\/shop\/wp-content\/uploads\/2024\/09\/products-grady.webp\" \/>\n\t<meta property=\"og:image:width\" content=\"800\" \/>\n\t<meta property=\"og:image:height\" content=\"800\" \/>\n\t<meta property=\"og:image:type\" content=\"image\/webp\" \/>\n<meta name=\"twitter:card\" content=\"summary_large_image\" \/>\n<meta name=\"twitter:site\" content=\"@RunnekItalia\" \/>\n<meta name=\"twitter:label1\" content=\"Dur\u00e9e de lecture estim\u00e9e\" \/>\n\t<meta name=\"twitter:data1\" content=\"1 minute\" \/>\n<script type=\"application\/ld+json\" class=\"yoast-schema-graph\">{\"@context\":\"https:\\\/\\\/schema.org\",\"@graph\":[{\"@type\":\"WebPage\",\"@id\":\"https:\\\/\\\/www.runnek.fr\\\/shop\\\/p\\\/running-homme\\\/t-shirt-a-manches-courtes\\\/maillot-runnek-grady\\\/\",\"url\":\"https:\\\/\\\/www.runnek.fr\\\/shop\\\/p\\\/running-homme\\\/t-shirt-a-manches-courtes\\\/maillot-runnek-grady\\\/\",\"name\":\"Maillot runnek grady - Shop Runnek\",\"isPartOf\":{\"@id\":\"https:\\\/\\\/www.runnek.fr\\\/shop\\\/#website\"},\"primaryImageOfPage\":{\"@id\":\"https:\\\/\\\/www.runnek.fr\\\/shop\\\/p\\\/running-homme\\\/t-shirt-a-manches-courtes\\\/maillot-runnek-grady\\\/#primaryimage\"},\"image\":{\"@id\":\"https:\\\/\\\/www.runnek.fr\\\/shop\\\/p\\\/running-homme\\\/t-shirt-a-manches-courtes\\\/maillot-runnek-grady\\\/#primaryimage\"},\"thumbnailUrl\":\"https:\\\/\\\/www.runnek.fr\\\/shop\\\/wp-content\\\/uploads\\\/2024\\\/09\\\/products-grady.webp\",\"datePublished\":\"2024-06-05T19:17:16+00:00\",\"dateModified\":\"2026-04-18T12:14:40+00:00\",\"breadcrumb\":{\"@id\":\"https:\\\/\\\/www.runnek.fr\\\/shop\\\/p\\\/running-homme\\\/t-shirt-a-manches-courtes\\\/maillot-runnek-grady\\\/#breadcrumb\"},\"inLanguage\":\"fr-FR\",\"potentialAction\":[{\"@type\":\"ReadAction\",\"target\":[\"https:\\\/\\\/www.runnek.fr\\\/shop\\\/p\\\/running-homme\\\/t-shirt-a-manches-courtes\\\/maillot-runnek-grady\\\/\"]}]},{\"@type\":\"ImageObject\",\"inLanguage\":\"fr-FR\",\"@id\":\"https:\\\/\\\/www.runnek.fr\\\/shop\\\/p\\\/running-homme\\\/t-shirt-a-manches-courtes\\\/maillot-runnek-grady\\\/#primaryimage\",\"url\":\"https:\\\/\\\/www.runnek.fr\\\/shop\\\/wp-content\\\/uploads\\\/2024\\\/09\\\/products-grady.webp\",\"contentUrl\":\"https:\\\/\\\/www.runnek.fr\\\/shop\\\/wp-content\\\/uploads\\\/2024\\\/09\\\/products-grady.webp\",\"width\":800,\"height\":800,\"caption\":\"Runnek Grady\"},{\"@type\":\"BreadcrumbList\",\"@id\":\"https:\\\/\\\/www.runnek.fr\\\/shop\\\/p\\\/running-homme\\\/t-shirt-a-manches-courtes\\\/maillot-runnek-grady\\\/#breadcrumb\",\"itemListElement\":[{\"@type\":\"ListItem\",\"position\":1,\"name\":\"Portada\",\"item\":\"https:\\\/\\\/www.runnek.fr\\\/shop\\\/\"},{\"@type\":\"ListItem\",\"position\":2,\"name\":\"boutique\",\"item\":\"https:\\\/\\\/www.runnek.fr\\\/shop\\\/boutique\\\/\"},{\"@type\":\"ListItem\",\"position\":3,\"name\":\"Maillot runnek grady\"}]},{\"@type\":\"WebSite\",\"@id\":\"https:\\\/\\\/www.runnek.fr\\\/shop\\\/#website\",\"url\":\"https:\\\/\\\/www.runnek.fr\\\/shop\\\/\",\"name\":\"Shop Runnek\",\"description\":\"\",\"publisher\":{\"@id\":\"https:\\\/\\\/www.runnek.fr\\\/shop\\\/#organization\"},\"potentialAction\":[{\"@type\":\"SearchAction\",\"target\":{\"@type\":\"EntryPoint\",\"urlTemplate\":\"https:\\\/\\\/www.runnek.fr\\\/shop\\\/?s={search_term_string}\"},\"query-input\":{\"@type\":\"PropertyValueSpecification\",\"valueRequired\":true,\"valueName\":\"search_term_string\"}}],\"inLanguage\":\"fr-FR\"},{\"@type\":\"Organization\",\"@id\":\"https:\\\/\\\/www.runnek.fr\\\/shop\\\/#organization\",\"name\":\"Shop Runnek\",\"url\":\"https:\\\/\\\/www.runnek.fr\\\/shop\\\/\",\"logo\":{\"@type\":\"ImageObject\",\"inLanguage\":\"fr-FR\",\"@id\":\"https:\\\/\\\/www.runnek.fr\\\/shop\\\/#\\\/schema\\\/logo\\\/image\\\/\",\"url\":\"https:\\\/\\\/www.runnek.fr\\\/shop\\\/wp-content\\\/uploads\\\/2020\\\/11\\\/logo-runnek.png\",\"contentUrl\":\"https:\\\/\\\/www.runnek.fr\\\/shop\\\/wp-content\\\/uploads\\\/2020\\\/11\\\/logo-runnek.png\",\"width\":680,\"height\":252,\"caption\":\"Shop Runnek\"},\"image\":{\"@id\":\"https:\\\/\\\/www.runnek.fr\\\/shop\\\/#\\\/schema\\\/logo\\\/image\\\/\"},\"sameAs\":[\"https:\\\/\\\/www.facebook.com\\\/runnekitalia\\\/\",\"https:\\\/\\\/x.com\\\/RunnekItalia\",\"https:\\\/\\\/instagram.com\\\/runnek\",\"https:\\\/\\\/www.youtube.com\\\/user\\\/magliarunningIT\"]}]}<\/script>\n<!-- \/ Yoast SEO plugin. -->","yoast_head_json":{"title":"Maillot runnek grady - Shop Runnek","robots":{"index":"index","follow":"follow","max-snippet":"max-snippet:-1","max-image-preview":"max-image-preview:large","max-video-preview":"max-video-preview:-1"},"canonical":"https:\/\/www.runnek.fr\/shop\/p\/running-homme\/t-shirt-a-manches-courtes\/maillot-runnek-grady\/","og_locale":"fr_FR","og_type":"article","og_title":"Maillot runnek grady - Shop Runnek","og_description":"RESSENTS LA LIBERT\u00c9: Le tissu technique ultral\u00e9ger Elastec offre une libert\u00e9 absolue de mouvement.  FRA\u00ceCHEUR MAXIMALE: Elastec offre une fra\u00eecheur maximale dans les zones de accumulation de chaleur.  RESPIRABILIT\u00c9 PUISSANTE: Elastec augmente la respirabilit\u00e9 et l'expulsion de la chaleur.  AJUSTEMENT PARFAIT: Notre technologie Skin4Run garantit un ajustement parfait \u00e0 votre corps pour am\u00e9liorer vos performances.","og_url":"https:\/\/www.runnek.fr\/shop\/p\/running-homme\/t-shirt-a-manches-courtes\/maillot-runnek-grady\/","og_site_name":"Shop Runnek","article_publisher":"https:\/\/www.facebook.com\/runnekitalia\/","article_modified_time":"2026-04-18T12:14:40+00:00","og_image":[{"width":800,"height":800,"url":"https:\/\/www.runnek.fr\/shop\/wp-content\/uploads\/2024\/09\/products-grady.webp","type":"image\/webp"}],"twitter_card":"summary_large_image","twitter_site":"@RunnekItalia","twitter_misc":{"Dur\u00e9e de lecture estim\u00e9e":"1 minute"},"schema":{"@context":"https:\/\/schema.org","@graph":[{"@type":"WebPage","@id":"https:\/\/www.runnek.fr\/shop\/p\/running-homme\/t-shirt-a-manches-courtes\/maillot-runnek-grady\/","url":"https:\/\/www.runnek.fr\/shop\/p\/running-homme\/t-shirt-a-manches-courtes\/maillot-runnek-grady\/","name":"Maillot runnek grady - Shop Runnek","isPartOf":{"@id":"https:\/\/www.runnek.fr\/shop\/#website"},"primaryImageOfPage":{"@id":"https:\/\/www.runnek.fr\/shop\/p\/running-homme\/t-shirt-a-manches-courtes\/maillot-runnek-grady\/#primaryimage"},"image":{"@id":"https:\/\/www.runnek.fr\/shop\/p\/running-homme\/t-shirt-a-manches-courtes\/maillot-runnek-grady\/#primaryimage"},"thumbnailUrl":"https:\/\/www.runnek.fr\/shop\/wp-content\/uploads\/2024\/09\/products-grady.webp","datePublished":"2024-06-05T19:17:16+00:00","dateModified":"2026-04-18T12:14:40+00:00","breadcrumb":{"@id":"https:\/\/www.runnek.fr\/shop\/p\/running-homme\/t-shirt-a-manches-courtes\/maillot-runnek-grady\/#breadcrumb"},"inLanguage":"fr-FR","potentialAction":[{"@type":"ReadAction","target":["https:\/\/www.runnek.fr\/shop\/p\/running-homme\/t-shirt-a-manches-courtes\/maillot-runnek-grady\/"]}]},{"@type":"ImageObject","inLanguage":"fr-FR","@id":"https:\/\/www.runnek.fr\/shop\/p\/running-homme\/t-shirt-a-manches-courtes\/maillot-runnek-grady\/#primaryimage","url":"https:\/\/www.runnek.fr\/shop\/wp-content\/uploads\/2024\/09\/products-grady.webp","contentUrl":"https:\/\/www.runnek.fr\/shop\/wp-content\/uploads\/2024\/09\/products-grady.webp","width":800,"height":800,"caption":"Runnek Grady"},{"@type":"BreadcrumbList","@id":"https:\/\/www.runnek.fr\/shop\/p\/running-homme\/t-shirt-a-manches-courtes\/maillot-runnek-grady\/#breadcrumb","itemListElement":[{"@type":"ListItem","position":1,"name":"Portada","item":"https:\/\/www.runnek.fr\/shop\/"},{"@type":"ListItem","position":2,"name":"boutique","item":"https:\/\/www.runnek.fr\/shop\/boutique\/"},{"@type":"ListItem","position":3,"name":"Maillot runnek grady"}]},{"@type":"WebSite","@id":"https:\/\/www.runnek.fr\/shop\/#website","url":"https:\/\/www.runnek.fr\/shop\/","name":"Shop Runnek","description":"","publisher":{"@id":"https:\/\/www.runnek.fr\/shop\/#organization"},"potentialAction":[{"@type":"SearchAction","target":{"@type":"EntryPoint","urlTemplate":"https:\/\/www.runnek.fr\/shop\/?s={search_term_string}"},"query-input":{"@type":"PropertyValueSpecification","valueRequired":true,"valueName":"search_term_string"}}],"inLanguage":"fr-FR"},{"@type":"Organization","@id":"https:\/\/www.runnek.fr\/shop\/#organization","name":"Shop Runnek","url":"https:\/\/www.runnek.fr\/shop\/","logo":{"@type":"ImageObject","inLanguage":"fr-FR","@id":"https:\/\/www.runnek.fr\/shop\/#\/schema\/logo\/image\/","url":"https:\/\/www.runnek.fr\/shop\/wp-content\/uploads\/2020\/11\/logo-runnek.png","contentUrl":"https:\/\/www.runnek.fr\/shop\/wp-content\/uploads\/2020\/11\/logo-runnek.png","width":680,"height":252,"caption":"Shop Runnek"},"image":{"@id":"https:\/\/www.runnek.fr\/shop\/#\/schema\/logo\/image\/"},"sameAs":["https:\/\/www.facebook.com\/runnekitalia\/","https:\/\/x.com\/RunnekItalia","https:\/\/instagram.com\/runnek","https:\/\/www.youtube.com\/user\/magliarunningIT"]}]}},"_links":{"self":[{"href":"https:\/\/www.runnek.fr\/shop\/wp-json\/wp\/v2\/product\/4919","targetHints":{"allow":["GET"]}}],"collection":[{"href":"https:\/\/www.runnek.fr\/shop\/wp-json\/wp\/v2\/product"}],"about":[{"href":"https:\/\/www.runnek.fr\/shop\/wp-json\/wp\/v2\/types\/product"}],"replies":[{"embeddable":true,"href":"https:\/\/www.runnek.fr\/shop\/wp-json\/wp\/v2\/comments?post=4919"}],"wp:featuredmedia":[{"embeddable":true,"href":"https:\/\/www.runnek.fr\/shop\/wp-json\/wp\/v2\/media\/5207"}],"wp:attachment":[{"href":"https:\/\/www.runnek.fr\/shop\/wp-json\/wp\/v2\/media?parent=4919"}],"wp:term":[{"taxonomy":"product_brand","embeddable":true,"href":"https:\/\/www.runnek.fr\/shop\/wp-json\/wp\/v2\/product_brand?post=4919"},{"taxonomy":"product_cat","embeddable":true,"href":"https:\/\/www.runnek.fr\/shop\/wp-json\/wp\/v2\/product_cat?post=4919"},{"taxonomy":"product_tag","embeddable":true,"href":"https:\/\/www.runnek.fr\/shop\/wp-json\/wp\/v2\/product_tag?post=4919"}],"curies":[{"name":"wp","href":"https:\/\/api.w.org\/{rel}","templated":true}]}}