{"id":4868,"date":"2024-05-16T21:17:13","date_gmt":"2024-05-16T19:17:13","guid":{"rendered":"https:\/\/www.runnek.fr\/shop\/p\/non%20class\u00e9\/debardeau-runnek-plain\/"},"modified":"2026-04-30T14:16:48","modified_gmt":"2026-04-30T12:16:48","slug":"debardeau-runnek-plain","status":"publish","type":"product","link":"https:\/\/www.runnek.fr\/shop\/p\/running-homme\/debardeur\/debardeau-runnek-plain\/","title":{"rendered":"Debardeau runnek plain"},"content":{"rendered":"<p>La version sans manches de notre Runnek Plain \u00e0 succ\u00e8s est arriv\u00e9e !<\/p>\n<p>Fabriqu\u00e9 avec des tissus techniques ultral\u00e9gers Drysens et Microtech pour que vous puissiez pratiquer votre sport au plus haut niveau. Ces tissus am\u00e9liorent la respirabilit\u00e9 et augmentent le confort en gardant votre corps au sec et au frais \u00e0 tout moment.<\/p>\n<p>De plus, il est r\u00e9alis\u00e9 avec des coutures plates pour \u00e9viter les frottements g\u00eanants pendant que vous courez et ne ressentir que la douceur maximale de son tissu.<\/p>\n<p>Couleur:<\/p>\n<ul>\n<li>Bleu Marine<\/li>\n<li>Rouge N\u00e9on<\/li>\n<li>Bleu N\u00e9on<\/li>\n<li>Jaune N\u00e9on<\/li>\n<\/ul>\n<p>Runnek fabrique selon des normes de qualit\u00e9 et des technologies exclusives :<\/p>\n<div class=\"avia-gallery\"><a href=\"https:\/\/www.runnek.fr\/shop\/wp-content\/uploads\/2023\/06\/technologie-runnek.jpg\"><img decoding=\"async\" class=\"alignnone size-full wp-image-2276\" style=\"width: 80%; padding: 0;\" title=\"Technologie\" src=\"https:\/\/www.runnek.fr\/shop\/wp-content\/uploads\/2023\/06\/technologie.webp\" alt=\"Technologie Runnek\" \/><\/a><\/div>\n<p>&nbsp;<\/p>\n","protected":false},"excerpt":{"rendered":"<ul>\n<li><strong>CAPILLARISATION MAXIMALE<\/strong>: Derni\u00e8re technologie en mati\u00e8re de tissus pour augmenter et \u00e9vacuer la transpiration.<\/li>\n<li><strong>CONFORT MAXIMAL<\/strong>: Ressentez la fra\u00eecheur dans les zones d&rsquo;accumulation de chaleur pendant que vous pratiquez votre sport pr\u00e9f\u00e9r\u00e9.<\/li>\n<li><strong>DOUCEUR SUP\u00c9RIEURE<\/strong>: Coutures plates qui \u00e9vitent les frottements g\u00eanants et donnent une douceur sup\u00e9rieure au t-shirt.<\/li>\n<li><strong>AJUSTEMENT PARFAIT<\/strong>: Gr\u00e2ce \u00e0 notre technologie Skin4Run, vous obtenez un ajustement parfait pour \u00e9viter tout inconfort inattendu.<\/li>\n<\/ul>\n","protected":false},"featured_media":5210,"comment_status":"open","ping_status":"closed","template":"","meta":{"_acf_changed":false},"product_brand":[],"product_cat":[33],"product_tag":[],"class_list":{"0":"post-4868","1":"product","2":"type-product","3":"status-publish","4":"has-post-thumbnail","6":"product_cat-debardeur","8":"first","9":"instock","10":"taxable","11":"shipping-taxable","12":"purchasable","13":"product-type-variable","14":"wvs-archive-product-wrapper"},"acf":[],"yoast_head":"<!-- This site is optimized with the Yoast SEO plugin v27.3 - https:\/\/yoast.com\/product\/yoast-seo-wordpress\/ -->\n<title>Debardeau runnek plain - Shop Runnek<\/title>\n<meta name=\"robots\" content=\"index, follow, max-snippet:-1, max-image-preview:large, max-video-preview:-1\" \/>\n<link rel=\"canonical\" href=\"https:\/\/www.runnek.fr\/shop\/p\/running-homme\/debardeur\/debardeau-runnek-plain\/\" \/>\n<meta property=\"og:locale\" content=\"fr_FR\" \/>\n<meta property=\"og:type\" content=\"article\" \/>\n<meta property=\"og:title\" content=\"Debardeau runnek plain - Shop Runnek\" \/>\n<meta property=\"og:description\" content=\"CAPILLARISATION MAXIMALE: Derni\u00e8re technologie en mati\u00e8re de tissus pour augmenter et \u00e9vacuer la transpiration.  CONFORT MAXIMAL: Ressentez la fra\u00eecheur dans les zones d&#039;accumulation de chaleur pendant que vous pratiquez votre sport pr\u00e9f\u00e9r\u00e9.  DOUCEUR SUP\u00c9RIEURE: Coutures plates qui \u00e9vitent les frottements g\u00eanants et donnent une douceur sup\u00e9rieure au t-shirt.  AJUSTEMENT PARFAIT: Gr\u00e2ce \u00e0 notre technologie Skin4Run, vous obtenez un ajustement parfait pour \u00e9viter tout inconfort inattendu.\" \/>\n<meta property=\"og:url\" content=\"https:\/\/www.runnek.fr\/shop\/p\/running-homme\/debardeur\/debardeau-runnek-plain\/\" \/>\n<meta property=\"og:site_name\" content=\"Shop Runnek\" \/>\n<meta property=\"article:publisher\" content=\"https:\/\/www.facebook.com\/runnekitalia\/\" \/>\n<meta property=\"article:modified_time\" content=\"2026-04-30T12:16:48+00:00\" \/>\n<meta property=\"og:image\" content=\"https:\/\/www.runnek.fr\/shop\/wp-content\/uploads\/2024\/09\/runnek-shop-plain-tirantes.webp\" \/>\n\t<meta property=\"og:image:width\" content=\"800\" \/>\n\t<meta property=\"og:image:height\" content=\"800\" \/>\n\t<meta property=\"og:image:type\" content=\"image\/webp\" \/>\n<meta name=\"twitter:card\" content=\"summary_large_image\" \/>\n<meta name=\"twitter:site\" content=\"@RunnekItalia\" \/>\n<meta name=\"twitter:label1\" content=\"Dur\u00e9e de lecture estim\u00e9e\" \/>\n\t<meta name=\"twitter:data1\" content=\"1 minute\" \/>\n<script type=\"application\/ld+json\" class=\"yoast-schema-graph\">{\"@context\":\"https:\\\/\\\/schema.org\",\"@graph\":[{\"@type\":\"WebPage\",\"@id\":\"https:\\\/\\\/www.runnek.fr\\\/shop\\\/p\\\/running-homme\\\/debardeur\\\/debardeau-runnek-plain\\\/\",\"url\":\"https:\\\/\\\/www.runnek.fr\\\/shop\\\/p\\\/running-homme\\\/debardeur\\\/debardeau-runnek-plain\\\/\",\"name\":\"Debardeau runnek plain - Shop Runnek\",\"isPartOf\":{\"@id\":\"https:\\\/\\\/www.runnek.fr\\\/shop\\\/#website\"},\"primaryImageOfPage\":{\"@id\":\"https:\\\/\\\/www.runnek.fr\\\/shop\\\/p\\\/running-homme\\\/debardeur\\\/debardeau-runnek-plain\\\/#primaryimage\"},\"image\":{\"@id\":\"https:\\\/\\\/www.runnek.fr\\\/shop\\\/p\\\/running-homme\\\/debardeur\\\/debardeau-runnek-plain\\\/#primaryimage\"},\"thumbnailUrl\":\"https:\\\/\\\/www.runnek.fr\\\/shop\\\/wp-content\\\/uploads\\\/2024\\\/09\\\/runnek-shop-plain-tirantes.webp\",\"datePublished\":\"2024-05-16T19:17:13+00:00\",\"dateModified\":\"2026-04-30T12:16:48+00:00\",\"breadcrumb\":{\"@id\":\"https:\\\/\\\/www.runnek.fr\\\/shop\\\/p\\\/running-homme\\\/debardeur\\\/debardeau-runnek-plain\\\/#breadcrumb\"},\"inLanguage\":\"fr-FR\",\"potentialAction\":[{\"@type\":\"ReadAction\",\"target\":[\"https:\\\/\\\/www.runnek.fr\\\/shop\\\/p\\\/running-homme\\\/debardeur\\\/debardeau-runnek-plain\\\/\"]}]},{\"@type\":\"ImageObject\",\"inLanguage\":\"fr-FR\",\"@id\":\"https:\\\/\\\/www.runnek.fr\\\/shop\\\/p\\\/running-homme\\\/debardeur\\\/debardeau-runnek-plain\\\/#primaryimage\",\"url\":\"https:\\\/\\\/www.runnek.fr\\\/shop\\\/wp-content\\\/uploads\\\/2024\\\/09\\\/runnek-shop-plain-tirantes.webp\",\"contentUrl\":\"https:\\\/\\\/www.runnek.fr\\\/shop\\\/wp-content\\\/uploads\\\/2024\\\/09\\\/runnek-shop-plain-tirantes.webp\",\"width\":800,\"height\":800,\"caption\":\"Runnek Plain Debardeur\"},{\"@type\":\"BreadcrumbList\",\"@id\":\"https:\\\/\\\/www.runnek.fr\\\/shop\\\/p\\\/running-homme\\\/debardeur\\\/debardeau-runnek-plain\\\/#breadcrumb\",\"itemListElement\":[{\"@type\":\"ListItem\",\"position\":1,\"name\":\"Portada\",\"item\":\"https:\\\/\\\/www.runnek.fr\\\/shop\\\/\"},{\"@type\":\"ListItem\",\"position\":2,\"name\":\"boutique\",\"item\":\"https:\\\/\\\/www.runnek.fr\\\/shop\\\/boutique\\\/\"},{\"@type\":\"ListItem\",\"position\":3,\"name\":\"Debardeau runnek plain\"}]},{\"@type\":\"WebSite\",\"@id\":\"https:\\\/\\\/www.runnek.fr\\\/shop\\\/#website\",\"url\":\"https:\\\/\\\/www.runnek.fr\\\/shop\\\/\",\"name\":\"Shop Runnek\",\"description\":\"\",\"publisher\":{\"@id\":\"https:\\\/\\\/www.runnek.fr\\\/shop\\\/#organization\"},\"potentialAction\":[{\"@type\":\"SearchAction\",\"target\":{\"@type\":\"EntryPoint\",\"urlTemplate\":\"https:\\\/\\\/www.runnek.fr\\\/shop\\\/?s={search_term_string}\"},\"query-input\":{\"@type\":\"PropertyValueSpecification\",\"valueRequired\":true,\"valueName\":\"search_term_string\"}}],\"inLanguage\":\"fr-FR\"},{\"@type\":\"Organization\",\"@id\":\"https:\\\/\\\/www.runnek.fr\\\/shop\\\/#organization\",\"name\":\"Shop Runnek\",\"url\":\"https:\\\/\\\/www.runnek.fr\\\/shop\\\/\",\"logo\":{\"@type\":\"ImageObject\",\"inLanguage\":\"fr-FR\",\"@id\":\"https:\\\/\\\/www.runnek.fr\\\/shop\\\/#\\\/schema\\\/logo\\\/image\\\/\",\"url\":\"https:\\\/\\\/www.runnek.fr\\\/shop\\\/wp-content\\\/uploads\\\/2020\\\/11\\\/logo-runnek.png\",\"contentUrl\":\"https:\\\/\\\/www.runnek.fr\\\/shop\\\/wp-content\\\/uploads\\\/2020\\\/11\\\/logo-runnek.png\",\"width\":680,\"height\":252,\"caption\":\"Shop Runnek\"},\"image\":{\"@id\":\"https:\\\/\\\/www.runnek.fr\\\/shop\\\/#\\\/schema\\\/logo\\\/image\\\/\"},\"sameAs\":[\"https:\\\/\\\/www.facebook.com\\\/runnekitalia\\\/\",\"https:\\\/\\\/x.com\\\/RunnekItalia\",\"https:\\\/\\\/instagram.com\\\/runnek\",\"https:\\\/\\\/www.youtube.com\\\/user\\\/magliarunningIT\"]}]}<\/script>\n<!-- \/ Yoast SEO plugin. -->","yoast_head_json":{"title":"Debardeau runnek plain - Shop Runnek","robots":{"index":"index","follow":"follow","max-snippet":"max-snippet:-1","max-image-preview":"max-image-preview:large","max-video-preview":"max-video-preview:-1"},"canonical":"https:\/\/www.runnek.fr\/shop\/p\/running-homme\/debardeur\/debardeau-runnek-plain\/","og_locale":"fr_FR","og_type":"article","og_title":"Debardeau runnek plain - Shop Runnek","og_description":"CAPILLARISATION MAXIMALE: Derni\u00e8re technologie en mati\u00e8re de tissus pour augmenter et \u00e9vacuer la transpiration.  CONFORT MAXIMAL: Ressentez la fra\u00eecheur dans les zones d'accumulation de chaleur pendant que vous pratiquez votre sport pr\u00e9f\u00e9r\u00e9.  DOUCEUR SUP\u00c9RIEURE: Coutures plates qui \u00e9vitent les frottements g\u00eanants et donnent une douceur sup\u00e9rieure au t-shirt.  AJUSTEMENT PARFAIT: Gr\u00e2ce \u00e0 notre technologie Skin4Run, vous obtenez un ajustement parfait pour \u00e9viter tout inconfort inattendu.","og_url":"https:\/\/www.runnek.fr\/shop\/p\/running-homme\/debardeur\/debardeau-runnek-plain\/","og_site_name":"Shop Runnek","article_publisher":"https:\/\/www.facebook.com\/runnekitalia\/","article_modified_time":"2026-04-30T12:16:48+00:00","og_image":[{"width":800,"height":800,"url":"https:\/\/www.runnek.fr\/shop\/wp-content\/uploads\/2024\/09\/runnek-shop-plain-tirantes.webp","type":"image\/webp"}],"twitter_card":"summary_large_image","twitter_site":"@RunnekItalia","twitter_misc":{"Dur\u00e9e de lecture estim\u00e9e":"1 minute"},"schema":{"@context":"https:\/\/schema.org","@graph":[{"@type":"WebPage","@id":"https:\/\/www.runnek.fr\/shop\/p\/running-homme\/debardeur\/debardeau-runnek-plain\/","url":"https:\/\/www.runnek.fr\/shop\/p\/running-homme\/debardeur\/debardeau-runnek-plain\/","name":"Debardeau runnek plain - Shop Runnek","isPartOf":{"@id":"https:\/\/www.runnek.fr\/shop\/#website"},"primaryImageOfPage":{"@id":"https:\/\/www.runnek.fr\/shop\/p\/running-homme\/debardeur\/debardeau-runnek-plain\/#primaryimage"},"image":{"@id":"https:\/\/www.runnek.fr\/shop\/p\/running-homme\/debardeur\/debardeau-runnek-plain\/#primaryimage"},"thumbnailUrl":"https:\/\/www.runnek.fr\/shop\/wp-content\/uploads\/2024\/09\/runnek-shop-plain-tirantes.webp","datePublished":"2024-05-16T19:17:13+00:00","dateModified":"2026-04-30T12:16:48+00:00","breadcrumb":{"@id":"https:\/\/www.runnek.fr\/shop\/p\/running-homme\/debardeur\/debardeau-runnek-plain\/#breadcrumb"},"inLanguage":"fr-FR","potentialAction":[{"@type":"ReadAction","target":["https:\/\/www.runnek.fr\/shop\/p\/running-homme\/debardeur\/debardeau-runnek-plain\/"]}]},{"@type":"ImageObject","inLanguage":"fr-FR","@id":"https:\/\/www.runnek.fr\/shop\/p\/running-homme\/debardeur\/debardeau-runnek-plain\/#primaryimage","url":"https:\/\/www.runnek.fr\/shop\/wp-content\/uploads\/2024\/09\/runnek-shop-plain-tirantes.webp","contentUrl":"https:\/\/www.runnek.fr\/shop\/wp-content\/uploads\/2024\/09\/runnek-shop-plain-tirantes.webp","width":800,"height":800,"caption":"Runnek Plain Debardeur"},{"@type":"BreadcrumbList","@id":"https:\/\/www.runnek.fr\/shop\/p\/running-homme\/debardeur\/debardeau-runnek-plain\/#breadcrumb","itemListElement":[{"@type":"ListItem","position":1,"name":"Portada","item":"https:\/\/www.runnek.fr\/shop\/"},{"@type":"ListItem","position":2,"name":"boutique","item":"https:\/\/www.runnek.fr\/shop\/boutique\/"},{"@type":"ListItem","position":3,"name":"Debardeau runnek plain"}]},{"@type":"WebSite","@id":"https:\/\/www.runnek.fr\/shop\/#website","url":"https:\/\/www.runnek.fr\/shop\/","name":"Shop Runnek","description":"","publisher":{"@id":"https:\/\/www.runnek.fr\/shop\/#organization"},"potentialAction":[{"@type":"SearchAction","target":{"@type":"EntryPoint","urlTemplate":"https:\/\/www.runnek.fr\/shop\/?s={search_term_string}"},"query-input":{"@type":"PropertyValueSpecification","valueRequired":true,"valueName":"search_term_string"}}],"inLanguage":"fr-FR"},{"@type":"Organization","@id":"https:\/\/www.runnek.fr\/shop\/#organization","name":"Shop Runnek","url":"https:\/\/www.runnek.fr\/shop\/","logo":{"@type":"ImageObject","inLanguage":"fr-FR","@id":"https:\/\/www.runnek.fr\/shop\/#\/schema\/logo\/image\/","url":"https:\/\/www.runnek.fr\/shop\/wp-content\/uploads\/2020\/11\/logo-runnek.png","contentUrl":"https:\/\/www.runnek.fr\/shop\/wp-content\/uploads\/2020\/11\/logo-runnek.png","width":680,"height":252,"caption":"Shop Runnek"},"image":{"@id":"https:\/\/www.runnek.fr\/shop\/#\/schema\/logo\/image\/"},"sameAs":["https:\/\/www.facebook.com\/runnekitalia\/","https:\/\/x.com\/RunnekItalia","https:\/\/instagram.com\/runnek","https:\/\/www.youtube.com\/user\/magliarunningIT"]}]}},"_links":{"self":[{"href":"https:\/\/www.runnek.fr\/shop\/wp-json\/wp\/v2\/product\/4868","targetHints":{"allow":["GET"]}}],"collection":[{"href":"https:\/\/www.runnek.fr\/shop\/wp-json\/wp\/v2\/product"}],"about":[{"href":"https:\/\/www.runnek.fr\/shop\/wp-json\/wp\/v2\/types\/product"}],"replies":[{"embeddable":true,"href":"https:\/\/www.runnek.fr\/shop\/wp-json\/wp\/v2\/comments?post=4868"}],"wp:featuredmedia":[{"embeddable":true,"href":"https:\/\/www.runnek.fr\/shop\/wp-json\/wp\/v2\/media\/5210"}],"wp:attachment":[{"href":"https:\/\/www.runnek.fr\/shop\/wp-json\/wp\/v2\/media?parent=4868"}],"wp:term":[{"taxonomy":"product_brand","embeddable":true,"href":"https:\/\/www.runnek.fr\/shop\/wp-json\/wp\/v2\/product_brand?post=4868"},{"taxonomy":"product_cat","embeddable":true,"href":"https:\/\/www.runnek.fr\/shop\/wp-json\/wp\/v2\/product_cat?post=4868"},{"taxonomy":"product_tag","embeddable":true,"href":"https:\/\/www.runnek.fr\/shop\/wp-json\/wp\/v2\/product_tag?post=4868"}],"curies":[{"name":"wp","href":"https:\/\/api.w.org\/{rel}","templated":true}]}}