{"id":481,"date":"2021-02-12T11:48:33","date_gmt":"2021-02-12T10:48:33","guid":{"rendered":"https:\/\/www.runnek.fr\/shop\/?post_type=product&#038;p=481"},"modified":"2026-04-18T14:14:23","modified_gmt":"2026-04-18T12:14:23","slug":"maillot-technique-runnek-fast-m-l","status":"publish","type":"product","link":"https:\/\/www.runnek.fr\/shop\/p\/running-homme\/t-shirt-a-manches-longues\/maillot-technique-runnek-fast-m-l\/","title":{"rendered":"T shirt tecnique runnek fast m\/l"},"content":{"rendered":"<p>Lorsque les conditions m\u00e9t\u00e9orologiques sont d\u00e9favorables, vous n&rsquo;avez aucune excuse. Avec le mod\u00e8le Fast, vous sentirez la diff\u00e9rence car il s&rsquo;adapte \u00e0 toutes les temp\u00e9ratures. Ce t-shirt technique \u00e0 manches longues, fabriqu\u00e9 avec notre nouveau tissu DrySens Winter, vous apportera la chaleur dont vous avez besoin. De plus, vous resterez toujours au sec pendant vos entra\u00eenements gr\u00e2ce au tissu ultra-respirant qui \u00e9vacue rapidement la transpiration.<\/p>\n<p>Coloris :<\/p>\n<ul>\n<li>ris carbone et turquoise<\/li>\n<li>Rose n\u00e9on et bleu outremer<\/li>\n<li>Jaune n\u00e9on et ultra violet.<\/li>\n<\/ul>\n<p>&nbsp;<\/p>\n<div class=\"avia-gallery\"><a href=\"https:\/\/www.runnek.fr\/shop\/wp-content\/uploads\/2023\/06\/technologie-runnek.jpg\"><img decoding=\"async\" class=\"alignnone size-full wp-image-2276\" style=\"width: 80%; padding: 0;\" title=\"Technologie\" src=\"https:\/\/www.runnek.fr\/shop\/wp-content\/uploads\/2023\/06\/technologie.webp\" alt=\"Technologie Runnek\" \/><\/a><\/div>\n<p><\/p>\n","protected":false},"excerpt":{"rendered":"<ul>\n<li>Tissu 100 % polyester avec technologie DrySens pour un maximum de l\u00e9g\u00e8ret\u00e9 et de douceur.<\/li>\n<li>Tissu Microtech sur les \u00e9paules et les manches pour une meilleure respirabilit\u00e9 ainsi qu\u2019un s\u00e9chage rapide.<\/li>\n<li>T-shirt tricolore avec motif g\u00e9om\u00e9trique sur le dessus. <\/li>\n<li>Col contrast\u00e9 de couleur fluorescente. <\/li>\n<li>Coupe parfaite gr\u00e2ce \u00e0 notre technologie Skin4Run.   <\/li>\n<li>Coutures plates pour \u00e9viter les frottements<\/li>\n<li>Logo Runnek en transfert num\u00e9rique fluo.<\/li>\n<li>Incorpore la technologie FixColor pour que la couleur du maillot reste intacte apr\u00e8s le lavage.<\/li>\n<\/ul>\n","protected":false},"featured_media":3704,"comment_status":"open","ping_status":"closed","template":"","meta":{"_acf_changed":false},"product_brand":[],"product_cat":[32],"product_tag":[],"class_list":{"0":"post-481","1":"product","2":"type-product","3":"status-publish","4":"has-post-thumbnail","6":"product_cat-t-shirt-a-manches-longues","8":"first","9":"instock","10":"taxable","11":"shipping-taxable","12":"purchasable","13":"product-type-variable","14":"wvs-archive-product-wrapper"},"acf":[],"yoast_head":"<!-- This site is optimized with the Yoast SEO plugin v27.3 - https:\/\/yoast.com\/product\/yoast-seo-wordpress\/ -->\n<title>T shirt tecnique runnek fast m\/l - Shop Runnek<\/title>\n<meta name=\"robots\" content=\"index, follow, max-snippet:-1, max-image-preview:large, max-video-preview:-1\" \/>\n<link rel=\"canonical\" href=\"https:\/\/www.runnek.fr\/shop\/p\/running-homme\/t-shirt-a-manches-longues\/maillot-technique-runnek-fast-m-l\/\" \/>\n<meta property=\"og:locale\" content=\"fr_FR\" \/>\n<meta property=\"og:type\" content=\"article\" \/>\n<meta property=\"og:title\" content=\"T shirt tecnique runnek fast m\/l - Shop Runnek\" \/>\n<meta property=\"og:description\" content=\"Tissu 100 % polyester avec technologie DrySens pour un maximum de l\u00e9g\u00e8ret\u00e9 et de douceur. Tissu Microtech sur les \u00e9paules et les manches pour une meilleure respirabilit\u00e9 ainsi qu\u2019un s\u00e9chage rapide. T-shirt tricolore avec motif g\u00e9om\u00e9trique sur le dessus.  Col contrast\u00e9 de couleur fluorescente.  Coupe parfaite gr\u00e2ce \u00e0 notre technologie Skin4Run.   Coutures plates pour \u00e9viter les frottements Logo Runnek en transfert num\u00e9rique fluo. Incorpore la technologie FixColor pour que la couleur du maillot reste intacte apr\u00e8s le lavage.\" \/>\n<meta property=\"og:url\" content=\"https:\/\/www.runnek.fr\/shop\/p\/running-homme\/t-shirt-a-manches-longues\/maillot-technique-runnek-fast-m-l\/\" \/>\n<meta property=\"og:site_name\" content=\"Shop Runnek\" \/>\n<meta property=\"article:publisher\" content=\"https:\/\/www.facebook.com\/runnekitalia\/\" \/>\n<meta property=\"article:modified_time\" content=\"2026-04-18T12:14:23+00:00\" \/>\n<meta property=\"og:image\" content=\"https:\/\/www.runnek.fr\/shop\/wp-content\/uploads\/2021\/02\/runnek-fast-gris-3.jpg\" \/>\n\t<meta property=\"og:image:width\" content=\"800\" \/>\n\t<meta property=\"og:image:height\" content=\"800\" \/>\n\t<meta property=\"og:image:type\" content=\"image\/jpeg\" \/>\n<meta name=\"twitter:card\" content=\"summary_large_image\" \/>\n<meta name=\"twitter:site\" content=\"@RunnekItalia\" \/>\n<script type=\"application\/ld+json\" class=\"yoast-schema-graph\">{\"@context\":\"https:\\\/\\\/schema.org\",\"@graph\":[{\"@type\":\"WebPage\",\"@id\":\"https:\\\/\\\/www.runnek.fr\\\/shop\\\/p\\\/running-homme\\\/t-shirt-a-manches-longues\\\/maillot-technique-runnek-fast-m-l\\\/\",\"url\":\"https:\\\/\\\/www.runnek.fr\\\/shop\\\/p\\\/running-homme\\\/t-shirt-a-manches-longues\\\/maillot-technique-runnek-fast-m-l\\\/\",\"name\":\"T shirt tecnique runnek fast m\\\/l - Shop Runnek\",\"isPartOf\":{\"@id\":\"https:\\\/\\\/www.runnek.fr\\\/shop\\\/#website\"},\"primaryImageOfPage\":{\"@id\":\"https:\\\/\\\/www.runnek.fr\\\/shop\\\/p\\\/running-homme\\\/t-shirt-a-manches-longues\\\/maillot-technique-runnek-fast-m-l\\\/#primaryimage\"},\"image\":{\"@id\":\"https:\\\/\\\/www.runnek.fr\\\/shop\\\/p\\\/running-homme\\\/t-shirt-a-manches-longues\\\/maillot-technique-runnek-fast-m-l\\\/#primaryimage\"},\"thumbnailUrl\":\"https:\\\/\\\/www.runnek.fr\\\/shop\\\/wp-content\\\/uploads\\\/2021\\\/02\\\/runnek-fast-gris-3.jpg\",\"datePublished\":\"2021-02-12T10:48:33+00:00\",\"dateModified\":\"2026-04-18T12:14:23+00:00\",\"breadcrumb\":{\"@id\":\"https:\\\/\\\/www.runnek.fr\\\/shop\\\/p\\\/running-homme\\\/t-shirt-a-manches-longues\\\/maillot-technique-runnek-fast-m-l\\\/#breadcrumb\"},\"inLanguage\":\"fr-FR\",\"potentialAction\":[{\"@type\":\"ReadAction\",\"target\":[\"https:\\\/\\\/www.runnek.fr\\\/shop\\\/p\\\/running-homme\\\/t-shirt-a-manches-longues\\\/maillot-technique-runnek-fast-m-l\\\/\"]}]},{\"@type\":\"ImageObject\",\"inLanguage\":\"fr-FR\",\"@id\":\"https:\\\/\\\/www.runnek.fr\\\/shop\\\/p\\\/running-homme\\\/t-shirt-a-manches-longues\\\/maillot-technique-runnek-fast-m-l\\\/#primaryimage\",\"url\":\"https:\\\/\\\/www.runnek.fr\\\/shop\\\/wp-content\\\/uploads\\\/2021\\\/02\\\/runnek-fast-gris-3.jpg\",\"contentUrl\":\"https:\\\/\\\/www.runnek.fr\\\/shop\\\/wp-content\\\/uploads\\\/2021\\\/02\\\/runnek-fast-gris-3.jpg\",\"width\":800,\"height\":800,\"caption\":\"Runnek Fast Gris\"},{\"@type\":\"BreadcrumbList\",\"@id\":\"https:\\\/\\\/www.runnek.fr\\\/shop\\\/p\\\/running-homme\\\/t-shirt-a-manches-longues\\\/maillot-technique-runnek-fast-m-l\\\/#breadcrumb\",\"itemListElement\":[{\"@type\":\"ListItem\",\"position\":1,\"name\":\"Portada\",\"item\":\"https:\\\/\\\/www.runnek.fr\\\/shop\\\/\"},{\"@type\":\"ListItem\",\"position\":2,\"name\":\"boutique\",\"item\":\"https:\\\/\\\/www.runnek.fr\\\/shop\\\/boutique\\\/\"},{\"@type\":\"ListItem\",\"position\":3,\"name\":\"T shirt tecnique runnek fast m\\\/l\"}]},{\"@type\":\"WebSite\",\"@id\":\"https:\\\/\\\/www.runnek.fr\\\/shop\\\/#website\",\"url\":\"https:\\\/\\\/www.runnek.fr\\\/shop\\\/\",\"name\":\"Shop Runnek\",\"description\":\"\",\"publisher\":{\"@id\":\"https:\\\/\\\/www.runnek.fr\\\/shop\\\/#organization\"},\"potentialAction\":[{\"@type\":\"SearchAction\",\"target\":{\"@type\":\"EntryPoint\",\"urlTemplate\":\"https:\\\/\\\/www.runnek.fr\\\/shop\\\/?s={search_term_string}\"},\"query-input\":{\"@type\":\"PropertyValueSpecification\",\"valueRequired\":true,\"valueName\":\"search_term_string\"}}],\"inLanguage\":\"fr-FR\"},{\"@type\":\"Organization\",\"@id\":\"https:\\\/\\\/www.runnek.fr\\\/shop\\\/#organization\",\"name\":\"Shop Runnek\",\"url\":\"https:\\\/\\\/www.runnek.fr\\\/shop\\\/\",\"logo\":{\"@type\":\"ImageObject\",\"inLanguage\":\"fr-FR\",\"@id\":\"https:\\\/\\\/www.runnek.fr\\\/shop\\\/#\\\/schema\\\/logo\\\/image\\\/\",\"url\":\"https:\\\/\\\/www.runnek.fr\\\/shop\\\/wp-content\\\/uploads\\\/2020\\\/11\\\/logo-runnek.png\",\"contentUrl\":\"https:\\\/\\\/www.runnek.fr\\\/shop\\\/wp-content\\\/uploads\\\/2020\\\/11\\\/logo-runnek.png\",\"width\":680,\"height\":252,\"caption\":\"Shop Runnek\"},\"image\":{\"@id\":\"https:\\\/\\\/www.runnek.fr\\\/shop\\\/#\\\/schema\\\/logo\\\/image\\\/\"},\"sameAs\":[\"https:\\\/\\\/www.facebook.com\\\/runnekitalia\\\/\",\"https:\\\/\\\/x.com\\\/RunnekItalia\",\"https:\\\/\\\/instagram.com\\\/runnek\",\"https:\\\/\\\/www.youtube.com\\\/user\\\/magliarunningIT\"]}]}<\/script>\n<!-- \/ Yoast SEO plugin. -->","yoast_head_json":{"title":"T shirt tecnique runnek fast m\/l - Shop Runnek","robots":{"index":"index","follow":"follow","max-snippet":"max-snippet:-1","max-image-preview":"max-image-preview:large","max-video-preview":"max-video-preview:-1"},"canonical":"https:\/\/www.runnek.fr\/shop\/p\/running-homme\/t-shirt-a-manches-longues\/maillot-technique-runnek-fast-m-l\/","og_locale":"fr_FR","og_type":"article","og_title":"T shirt tecnique runnek fast m\/l - Shop Runnek","og_description":"Tissu 100 % polyester avec technologie DrySens pour un maximum de l\u00e9g\u00e8ret\u00e9 et de douceur. Tissu Microtech sur les \u00e9paules et les manches pour une meilleure respirabilit\u00e9 ainsi qu\u2019un s\u00e9chage rapide. T-shirt tricolore avec motif g\u00e9om\u00e9trique sur le dessus.  Col contrast\u00e9 de couleur fluorescente.  Coupe parfaite gr\u00e2ce \u00e0 notre technologie Skin4Run.   Coutures plates pour \u00e9viter les frottements Logo Runnek en transfert num\u00e9rique fluo. Incorpore la technologie FixColor pour que la couleur du maillot reste intacte apr\u00e8s le lavage.","og_url":"https:\/\/www.runnek.fr\/shop\/p\/running-homme\/t-shirt-a-manches-longues\/maillot-technique-runnek-fast-m-l\/","og_site_name":"Shop Runnek","article_publisher":"https:\/\/www.facebook.com\/runnekitalia\/","article_modified_time":"2026-04-18T12:14:23+00:00","og_image":[{"width":800,"height":800,"url":"https:\/\/www.runnek.fr\/shop\/wp-content\/uploads\/2021\/02\/runnek-fast-gris-3.jpg","type":"image\/jpeg"}],"twitter_card":"summary_large_image","twitter_site":"@RunnekItalia","schema":{"@context":"https:\/\/schema.org","@graph":[{"@type":"WebPage","@id":"https:\/\/www.runnek.fr\/shop\/p\/running-homme\/t-shirt-a-manches-longues\/maillot-technique-runnek-fast-m-l\/","url":"https:\/\/www.runnek.fr\/shop\/p\/running-homme\/t-shirt-a-manches-longues\/maillot-technique-runnek-fast-m-l\/","name":"T shirt tecnique runnek fast m\/l - Shop Runnek","isPartOf":{"@id":"https:\/\/www.runnek.fr\/shop\/#website"},"primaryImageOfPage":{"@id":"https:\/\/www.runnek.fr\/shop\/p\/running-homme\/t-shirt-a-manches-longues\/maillot-technique-runnek-fast-m-l\/#primaryimage"},"image":{"@id":"https:\/\/www.runnek.fr\/shop\/p\/running-homme\/t-shirt-a-manches-longues\/maillot-technique-runnek-fast-m-l\/#primaryimage"},"thumbnailUrl":"https:\/\/www.runnek.fr\/shop\/wp-content\/uploads\/2021\/02\/runnek-fast-gris-3.jpg","datePublished":"2021-02-12T10:48:33+00:00","dateModified":"2026-04-18T12:14:23+00:00","breadcrumb":{"@id":"https:\/\/www.runnek.fr\/shop\/p\/running-homme\/t-shirt-a-manches-longues\/maillot-technique-runnek-fast-m-l\/#breadcrumb"},"inLanguage":"fr-FR","potentialAction":[{"@type":"ReadAction","target":["https:\/\/www.runnek.fr\/shop\/p\/running-homme\/t-shirt-a-manches-longues\/maillot-technique-runnek-fast-m-l\/"]}]},{"@type":"ImageObject","inLanguage":"fr-FR","@id":"https:\/\/www.runnek.fr\/shop\/p\/running-homme\/t-shirt-a-manches-longues\/maillot-technique-runnek-fast-m-l\/#primaryimage","url":"https:\/\/www.runnek.fr\/shop\/wp-content\/uploads\/2021\/02\/runnek-fast-gris-3.jpg","contentUrl":"https:\/\/www.runnek.fr\/shop\/wp-content\/uploads\/2021\/02\/runnek-fast-gris-3.jpg","width":800,"height":800,"caption":"Runnek Fast Gris"},{"@type":"BreadcrumbList","@id":"https:\/\/www.runnek.fr\/shop\/p\/running-homme\/t-shirt-a-manches-longues\/maillot-technique-runnek-fast-m-l\/#breadcrumb","itemListElement":[{"@type":"ListItem","position":1,"name":"Portada","item":"https:\/\/www.runnek.fr\/shop\/"},{"@type":"ListItem","position":2,"name":"boutique","item":"https:\/\/www.runnek.fr\/shop\/boutique\/"},{"@type":"ListItem","position":3,"name":"T shirt tecnique runnek fast m\/l"}]},{"@type":"WebSite","@id":"https:\/\/www.runnek.fr\/shop\/#website","url":"https:\/\/www.runnek.fr\/shop\/","name":"Shop Runnek","description":"","publisher":{"@id":"https:\/\/www.runnek.fr\/shop\/#organization"},"potentialAction":[{"@type":"SearchAction","target":{"@type":"EntryPoint","urlTemplate":"https:\/\/www.runnek.fr\/shop\/?s={search_term_string}"},"query-input":{"@type":"PropertyValueSpecification","valueRequired":true,"valueName":"search_term_string"}}],"inLanguage":"fr-FR"},{"@type":"Organization","@id":"https:\/\/www.runnek.fr\/shop\/#organization","name":"Shop Runnek","url":"https:\/\/www.runnek.fr\/shop\/","logo":{"@type":"ImageObject","inLanguage":"fr-FR","@id":"https:\/\/www.runnek.fr\/shop\/#\/schema\/logo\/image\/","url":"https:\/\/www.runnek.fr\/shop\/wp-content\/uploads\/2020\/11\/logo-runnek.png","contentUrl":"https:\/\/www.runnek.fr\/shop\/wp-content\/uploads\/2020\/11\/logo-runnek.png","width":680,"height":252,"caption":"Shop Runnek"},"image":{"@id":"https:\/\/www.runnek.fr\/shop\/#\/schema\/logo\/image\/"},"sameAs":["https:\/\/www.facebook.com\/runnekitalia\/","https:\/\/x.com\/RunnekItalia","https:\/\/instagram.com\/runnek","https:\/\/www.youtube.com\/user\/magliarunningIT"]}]}},"_links":{"self":[{"href":"https:\/\/www.runnek.fr\/shop\/wp-json\/wp\/v2\/product\/481","targetHints":{"allow":["GET"]}}],"collection":[{"href":"https:\/\/www.runnek.fr\/shop\/wp-json\/wp\/v2\/product"}],"about":[{"href":"https:\/\/www.runnek.fr\/shop\/wp-json\/wp\/v2\/types\/product"}],"replies":[{"embeddable":true,"href":"https:\/\/www.runnek.fr\/shop\/wp-json\/wp\/v2\/comments?post=481"}],"wp:featuredmedia":[{"embeddable":true,"href":"https:\/\/www.runnek.fr\/shop\/wp-json\/wp\/v2\/media\/3704"}],"wp:attachment":[{"href":"https:\/\/www.runnek.fr\/shop\/wp-json\/wp\/v2\/media?parent=481"}],"wp:term":[{"taxonomy":"product_brand","embeddable":true,"href":"https:\/\/www.runnek.fr\/shop\/wp-json\/wp\/v2\/product_brand?post=481"},{"taxonomy":"product_cat","embeddable":true,"href":"https:\/\/www.runnek.fr\/shop\/wp-json\/wp\/v2\/product_cat?post=481"},{"taxonomy":"product_tag","embeddable":true,"href":"https:\/\/www.runnek.fr\/shop\/wp-json\/wp\/v2\/product_tag?post=481"}],"curies":[{"name":"wp","href":"https:\/\/api.w.org\/{rel}","templated":true}]}}