{"id":4807,"date":"2024-05-09T20:48:43","date_gmt":"2024-05-09T18:48:43","guid":{"rendered":"https:\/\/www.runnek.fr\/shop\/p\/non%20class\u00e9\/veste-coupe-vent-a-capuche-femme-runnek-logan\/"},"modified":"2026-04-27T14:13:02","modified_gmt":"2026-04-27T12:13:02","slug":"veste-coupe-vent-a-capuche-femme-runnek-logan","status":"publish","type":"product","link":"https:\/\/www.runnek.fr\/shop\/p\/running-femme\/veste-femme\/veste-coupe-vent-a-capuche-femme-runnek-logan\/","title":{"rendered":"Veste coupe-vent \u00e0 capuche femme runnek logan"},"content":{"rendered":"<p>Intemp\u00e9ries ? Que rien ne vous arr\u00eate ! Avec la nouvelle veste coupe-vent Runnek Logan pour femme, r\u00e9alis\u00e9e en tissu technique DrySens, rien ne vous arr\u00eatera.<\/p>\n<p>Pleine de d\u00e9tails sportifs adapt\u00e9s \u00e0 la morphologie f\u00e9minine : tissu ultra l\u00e9ger avec zones de respirabilit\u00e9 strat\u00e9giques, r\u00e9flecteurs High Reflex, poches lat\u00e9rales avec fermeture \u00e9clair, syst\u00e8me KeepBag pour la plier et la ranger facilement, capuche ventil\u00e9e ajustable, coutures ultra plates, taille \u00e9lastique adapt\u00e9e, confort maximal&#8230; et un esprit 100% comp\u00e9titif !<\/p>\n<p>Couleurs disponibles:<\/p>\n<ul>\n<li>N\u00e9on Rouge et Gris Anthracite<\/li>\n<li>N\u00e9on jaune et Gris perle<\/li>\n<li>Vert hunter et \u00e9meraude<\/li>\n<\/ul>\n<div class=\"avia-gallery\"><a href=\"https:\/\/www.runnek.fr\/shop\/wp-content\/uploads\/2023\/06\/technologie-runnek.jpg\"><img decoding=\"async\" class=\"alignnone size-full wp-image-2276\" style=\"width: 80%; padding: 0;\" title=\"Technologie\" src=\"https:\/\/www.runnek.fr\/shop\/wp-content\/uploads\/2023\/06\/technologie.webp\" alt=\"Technologie Runnek\" \/><\/a><\/div>\n","protected":false},"excerpt":{"rendered":"<ul>\n<li>Technologie DrySens avec tissu 100% microfibre qui offre un maximum de l\u00e9g\u00e8ret\u00e9 et de douceur.<\/li>\n<li>Respirabilit\u00e9 maximale gr\u00e2ce \u00e0 la capuche ventil\u00e9e et \u00e0 la double grille Mesh aux aisselles.<\/li>\n<li>R\u00e9flecteurs High Reflex qui offrent une plus grande visibilit\u00e9.<\/li>\n<li>Syst\u00e8me KeepBag qui, gr\u00e2ce \u00e0 son design compact, permet de le plier et de le ranger dans sa propre poche et qui ne prend quasiment pas de place.<\/li>\n<li>Poches lat\u00e9rales avec fermeture \u00e9clair.<\/li>\n<li>Capuche r\u00e9glable et taille \u00e9lastique pour un ajustement parfait Skin4Run.<\/li>\n<li>Coutures plates pour \u00e9viter les frottements g\u00eanants.<\/li>\n<li>Technologie FixColor pour ne pas alt\u00e9rer la couleur apr\u00e8s le lavage.<\/li>\n<\/ul>\n","protected":false},"featured_media":5209,"comment_status":"open","ping_status":"closed","template":"","meta":{"_acf_changed":false},"product_brand":[],"product_cat":[146],"product_tag":[],"class_list":{"0":"post-4807","1":"product","2":"type-product","3":"status-publish","4":"has-post-thumbnail","6":"product_cat-veste-femme","8":"first","9":"instock","10":"taxable","11":"shipping-taxable","12":"purchasable","13":"product-type-variable","14":"wvs-archive-product-wrapper"},"acf":[],"yoast_head":"<!-- This site is optimized with the Yoast SEO plugin v27.3 - https:\/\/yoast.com\/product\/yoast-seo-wordpress\/ -->\n<title>Veste coupe-vent \u00e0 capuche femme runnek logan - Shop Runnek<\/title>\n<meta name=\"robots\" content=\"index, follow, max-snippet:-1, max-image-preview:large, max-video-preview:-1\" \/>\n<link rel=\"canonical\" href=\"https:\/\/www.runnek.fr\/shop\/p\/running-femme\/veste-femme\/veste-coupe-vent-a-capuche-femme-runnek-logan\/\" \/>\n<meta property=\"og:locale\" content=\"fr_FR\" \/>\n<meta property=\"og:type\" content=\"article\" \/>\n<meta property=\"og:title\" content=\"Veste coupe-vent \u00e0 capuche femme runnek logan - Shop Runnek\" \/>\n<meta property=\"og:description\" content=\"Technologie DrySens avec tissu 100% microfibre qui offre un maximum de l\u00e9g\u00e8ret\u00e9 et de douceur.  Respirabilit\u00e9 maximale gr\u00e2ce \u00e0 la capuche ventil\u00e9e et \u00e0 la double grille Mesh aux aisselles.  R\u00e9flecteurs High Reflex qui offrent une plus grande visibilit\u00e9.  Syst\u00e8me KeepBag qui, gr\u00e2ce \u00e0 son design compact, permet de le plier et de le ranger dans sa propre poche et qui ne prend quasiment pas de place.  Poches lat\u00e9rales avec fermeture \u00e9clair.  Capuche r\u00e9glable et taille \u00e9lastique pour un ajustement parfait Skin4Run.  Coutures plates pour \u00e9viter les frottements g\u00eanants.  Technologie FixColor pour ne pas alt\u00e9rer la couleur apr\u00e8s le lavage.\" \/>\n<meta property=\"og:url\" content=\"https:\/\/www.runnek.fr\/shop\/p\/running-femme\/veste-femme\/veste-coupe-vent-a-capuche-femme-runnek-logan\/\" \/>\n<meta property=\"og:site_name\" content=\"Shop Runnek\" \/>\n<meta property=\"article:publisher\" content=\"https:\/\/www.facebook.com\/runnekitalia\/\" \/>\n<meta property=\"article:modified_time\" content=\"2026-04-27T12:13:02+00:00\" \/>\n<meta property=\"og:image\" content=\"https:\/\/www.runnek.fr\/shop\/wp-content\/uploads\/2024\/09\/runnek-shop-logan-mujer.webp\" \/>\n\t<meta property=\"og:image:width\" content=\"800\" \/>\n\t<meta property=\"og:image:height\" content=\"800\" \/>\n\t<meta property=\"og:image:type\" content=\"image\/webp\" \/>\n<meta name=\"twitter:card\" content=\"summary_large_image\" \/>\n<meta name=\"twitter:site\" content=\"@RunnekItalia\" \/>\n<meta name=\"twitter:label1\" content=\"Dur\u00e9e de lecture estim\u00e9e\" \/>\n\t<meta name=\"twitter:data1\" content=\"1 minute\" \/>\n<script type=\"application\/ld+json\" class=\"yoast-schema-graph\">{\"@context\":\"https:\\\/\\\/schema.org\",\"@graph\":[{\"@type\":\"WebPage\",\"@id\":\"https:\\\/\\\/www.runnek.fr\\\/shop\\\/p\\\/running-femme\\\/veste-femme\\\/veste-coupe-vent-a-capuche-femme-runnek-logan\\\/\",\"url\":\"https:\\\/\\\/www.runnek.fr\\\/shop\\\/p\\\/running-femme\\\/veste-femme\\\/veste-coupe-vent-a-capuche-femme-runnek-logan\\\/\",\"name\":\"Veste coupe-vent \u00e0 capuche femme runnek logan - Shop Runnek\",\"isPartOf\":{\"@id\":\"https:\\\/\\\/www.runnek.fr\\\/shop\\\/#website\"},\"primaryImageOfPage\":{\"@id\":\"https:\\\/\\\/www.runnek.fr\\\/shop\\\/p\\\/running-femme\\\/veste-femme\\\/veste-coupe-vent-a-capuche-femme-runnek-logan\\\/#primaryimage\"},\"image\":{\"@id\":\"https:\\\/\\\/www.runnek.fr\\\/shop\\\/p\\\/running-femme\\\/veste-femme\\\/veste-coupe-vent-a-capuche-femme-runnek-logan\\\/#primaryimage\"},\"thumbnailUrl\":\"https:\\\/\\\/www.runnek.fr\\\/shop\\\/wp-content\\\/uploads\\\/2024\\\/09\\\/runnek-shop-logan-mujer.webp\",\"datePublished\":\"2024-05-09T18:48:43+00:00\",\"dateModified\":\"2026-04-27T12:13:02+00:00\",\"breadcrumb\":{\"@id\":\"https:\\\/\\\/www.runnek.fr\\\/shop\\\/p\\\/running-femme\\\/veste-femme\\\/veste-coupe-vent-a-capuche-femme-runnek-logan\\\/#breadcrumb\"},\"inLanguage\":\"fr-FR\",\"potentialAction\":[{\"@type\":\"ReadAction\",\"target\":[\"https:\\\/\\\/www.runnek.fr\\\/shop\\\/p\\\/running-femme\\\/veste-femme\\\/veste-coupe-vent-a-capuche-femme-runnek-logan\\\/\"]}]},{\"@type\":\"ImageObject\",\"inLanguage\":\"fr-FR\",\"@id\":\"https:\\\/\\\/www.runnek.fr\\\/shop\\\/p\\\/running-femme\\\/veste-femme\\\/veste-coupe-vent-a-capuche-femme-runnek-logan\\\/#primaryimage\",\"url\":\"https:\\\/\\\/www.runnek.fr\\\/shop\\\/wp-content\\\/uploads\\\/2024\\\/09\\\/runnek-shop-logan-mujer.webp\",\"contentUrl\":\"https:\\\/\\\/www.runnek.fr\\\/shop\\\/wp-content\\\/uploads\\\/2024\\\/09\\\/runnek-shop-logan-mujer.webp\",\"width\":800,\"height\":800,\"caption\":\"Runnek Shop Logan Mujer\"},{\"@type\":\"BreadcrumbList\",\"@id\":\"https:\\\/\\\/www.runnek.fr\\\/shop\\\/p\\\/running-femme\\\/veste-femme\\\/veste-coupe-vent-a-capuche-femme-runnek-logan\\\/#breadcrumb\",\"itemListElement\":[{\"@type\":\"ListItem\",\"position\":1,\"name\":\"Portada\",\"item\":\"https:\\\/\\\/www.runnek.fr\\\/shop\\\/\"},{\"@type\":\"ListItem\",\"position\":2,\"name\":\"boutique\",\"item\":\"https:\\\/\\\/www.runnek.fr\\\/shop\\\/boutique\\\/\"},{\"@type\":\"ListItem\",\"position\":3,\"name\":\"Veste coupe-vent \u00e0 capuche femme runnek logan\"}]},{\"@type\":\"WebSite\",\"@id\":\"https:\\\/\\\/www.runnek.fr\\\/shop\\\/#website\",\"url\":\"https:\\\/\\\/www.runnek.fr\\\/shop\\\/\",\"name\":\"Shop Runnek\",\"description\":\"\",\"publisher\":{\"@id\":\"https:\\\/\\\/www.runnek.fr\\\/shop\\\/#organization\"},\"potentialAction\":[{\"@type\":\"SearchAction\",\"target\":{\"@type\":\"EntryPoint\",\"urlTemplate\":\"https:\\\/\\\/www.runnek.fr\\\/shop\\\/?s={search_term_string}\"},\"query-input\":{\"@type\":\"PropertyValueSpecification\",\"valueRequired\":true,\"valueName\":\"search_term_string\"}}],\"inLanguage\":\"fr-FR\"},{\"@type\":\"Organization\",\"@id\":\"https:\\\/\\\/www.runnek.fr\\\/shop\\\/#organization\",\"name\":\"Shop Runnek\",\"url\":\"https:\\\/\\\/www.runnek.fr\\\/shop\\\/\",\"logo\":{\"@type\":\"ImageObject\",\"inLanguage\":\"fr-FR\",\"@id\":\"https:\\\/\\\/www.runnek.fr\\\/shop\\\/#\\\/schema\\\/logo\\\/image\\\/\",\"url\":\"https:\\\/\\\/www.runnek.fr\\\/shop\\\/wp-content\\\/uploads\\\/2020\\\/11\\\/logo-runnek.png\",\"contentUrl\":\"https:\\\/\\\/www.runnek.fr\\\/shop\\\/wp-content\\\/uploads\\\/2020\\\/11\\\/logo-runnek.png\",\"width\":680,\"height\":252,\"caption\":\"Shop Runnek\"},\"image\":{\"@id\":\"https:\\\/\\\/www.runnek.fr\\\/shop\\\/#\\\/schema\\\/logo\\\/image\\\/\"},\"sameAs\":[\"https:\\\/\\\/www.facebook.com\\\/runnekitalia\\\/\",\"https:\\\/\\\/x.com\\\/RunnekItalia\",\"https:\\\/\\\/instagram.com\\\/runnek\",\"https:\\\/\\\/www.youtube.com\\\/user\\\/magliarunningIT\"]}]}<\/script>\n<!-- \/ Yoast SEO plugin. -->","yoast_head_json":{"title":"Veste coupe-vent \u00e0 capuche femme runnek logan - Shop Runnek","robots":{"index":"index","follow":"follow","max-snippet":"max-snippet:-1","max-image-preview":"max-image-preview:large","max-video-preview":"max-video-preview:-1"},"canonical":"https:\/\/www.runnek.fr\/shop\/p\/running-femme\/veste-femme\/veste-coupe-vent-a-capuche-femme-runnek-logan\/","og_locale":"fr_FR","og_type":"article","og_title":"Veste coupe-vent \u00e0 capuche femme runnek logan - Shop Runnek","og_description":"Technologie DrySens avec tissu 100% microfibre qui offre un maximum de l\u00e9g\u00e8ret\u00e9 et de douceur.  Respirabilit\u00e9 maximale gr\u00e2ce \u00e0 la capuche ventil\u00e9e et \u00e0 la double grille Mesh aux aisselles.  R\u00e9flecteurs High Reflex qui offrent une plus grande visibilit\u00e9.  Syst\u00e8me KeepBag qui, gr\u00e2ce \u00e0 son design compact, permet de le plier et de le ranger dans sa propre poche et qui ne prend quasiment pas de place.  Poches lat\u00e9rales avec fermeture \u00e9clair.  Capuche r\u00e9glable et taille \u00e9lastique pour un ajustement parfait Skin4Run.  Coutures plates pour \u00e9viter les frottements g\u00eanants.  Technologie FixColor pour ne pas alt\u00e9rer la couleur apr\u00e8s le lavage.","og_url":"https:\/\/www.runnek.fr\/shop\/p\/running-femme\/veste-femme\/veste-coupe-vent-a-capuche-femme-runnek-logan\/","og_site_name":"Shop Runnek","article_publisher":"https:\/\/www.facebook.com\/runnekitalia\/","article_modified_time":"2026-04-27T12:13:02+00:00","og_image":[{"width":800,"height":800,"url":"https:\/\/www.runnek.fr\/shop\/wp-content\/uploads\/2024\/09\/runnek-shop-logan-mujer.webp","type":"image\/webp"}],"twitter_card":"summary_large_image","twitter_site":"@RunnekItalia","twitter_misc":{"Dur\u00e9e de lecture estim\u00e9e":"1 minute"},"schema":{"@context":"https:\/\/schema.org","@graph":[{"@type":"WebPage","@id":"https:\/\/www.runnek.fr\/shop\/p\/running-femme\/veste-femme\/veste-coupe-vent-a-capuche-femme-runnek-logan\/","url":"https:\/\/www.runnek.fr\/shop\/p\/running-femme\/veste-femme\/veste-coupe-vent-a-capuche-femme-runnek-logan\/","name":"Veste coupe-vent \u00e0 capuche femme runnek logan - Shop Runnek","isPartOf":{"@id":"https:\/\/www.runnek.fr\/shop\/#website"},"primaryImageOfPage":{"@id":"https:\/\/www.runnek.fr\/shop\/p\/running-femme\/veste-femme\/veste-coupe-vent-a-capuche-femme-runnek-logan\/#primaryimage"},"image":{"@id":"https:\/\/www.runnek.fr\/shop\/p\/running-femme\/veste-femme\/veste-coupe-vent-a-capuche-femme-runnek-logan\/#primaryimage"},"thumbnailUrl":"https:\/\/www.runnek.fr\/shop\/wp-content\/uploads\/2024\/09\/runnek-shop-logan-mujer.webp","datePublished":"2024-05-09T18:48:43+00:00","dateModified":"2026-04-27T12:13:02+00:00","breadcrumb":{"@id":"https:\/\/www.runnek.fr\/shop\/p\/running-femme\/veste-femme\/veste-coupe-vent-a-capuche-femme-runnek-logan\/#breadcrumb"},"inLanguage":"fr-FR","potentialAction":[{"@type":"ReadAction","target":["https:\/\/www.runnek.fr\/shop\/p\/running-femme\/veste-femme\/veste-coupe-vent-a-capuche-femme-runnek-logan\/"]}]},{"@type":"ImageObject","inLanguage":"fr-FR","@id":"https:\/\/www.runnek.fr\/shop\/p\/running-femme\/veste-femme\/veste-coupe-vent-a-capuche-femme-runnek-logan\/#primaryimage","url":"https:\/\/www.runnek.fr\/shop\/wp-content\/uploads\/2024\/09\/runnek-shop-logan-mujer.webp","contentUrl":"https:\/\/www.runnek.fr\/shop\/wp-content\/uploads\/2024\/09\/runnek-shop-logan-mujer.webp","width":800,"height":800,"caption":"Runnek Shop Logan Mujer"},{"@type":"BreadcrumbList","@id":"https:\/\/www.runnek.fr\/shop\/p\/running-femme\/veste-femme\/veste-coupe-vent-a-capuche-femme-runnek-logan\/#breadcrumb","itemListElement":[{"@type":"ListItem","position":1,"name":"Portada","item":"https:\/\/www.runnek.fr\/shop\/"},{"@type":"ListItem","position":2,"name":"boutique","item":"https:\/\/www.runnek.fr\/shop\/boutique\/"},{"@type":"ListItem","position":3,"name":"Veste coupe-vent \u00e0 capuche femme runnek logan"}]},{"@type":"WebSite","@id":"https:\/\/www.runnek.fr\/shop\/#website","url":"https:\/\/www.runnek.fr\/shop\/","name":"Shop Runnek","description":"","publisher":{"@id":"https:\/\/www.runnek.fr\/shop\/#organization"},"potentialAction":[{"@type":"SearchAction","target":{"@type":"EntryPoint","urlTemplate":"https:\/\/www.runnek.fr\/shop\/?s={search_term_string}"},"query-input":{"@type":"PropertyValueSpecification","valueRequired":true,"valueName":"search_term_string"}}],"inLanguage":"fr-FR"},{"@type":"Organization","@id":"https:\/\/www.runnek.fr\/shop\/#organization","name":"Shop Runnek","url":"https:\/\/www.runnek.fr\/shop\/","logo":{"@type":"ImageObject","inLanguage":"fr-FR","@id":"https:\/\/www.runnek.fr\/shop\/#\/schema\/logo\/image\/","url":"https:\/\/www.runnek.fr\/shop\/wp-content\/uploads\/2020\/11\/logo-runnek.png","contentUrl":"https:\/\/www.runnek.fr\/shop\/wp-content\/uploads\/2020\/11\/logo-runnek.png","width":680,"height":252,"caption":"Shop Runnek"},"image":{"@id":"https:\/\/www.runnek.fr\/shop\/#\/schema\/logo\/image\/"},"sameAs":["https:\/\/www.facebook.com\/runnekitalia\/","https:\/\/x.com\/RunnekItalia","https:\/\/instagram.com\/runnek","https:\/\/www.youtube.com\/user\/magliarunningIT"]}]}},"_links":{"self":[{"href":"https:\/\/www.runnek.fr\/shop\/wp-json\/wp\/v2\/product\/4807","targetHints":{"allow":["GET"]}}],"collection":[{"href":"https:\/\/www.runnek.fr\/shop\/wp-json\/wp\/v2\/product"}],"about":[{"href":"https:\/\/www.runnek.fr\/shop\/wp-json\/wp\/v2\/types\/product"}],"replies":[{"embeddable":true,"href":"https:\/\/www.runnek.fr\/shop\/wp-json\/wp\/v2\/comments?post=4807"}],"wp:featuredmedia":[{"embeddable":true,"href":"https:\/\/www.runnek.fr\/shop\/wp-json\/wp\/v2\/media\/5209"}],"wp:attachment":[{"href":"https:\/\/www.runnek.fr\/shop\/wp-json\/wp\/v2\/media?parent=4807"}],"wp:term":[{"taxonomy":"product_brand","embeddable":true,"href":"https:\/\/www.runnek.fr\/shop\/wp-json\/wp\/v2\/product_brand?post=4807"},{"taxonomy":"product_cat","embeddable":true,"href":"https:\/\/www.runnek.fr\/shop\/wp-json\/wp\/v2\/product_cat?post=4807"},{"taxonomy":"product_tag","embeddable":true,"href":"https:\/\/www.runnek.fr\/shop\/wp-json\/wp\/v2\/product_tag?post=4807"}],"curies":[{"name":"wp","href":"https:\/\/api.w.org\/{rel}","templated":true}]}}