{"id":4513,"date":"2023-11-13T22:01:51","date_gmt":"2023-11-13T21:01:51","guid":{"rendered":"https:\/\/www.runnek.fr\/shop\/p\/non%20class\u00e9\/sweat-shirt-femme-capuche-runnek-alpine\/"},"modified":"2026-04-27T14:13:30","modified_gmt":"2026-04-27T12:13:30","slug":"sweat-shirt-femme-capuche-runnek-alpine","status":"publish","type":"product","link":"https:\/\/www.runnek.fr\/shop\/p\/running-femme\/veste-femme\/sweat-shirt-femme-capuche-runnek-alpine\/","title":{"rendered":"Blouson femme capuche runnek alpine"},"content":{"rendered":"<p>Restez au chaud avec style. Ne laissez rien g\u00eaner vos courses avec cette veste pour les amateurs inarr\u00eatables de running. Relevez votre capuche pour obtenir une couverture optimale et tirer le meilleur de vous-m\u00eame \u00e0 chaque entra\u00eenement !<\/p>\n<p>Couleurs:<\/p>\n<ul>\n<li>Noir Intense avec d\u00e9tails Rouge Fluo<\/li>\n<li>Rouge fluo avec d\u00e9tails bleu marine<\/li>\n<li>Olive clair avec d\u00e9tails jaune fluo<\/li>\n<\/ul>\n<p>&nbsp;<\/p>\n<div class=\"avia-gallery\"><a href=\"https:\/\/www.runnek.fr\/shop\/wp-content\/uploads\/2023\/06\/technologie-runnek.jpg\"><img decoding=\"async\" class=\"alignnone size-full wp-image-2276\" style=\"width: 80%; padding: 0;\" title=\"Technologie\" src=\"https:\/\/www.runnek.fr\/shop\/wp-content\/uploads\/2023\/06\/technologie.webp\" alt=\"Technologie Runnek\" \/><\/a><\/div>\n","protected":false},"excerpt":{"rendered":"<ul>\n<li>Il int\u00e8gre la technologie FixColor pour conserver la couleur de la veste inchang\u00e9e apr\u00e8s le lavage.<\/li>\n<li>Technologie DRYSENS WINTER apportant un maximum de douceur pour un confort total.<\/li>\n<li>Ajustement parfait gr\u00e2ce \u00e0 notre technologie Skin4Run.<\/li>\n<li>Fermeture zipp\u00e9e et capuche<\/li>\n<li>Mati\u00e8re : 50% coton \/ 50% polyester, peluche bross\u00e9e, 300 g\/m<\/li>\n<\/ul>\n","protected":false},"featured_media":4595,"comment_status":"open","ping_status":"closed","template":"","meta":{"_acf_changed":false},"product_brand":[],"product_cat":[146],"product_tag":[],"class_list":{"0":"post-4513","1":"product","2":"type-product","3":"status-publish","4":"has-post-thumbnail","6":"product_cat-veste-femme","8":"first","9":"instock","10":"taxable","11":"shipping-taxable","12":"purchasable","13":"product-type-variable","14":"wvs-archive-product-wrapper"},"acf":[],"yoast_head":"<!-- This site is optimized with the Yoast SEO plugin v27.3 - https:\/\/yoast.com\/product\/yoast-seo-wordpress\/ -->\n<title>Blouson femme capuche runnek alpine - Shop Runnek<\/title>\n<meta name=\"robots\" content=\"index, follow, max-snippet:-1, max-image-preview:large, max-video-preview:-1\" \/>\n<link rel=\"canonical\" href=\"https:\/\/www.runnek.fr\/shop\/p\/running-femme\/veste-femme\/sweat-shirt-femme-capuche-runnek-alpine\/\" \/>\n<meta property=\"og:locale\" content=\"fr_FR\" \/>\n<meta property=\"og:type\" content=\"article\" \/>\n<meta property=\"og:title\" content=\"Blouson femme capuche runnek alpine - Shop Runnek\" \/>\n<meta property=\"og:description\" content=\"Il int\u00e8gre la technologie FixColor pour conserver la couleur de la veste inchang\u00e9e apr\u00e8s le lavage.  Technologie DRYSENS WINTER apportant un maximum de douceur pour un confort total.  Ajustement parfait gr\u00e2ce \u00e0 notre technologie Skin4Run.  Fermeture zipp\u00e9e et capuche  Mati\u00e8re : 50% coton \/ 50% polyester, peluche bross\u00e9e, 300 g\/m\" \/>\n<meta property=\"og:url\" content=\"https:\/\/www.runnek.fr\/shop\/p\/running-femme\/veste-femme\/sweat-shirt-femme-capuche-runnek-alpine\/\" \/>\n<meta property=\"og:site_name\" content=\"Shop Runnek\" \/>\n<meta property=\"article:publisher\" content=\"https:\/\/www.facebook.com\/runnekitalia\/\" \/>\n<meta property=\"article:modified_time\" content=\"2026-04-27T12:13:30+00:00\" \/>\n<meta property=\"og:image\" content=\"https:\/\/www.runnek.fr\/shop\/wp-content\/uploads\/2023\/11\/runnek-alpine-noir-intense-mujer-femme-1.jpg\" \/>\n\t<meta property=\"og:image:width\" content=\"800\" \/>\n\t<meta property=\"og:image:height\" content=\"800\" \/>\n\t<meta property=\"og:image:type\" content=\"image\/jpeg\" \/>\n<meta name=\"twitter:card\" content=\"summary_large_image\" \/>\n<meta name=\"twitter:site\" content=\"@RunnekItalia\" \/>\n<meta name=\"twitter:label1\" content=\"Dur\u00e9e de lecture estim\u00e9e\" \/>\n\t<meta name=\"twitter:data1\" content=\"1 minute\" \/>\n<script type=\"application\/ld+json\" class=\"yoast-schema-graph\">{\"@context\":\"https:\\\/\\\/schema.org\",\"@graph\":[{\"@type\":\"WebPage\",\"@id\":\"https:\\\/\\\/www.runnek.fr\\\/shop\\\/p\\\/running-femme\\\/veste-femme\\\/sweat-shirt-femme-capuche-runnek-alpine\\\/\",\"url\":\"https:\\\/\\\/www.runnek.fr\\\/shop\\\/p\\\/running-femme\\\/veste-femme\\\/sweat-shirt-femme-capuche-runnek-alpine\\\/\",\"name\":\"Blouson femme capuche runnek alpine - Shop Runnek\",\"isPartOf\":{\"@id\":\"https:\\\/\\\/www.runnek.fr\\\/shop\\\/#website\"},\"primaryImageOfPage\":{\"@id\":\"https:\\\/\\\/www.runnek.fr\\\/shop\\\/p\\\/running-femme\\\/veste-femme\\\/sweat-shirt-femme-capuche-runnek-alpine\\\/#primaryimage\"},\"image\":{\"@id\":\"https:\\\/\\\/www.runnek.fr\\\/shop\\\/p\\\/running-femme\\\/veste-femme\\\/sweat-shirt-femme-capuche-runnek-alpine\\\/#primaryimage\"},\"thumbnailUrl\":\"https:\\\/\\\/www.runnek.fr\\\/shop\\\/wp-content\\\/uploads\\\/2023\\\/11\\\/runnek-alpine-noir-intense-mujer-femme-1.jpg\",\"datePublished\":\"2023-11-13T21:01:51+00:00\",\"dateModified\":\"2026-04-27T12:13:30+00:00\",\"breadcrumb\":{\"@id\":\"https:\\\/\\\/www.runnek.fr\\\/shop\\\/p\\\/running-femme\\\/veste-femme\\\/sweat-shirt-femme-capuche-runnek-alpine\\\/#breadcrumb\"},\"inLanguage\":\"fr-FR\",\"potentialAction\":[{\"@type\":\"ReadAction\",\"target\":[\"https:\\\/\\\/www.runnek.fr\\\/shop\\\/p\\\/running-femme\\\/veste-femme\\\/sweat-shirt-femme-capuche-runnek-alpine\\\/\"]}]},{\"@type\":\"ImageObject\",\"inLanguage\":\"fr-FR\",\"@id\":\"https:\\\/\\\/www.runnek.fr\\\/shop\\\/p\\\/running-femme\\\/veste-femme\\\/sweat-shirt-femme-capuche-runnek-alpine\\\/#primaryimage\",\"url\":\"https:\\\/\\\/www.runnek.fr\\\/shop\\\/wp-content\\\/uploads\\\/2023\\\/11\\\/runnek-alpine-noir-intense-mujer-femme-1.jpg\",\"contentUrl\":\"https:\\\/\\\/www.runnek.fr\\\/shop\\\/wp-content\\\/uploads\\\/2023\\\/11\\\/runnek-alpine-noir-intense-mujer-femme-1.jpg\",\"width\":800,\"height\":800,\"caption\":\"Runnek Alpine Noir Intense Mujer Femme\"},{\"@type\":\"BreadcrumbList\",\"@id\":\"https:\\\/\\\/www.runnek.fr\\\/shop\\\/p\\\/running-femme\\\/veste-femme\\\/sweat-shirt-femme-capuche-runnek-alpine\\\/#breadcrumb\",\"itemListElement\":[{\"@type\":\"ListItem\",\"position\":1,\"name\":\"Portada\",\"item\":\"https:\\\/\\\/www.runnek.fr\\\/shop\\\/\"},{\"@type\":\"ListItem\",\"position\":2,\"name\":\"boutique\",\"item\":\"https:\\\/\\\/www.runnek.fr\\\/shop\\\/boutique\\\/\"},{\"@type\":\"ListItem\",\"position\":3,\"name\":\"Blouson femme capuche runnek alpine\"}]},{\"@type\":\"WebSite\",\"@id\":\"https:\\\/\\\/www.runnek.fr\\\/shop\\\/#website\",\"url\":\"https:\\\/\\\/www.runnek.fr\\\/shop\\\/\",\"name\":\"Shop Runnek\",\"description\":\"\",\"publisher\":{\"@id\":\"https:\\\/\\\/www.runnek.fr\\\/shop\\\/#organization\"},\"potentialAction\":[{\"@type\":\"SearchAction\",\"target\":{\"@type\":\"EntryPoint\",\"urlTemplate\":\"https:\\\/\\\/www.runnek.fr\\\/shop\\\/?s={search_term_string}\"},\"query-input\":{\"@type\":\"PropertyValueSpecification\",\"valueRequired\":true,\"valueName\":\"search_term_string\"}}],\"inLanguage\":\"fr-FR\"},{\"@type\":\"Organization\",\"@id\":\"https:\\\/\\\/www.runnek.fr\\\/shop\\\/#organization\",\"name\":\"Shop Runnek\",\"url\":\"https:\\\/\\\/www.runnek.fr\\\/shop\\\/\",\"logo\":{\"@type\":\"ImageObject\",\"inLanguage\":\"fr-FR\",\"@id\":\"https:\\\/\\\/www.runnek.fr\\\/shop\\\/#\\\/schema\\\/logo\\\/image\\\/\",\"url\":\"https:\\\/\\\/www.runnek.fr\\\/shop\\\/wp-content\\\/uploads\\\/2020\\\/11\\\/logo-runnek.png\",\"contentUrl\":\"https:\\\/\\\/www.runnek.fr\\\/shop\\\/wp-content\\\/uploads\\\/2020\\\/11\\\/logo-runnek.png\",\"width\":680,\"height\":252,\"caption\":\"Shop Runnek\"},\"image\":{\"@id\":\"https:\\\/\\\/www.runnek.fr\\\/shop\\\/#\\\/schema\\\/logo\\\/image\\\/\"},\"sameAs\":[\"https:\\\/\\\/www.facebook.com\\\/runnekitalia\\\/\",\"https:\\\/\\\/x.com\\\/RunnekItalia\",\"https:\\\/\\\/instagram.com\\\/runnek\",\"https:\\\/\\\/www.youtube.com\\\/user\\\/magliarunningIT\"]}]}<\/script>\n<!-- \/ Yoast SEO plugin. -->","yoast_head_json":{"title":"Blouson femme capuche runnek alpine - Shop Runnek","robots":{"index":"index","follow":"follow","max-snippet":"max-snippet:-1","max-image-preview":"max-image-preview:large","max-video-preview":"max-video-preview:-1"},"canonical":"https:\/\/www.runnek.fr\/shop\/p\/running-femme\/veste-femme\/sweat-shirt-femme-capuche-runnek-alpine\/","og_locale":"fr_FR","og_type":"article","og_title":"Blouson femme capuche runnek alpine - Shop Runnek","og_description":"Il int\u00e8gre la technologie FixColor pour conserver la couleur de la veste inchang\u00e9e apr\u00e8s le lavage.  Technologie DRYSENS WINTER apportant un maximum de douceur pour un confort total.  Ajustement parfait gr\u00e2ce \u00e0 notre technologie Skin4Run.  Fermeture zipp\u00e9e et capuche  Mati\u00e8re : 50% coton \/ 50% polyester, peluche bross\u00e9e, 300 g\/m","og_url":"https:\/\/www.runnek.fr\/shop\/p\/running-femme\/veste-femme\/sweat-shirt-femme-capuche-runnek-alpine\/","og_site_name":"Shop Runnek","article_publisher":"https:\/\/www.facebook.com\/runnekitalia\/","article_modified_time":"2026-04-27T12:13:30+00:00","og_image":[{"width":800,"height":800,"url":"https:\/\/www.runnek.fr\/shop\/wp-content\/uploads\/2023\/11\/runnek-alpine-noir-intense-mujer-femme-1.jpg","type":"image\/jpeg"}],"twitter_card":"summary_large_image","twitter_site":"@RunnekItalia","twitter_misc":{"Dur\u00e9e de lecture estim\u00e9e":"1 minute"},"schema":{"@context":"https:\/\/schema.org","@graph":[{"@type":"WebPage","@id":"https:\/\/www.runnek.fr\/shop\/p\/running-femme\/veste-femme\/sweat-shirt-femme-capuche-runnek-alpine\/","url":"https:\/\/www.runnek.fr\/shop\/p\/running-femme\/veste-femme\/sweat-shirt-femme-capuche-runnek-alpine\/","name":"Blouson femme capuche runnek alpine - Shop Runnek","isPartOf":{"@id":"https:\/\/www.runnek.fr\/shop\/#website"},"primaryImageOfPage":{"@id":"https:\/\/www.runnek.fr\/shop\/p\/running-femme\/veste-femme\/sweat-shirt-femme-capuche-runnek-alpine\/#primaryimage"},"image":{"@id":"https:\/\/www.runnek.fr\/shop\/p\/running-femme\/veste-femme\/sweat-shirt-femme-capuche-runnek-alpine\/#primaryimage"},"thumbnailUrl":"https:\/\/www.runnek.fr\/shop\/wp-content\/uploads\/2023\/11\/runnek-alpine-noir-intense-mujer-femme-1.jpg","datePublished":"2023-11-13T21:01:51+00:00","dateModified":"2026-04-27T12:13:30+00:00","breadcrumb":{"@id":"https:\/\/www.runnek.fr\/shop\/p\/running-femme\/veste-femme\/sweat-shirt-femme-capuche-runnek-alpine\/#breadcrumb"},"inLanguage":"fr-FR","potentialAction":[{"@type":"ReadAction","target":["https:\/\/www.runnek.fr\/shop\/p\/running-femme\/veste-femme\/sweat-shirt-femme-capuche-runnek-alpine\/"]}]},{"@type":"ImageObject","inLanguage":"fr-FR","@id":"https:\/\/www.runnek.fr\/shop\/p\/running-femme\/veste-femme\/sweat-shirt-femme-capuche-runnek-alpine\/#primaryimage","url":"https:\/\/www.runnek.fr\/shop\/wp-content\/uploads\/2023\/11\/runnek-alpine-noir-intense-mujer-femme-1.jpg","contentUrl":"https:\/\/www.runnek.fr\/shop\/wp-content\/uploads\/2023\/11\/runnek-alpine-noir-intense-mujer-femme-1.jpg","width":800,"height":800,"caption":"Runnek Alpine Noir Intense Mujer Femme"},{"@type":"BreadcrumbList","@id":"https:\/\/www.runnek.fr\/shop\/p\/running-femme\/veste-femme\/sweat-shirt-femme-capuche-runnek-alpine\/#breadcrumb","itemListElement":[{"@type":"ListItem","position":1,"name":"Portada","item":"https:\/\/www.runnek.fr\/shop\/"},{"@type":"ListItem","position":2,"name":"boutique","item":"https:\/\/www.runnek.fr\/shop\/boutique\/"},{"@type":"ListItem","position":3,"name":"Blouson femme capuche runnek alpine"}]},{"@type":"WebSite","@id":"https:\/\/www.runnek.fr\/shop\/#website","url":"https:\/\/www.runnek.fr\/shop\/","name":"Shop Runnek","description":"","publisher":{"@id":"https:\/\/www.runnek.fr\/shop\/#organization"},"potentialAction":[{"@type":"SearchAction","target":{"@type":"EntryPoint","urlTemplate":"https:\/\/www.runnek.fr\/shop\/?s={search_term_string}"},"query-input":{"@type":"PropertyValueSpecification","valueRequired":true,"valueName":"search_term_string"}}],"inLanguage":"fr-FR"},{"@type":"Organization","@id":"https:\/\/www.runnek.fr\/shop\/#organization","name":"Shop Runnek","url":"https:\/\/www.runnek.fr\/shop\/","logo":{"@type":"ImageObject","inLanguage":"fr-FR","@id":"https:\/\/www.runnek.fr\/shop\/#\/schema\/logo\/image\/","url":"https:\/\/www.runnek.fr\/shop\/wp-content\/uploads\/2020\/11\/logo-runnek.png","contentUrl":"https:\/\/www.runnek.fr\/shop\/wp-content\/uploads\/2020\/11\/logo-runnek.png","width":680,"height":252,"caption":"Shop Runnek"},"image":{"@id":"https:\/\/www.runnek.fr\/shop\/#\/schema\/logo\/image\/"},"sameAs":["https:\/\/www.facebook.com\/runnekitalia\/","https:\/\/x.com\/RunnekItalia","https:\/\/instagram.com\/runnek","https:\/\/www.youtube.com\/user\/magliarunningIT"]}]}},"_links":{"self":[{"href":"https:\/\/www.runnek.fr\/shop\/wp-json\/wp\/v2\/product\/4513","targetHints":{"allow":["GET"]}}],"collection":[{"href":"https:\/\/www.runnek.fr\/shop\/wp-json\/wp\/v2\/product"}],"about":[{"href":"https:\/\/www.runnek.fr\/shop\/wp-json\/wp\/v2\/types\/product"}],"replies":[{"embeddable":true,"href":"https:\/\/www.runnek.fr\/shop\/wp-json\/wp\/v2\/comments?post=4513"}],"wp:featuredmedia":[{"embeddable":true,"href":"https:\/\/www.runnek.fr\/shop\/wp-json\/wp\/v2\/media\/4595"}],"wp:attachment":[{"href":"https:\/\/www.runnek.fr\/shop\/wp-json\/wp\/v2\/media?parent=4513"}],"wp:term":[{"taxonomy":"product_brand","embeddable":true,"href":"https:\/\/www.runnek.fr\/shop\/wp-json\/wp\/v2\/product_brand?post=4513"},{"taxonomy":"product_cat","embeddable":true,"href":"https:\/\/www.runnek.fr\/shop\/wp-json\/wp\/v2\/product_cat?post=4513"},{"taxonomy":"product_tag","embeddable":true,"href":"https:\/\/www.runnek.fr\/shop\/wp-json\/wp\/v2\/product_tag?post=4513"}],"curies":[{"name":"wp","href":"https:\/\/api.w.org\/{rel}","templated":true}]}}