{"id":354,"date":"2021-02-11T16:24:51","date_gmt":"2021-02-11T15:24:51","guid":{"rendered":"https:\/\/www.runnek.fr\/shop\/?post_type=product&#038;p=354"},"modified":"2026-04-18T14:14:24","modified_gmt":"2026-04-18T12:14:24","slug":"maillot-technique-runnek-edel","status":"publish","type":"product","link":"https:\/\/www.runnek.fr\/shop\/p\/running-homme\/t-shirt-a-manches-courtes\/maillot-technique-runnek-edel\/","title":{"rendered":"T-shirt technique runnek edel"},"content":{"rendered":"<p>Con\u00e7ue pour s&rsquo;adapter parfaitement \u00e0 votre corps \u00e0 chaque foul\u00e9e de chaque entra\u00eenement. Ce mod\u00e8le Edel a \u00e9t\u00e9 con\u00e7u avec les derni\u00e8res technologies et beaucoup de recherches . <\/p>\n<p><span style=\"font-weight: 400;\">Coloris\u00a0: <\/span><\/p>\n<ul>\n<li>Gris clair et gris carbone<\/li>\n<li>Orange fluo<\/li>\n<li>Bleu \u00e9lectrique<\/li>\n<li>Vert fluo<\/li>\n<\/ul>\n<div class=\"avia-gallery\"><a href=\"https:\/\/www.runnek.fr\/shop\/wp-content\/uploads\/2023\/06\/technologie-runnek.jpg\"><img decoding=\"async\" class=\"alignnone size-full wp-image-2276\" style=\"width: 80%; padding: 0;\" title=\"Technologie\" src=\"https:\/\/www.runnek.fr\/shop\/wp-content\/uploads\/2023\/06\/technologie.webp\" alt=\"Technologie Runnek\" \/><\/a><\/div>\n<p><\/p>\n","protected":false},"excerpt":{"rendered":"<ul>\n<li>Tissu 100% polyester avec technologie DrySens pour un maximum de l\u00e9g\u00e8ret\u00e9 et de douceur.<\/li>\n<li>Tissu Microtech sur les \u00e9paules et les manches pour une meilleure respirabilit\u00e9 ainsi qu\u2019un s\u00e9chage rapide.<\/li>\n<li>Coupe parfaite gr\u00e2ce \u00e0 notre technologie Skin4Run.<\/li>\n<p>>li>Lignes de couleur contrast\u00e9e sur les \u00e9paules et les manches.<\/li>\n<li>Coutures plates pour \u00e9viter les frottements<\/li>\n<li>Logo Runnek en transfert num\u00e9rique<\/li>\n<li>Incorpore la technologie FixColor pour que la couleur du T-shirt reste intacte apr\u00e8s le lavage.<\/li>\n<\/ul>\n","protected":false},"featured_media":3576,"comment_status":"open","ping_status":"closed","template":"","meta":{"_acf_changed":false},"product_brand":[],"product_cat":[20],"product_tag":[],"class_list":{"0":"post-354","1":"product","2":"type-product","3":"status-publish","4":"has-post-thumbnail","6":"product_cat-t-shirt-a-manches-courtes","8":"first","9":"instock","10":"taxable","11":"shipping-taxable","12":"purchasable","13":"product-type-variable","14":"wvs-archive-product-wrapper"},"acf":[],"yoast_head":"<!-- This site is optimized with the Yoast SEO plugin v27.3 - https:\/\/yoast.com\/product\/yoast-seo-wordpress\/ -->\n<title>T-shirt technique runnek edel - Shop Runnek<\/title>\n<meta name=\"robots\" content=\"index, follow, max-snippet:-1, max-image-preview:large, max-video-preview:-1\" \/>\n<link rel=\"canonical\" href=\"https:\/\/www.runnek.fr\/shop\/p\/running-homme\/t-shirt-a-manches-courtes\/maillot-technique-runnek-edel\/\" \/>\n<meta property=\"og:locale\" content=\"fr_FR\" \/>\n<meta property=\"og:type\" content=\"article\" \/>\n<meta property=\"og:title\" content=\"T-shirt technique runnek edel - Shop Runnek\" \/>\n<meta property=\"og:description\" content=\"Tissu 100% polyester avec technologie DrySens pour un maximum de l\u00e9g\u00e8ret\u00e9 et de douceur. Tissu Microtech sur les \u00e9paules et les manches pour une meilleure respirabilit\u00e9 ainsi qu\u2019un s\u00e9chage rapide. Coupe parfaite gr\u00e2ce \u00e0 notre technologie Skin4Run. &gt;li&gt;Lignes de couleur contrast\u00e9e sur les \u00e9paules et les manches. Coutures plates pour \u00e9viter les frottements Logo Runnek en transfert num\u00e9rique Incorpore la technologie FixColor pour que la couleur du T-shirt reste intacte apr\u00e8s le lavage.\" \/>\n<meta property=\"og:url\" content=\"https:\/\/www.runnek.fr\/shop\/p\/running-homme\/t-shirt-a-manches-courtes\/maillot-technique-runnek-edel\/\" \/>\n<meta property=\"og:site_name\" content=\"Shop Runnek\" \/>\n<meta property=\"article:publisher\" content=\"https:\/\/www.facebook.com\/runnekitalia\/\" \/>\n<meta property=\"article:modified_time\" content=\"2026-04-18T12:14:24+00:00\" \/>\n<meta property=\"og:image\" content=\"https:\/\/www.runnek.fr\/shop\/wp-content\/uploads\/2021\/02\/maillot-technique-runnek-edel-vert-fluo-homme.jpg\" \/>\n\t<meta property=\"og:image:width\" content=\"800\" \/>\n\t<meta property=\"og:image:height\" content=\"800\" \/>\n\t<meta property=\"og:image:type\" content=\"image\/jpeg\" \/>\n<meta name=\"twitter:card\" content=\"summary_large_image\" \/>\n<meta name=\"twitter:site\" content=\"@RunnekItalia\" \/>\n<script type=\"application\/ld+json\" class=\"yoast-schema-graph\">{\"@context\":\"https:\\\/\\\/schema.org\",\"@graph\":[{\"@type\":\"WebPage\",\"@id\":\"https:\\\/\\\/www.runnek.fr\\\/shop\\\/p\\\/running-homme\\\/t-shirt-a-manches-courtes\\\/maillot-technique-runnek-edel\\\/\",\"url\":\"https:\\\/\\\/www.runnek.fr\\\/shop\\\/p\\\/running-homme\\\/t-shirt-a-manches-courtes\\\/maillot-technique-runnek-edel\\\/\",\"name\":\"T-shirt technique runnek edel - Shop Runnek\",\"isPartOf\":{\"@id\":\"https:\\\/\\\/www.runnek.fr\\\/shop\\\/#website\"},\"primaryImageOfPage\":{\"@id\":\"https:\\\/\\\/www.runnek.fr\\\/shop\\\/p\\\/running-homme\\\/t-shirt-a-manches-courtes\\\/maillot-technique-runnek-edel\\\/#primaryimage\"},\"image\":{\"@id\":\"https:\\\/\\\/www.runnek.fr\\\/shop\\\/p\\\/running-homme\\\/t-shirt-a-manches-courtes\\\/maillot-technique-runnek-edel\\\/#primaryimage\"},\"thumbnailUrl\":\"https:\\\/\\\/www.runnek.fr\\\/shop\\\/wp-content\\\/uploads\\\/2021\\\/02\\\/maillot-technique-runnek-edel-vert-fluo-homme.jpg\",\"datePublished\":\"2021-02-11T15:24:51+00:00\",\"dateModified\":\"2026-04-18T12:14:24+00:00\",\"breadcrumb\":{\"@id\":\"https:\\\/\\\/www.runnek.fr\\\/shop\\\/p\\\/running-homme\\\/t-shirt-a-manches-courtes\\\/maillot-technique-runnek-edel\\\/#breadcrumb\"},\"inLanguage\":\"fr-FR\",\"potentialAction\":[{\"@type\":\"ReadAction\",\"target\":[\"https:\\\/\\\/www.runnek.fr\\\/shop\\\/p\\\/running-homme\\\/t-shirt-a-manches-courtes\\\/maillot-technique-runnek-edel\\\/\"]}]},{\"@type\":\"ImageObject\",\"inLanguage\":\"fr-FR\",\"@id\":\"https:\\\/\\\/www.runnek.fr\\\/shop\\\/p\\\/running-homme\\\/t-shirt-a-manches-courtes\\\/maillot-technique-runnek-edel\\\/#primaryimage\",\"url\":\"https:\\\/\\\/www.runnek.fr\\\/shop\\\/wp-content\\\/uploads\\\/2021\\\/02\\\/maillot-technique-runnek-edel-vert-fluo-homme.jpg\",\"contentUrl\":\"https:\\\/\\\/www.runnek.fr\\\/shop\\\/wp-content\\\/uploads\\\/2021\\\/02\\\/maillot-technique-runnek-edel-vert-fluo-homme.jpg\",\"width\":800,\"height\":800,\"caption\":\"Maillot Technique Runnek Edel Vert Fluo Homme\"},{\"@type\":\"BreadcrumbList\",\"@id\":\"https:\\\/\\\/www.runnek.fr\\\/shop\\\/p\\\/running-homme\\\/t-shirt-a-manches-courtes\\\/maillot-technique-runnek-edel\\\/#breadcrumb\",\"itemListElement\":[{\"@type\":\"ListItem\",\"position\":1,\"name\":\"Portada\",\"item\":\"https:\\\/\\\/www.runnek.fr\\\/shop\\\/\"},{\"@type\":\"ListItem\",\"position\":2,\"name\":\"boutique\",\"item\":\"https:\\\/\\\/www.runnek.fr\\\/shop\\\/boutique\\\/\"},{\"@type\":\"ListItem\",\"position\":3,\"name\":\"T-shirt technique runnek edel\"}]},{\"@type\":\"WebSite\",\"@id\":\"https:\\\/\\\/www.runnek.fr\\\/shop\\\/#website\",\"url\":\"https:\\\/\\\/www.runnek.fr\\\/shop\\\/\",\"name\":\"Shop Runnek\",\"description\":\"\",\"publisher\":{\"@id\":\"https:\\\/\\\/www.runnek.fr\\\/shop\\\/#organization\"},\"potentialAction\":[{\"@type\":\"SearchAction\",\"target\":{\"@type\":\"EntryPoint\",\"urlTemplate\":\"https:\\\/\\\/www.runnek.fr\\\/shop\\\/?s={search_term_string}\"},\"query-input\":{\"@type\":\"PropertyValueSpecification\",\"valueRequired\":true,\"valueName\":\"search_term_string\"}}],\"inLanguage\":\"fr-FR\"},{\"@type\":\"Organization\",\"@id\":\"https:\\\/\\\/www.runnek.fr\\\/shop\\\/#organization\",\"name\":\"Shop Runnek\",\"url\":\"https:\\\/\\\/www.runnek.fr\\\/shop\\\/\",\"logo\":{\"@type\":\"ImageObject\",\"inLanguage\":\"fr-FR\",\"@id\":\"https:\\\/\\\/www.runnek.fr\\\/shop\\\/#\\\/schema\\\/logo\\\/image\\\/\",\"url\":\"https:\\\/\\\/www.runnek.fr\\\/shop\\\/wp-content\\\/uploads\\\/2020\\\/11\\\/logo-runnek.png\",\"contentUrl\":\"https:\\\/\\\/www.runnek.fr\\\/shop\\\/wp-content\\\/uploads\\\/2020\\\/11\\\/logo-runnek.png\",\"width\":680,\"height\":252,\"caption\":\"Shop Runnek\"},\"image\":{\"@id\":\"https:\\\/\\\/www.runnek.fr\\\/shop\\\/#\\\/schema\\\/logo\\\/image\\\/\"},\"sameAs\":[\"https:\\\/\\\/www.facebook.com\\\/runnekitalia\\\/\",\"https:\\\/\\\/x.com\\\/RunnekItalia\",\"https:\\\/\\\/instagram.com\\\/runnek\",\"https:\\\/\\\/www.youtube.com\\\/user\\\/magliarunningIT\"]}]}<\/script>\n<!-- \/ Yoast SEO plugin. -->","yoast_head_json":{"title":"T-shirt technique runnek edel - Shop Runnek","robots":{"index":"index","follow":"follow","max-snippet":"max-snippet:-1","max-image-preview":"max-image-preview:large","max-video-preview":"max-video-preview:-1"},"canonical":"https:\/\/www.runnek.fr\/shop\/p\/running-homme\/t-shirt-a-manches-courtes\/maillot-technique-runnek-edel\/","og_locale":"fr_FR","og_type":"article","og_title":"T-shirt technique runnek edel - Shop Runnek","og_description":"Tissu 100% polyester avec technologie DrySens pour un maximum de l\u00e9g\u00e8ret\u00e9 et de douceur. Tissu Microtech sur les \u00e9paules et les manches pour une meilleure respirabilit\u00e9 ainsi qu\u2019un s\u00e9chage rapide. Coupe parfaite gr\u00e2ce \u00e0 notre technologie Skin4Run. >li>Lignes de couleur contrast\u00e9e sur les \u00e9paules et les manches. Coutures plates pour \u00e9viter les frottements Logo Runnek en transfert num\u00e9rique Incorpore la technologie FixColor pour que la couleur du T-shirt reste intacte apr\u00e8s le lavage.","og_url":"https:\/\/www.runnek.fr\/shop\/p\/running-homme\/t-shirt-a-manches-courtes\/maillot-technique-runnek-edel\/","og_site_name":"Shop Runnek","article_publisher":"https:\/\/www.facebook.com\/runnekitalia\/","article_modified_time":"2026-04-18T12:14:24+00:00","og_image":[{"width":800,"height":800,"url":"https:\/\/www.runnek.fr\/shop\/wp-content\/uploads\/2021\/02\/maillot-technique-runnek-edel-vert-fluo-homme.jpg","type":"image\/jpeg"}],"twitter_card":"summary_large_image","twitter_site":"@RunnekItalia","schema":{"@context":"https:\/\/schema.org","@graph":[{"@type":"WebPage","@id":"https:\/\/www.runnek.fr\/shop\/p\/running-homme\/t-shirt-a-manches-courtes\/maillot-technique-runnek-edel\/","url":"https:\/\/www.runnek.fr\/shop\/p\/running-homme\/t-shirt-a-manches-courtes\/maillot-technique-runnek-edel\/","name":"T-shirt technique runnek edel - Shop Runnek","isPartOf":{"@id":"https:\/\/www.runnek.fr\/shop\/#website"},"primaryImageOfPage":{"@id":"https:\/\/www.runnek.fr\/shop\/p\/running-homme\/t-shirt-a-manches-courtes\/maillot-technique-runnek-edel\/#primaryimage"},"image":{"@id":"https:\/\/www.runnek.fr\/shop\/p\/running-homme\/t-shirt-a-manches-courtes\/maillot-technique-runnek-edel\/#primaryimage"},"thumbnailUrl":"https:\/\/www.runnek.fr\/shop\/wp-content\/uploads\/2021\/02\/maillot-technique-runnek-edel-vert-fluo-homme.jpg","datePublished":"2021-02-11T15:24:51+00:00","dateModified":"2026-04-18T12:14:24+00:00","breadcrumb":{"@id":"https:\/\/www.runnek.fr\/shop\/p\/running-homme\/t-shirt-a-manches-courtes\/maillot-technique-runnek-edel\/#breadcrumb"},"inLanguage":"fr-FR","potentialAction":[{"@type":"ReadAction","target":["https:\/\/www.runnek.fr\/shop\/p\/running-homme\/t-shirt-a-manches-courtes\/maillot-technique-runnek-edel\/"]}]},{"@type":"ImageObject","inLanguage":"fr-FR","@id":"https:\/\/www.runnek.fr\/shop\/p\/running-homme\/t-shirt-a-manches-courtes\/maillot-technique-runnek-edel\/#primaryimage","url":"https:\/\/www.runnek.fr\/shop\/wp-content\/uploads\/2021\/02\/maillot-technique-runnek-edel-vert-fluo-homme.jpg","contentUrl":"https:\/\/www.runnek.fr\/shop\/wp-content\/uploads\/2021\/02\/maillot-technique-runnek-edel-vert-fluo-homme.jpg","width":800,"height":800,"caption":"Maillot Technique Runnek Edel Vert Fluo Homme"},{"@type":"BreadcrumbList","@id":"https:\/\/www.runnek.fr\/shop\/p\/running-homme\/t-shirt-a-manches-courtes\/maillot-technique-runnek-edel\/#breadcrumb","itemListElement":[{"@type":"ListItem","position":1,"name":"Portada","item":"https:\/\/www.runnek.fr\/shop\/"},{"@type":"ListItem","position":2,"name":"boutique","item":"https:\/\/www.runnek.fr\/shop\/boutique\/"},{"@type":"ListItem","position":3,"name":"T-shirt technique runnek edel"}]},{"@type":"WebSite","@id":"https:\/\/www.runnek.fr\/shop\/#website","url":"https:\/\/www.runnek.fr\/shop\/","name":"Shop Runnek","description":"","publisher":{"@id":"https:\/\/www.runnek.fr\/shop\/#organization"},"potentialAction":[{"@type":"SearchAction","target":{"@type":"EntryPoint","urlTemplate":"https:\/\/www.runnek.fr\/shop\/?s={search_term_string}"},"query-input":{"@type":"PropertyValueSpecification","valueRequired":true,"valueName":"search_term_string"}}],"inLanguage":"fr-FR"},{"@type":"Organization","@id":"https:\/\/www.runnek.fr\/shop\/#organization","name":"Shop Runnek","url":"https:\/\/www.runnek.fr\/shop\/","logo":{"@type":"ImageObject","inLanguage":"fr-FR","@id":"https:\/\/www.runnek.fr\/shop\/#\/schema\/logo\/image\/","url":"https:\/\/www.runnek.fr\/shop\/wp-content\/uploads\/2020\/11\/logo-runnek.png","contentUrl":"https:\/\/www.runnek.fr\/shop\/wp-content\/uploads\/2020\/11\/logo-runnek.png","width":680,"height":252,"caption":"Shop Runnek"},"image":{"@id":"https:\/\/www.runnek.fr\/shop\/#\/schema\/logo\/image\/"},"sameAs":["https:\/\/www.facebook.com\/runnekitalia\/","https:\/\/x.com\/RunnekItalia","https:\/\/instagram.com\/runnek","https:\/\/www.youtube.com\/user\/magliarunningIT"]}]}},"_links":{"self":[{"href":"https:\/\/www.runnek.fr\/shop\/wp-json\/wp\/v2\/product\/354","targetHints":{"allow":["GET"]}}],"collection":[{"href":"https:\/\/www.runnek.fr\/shop\/wp-json\/wp\/v2\/product"}],"about":[{"href":"https:\/\/www.runnek.fr\/shop\/wp-json\/wp\/v2\/types\/product"}],"replies":[{"embeddable":true,"href":"https:\/\/www.runnek.fr\/shop\/wp-json\/wp\/v2\/comments?post=354"}],"wp:featuredmedia":[{"embeddable":true,"href":"https:\/\/www.runnek.fr\/shop\/wp-json\/wp\/v2\/media\/3576"}],"wp:attachment":[{"href":"https:\/\/www.runnek.fr\/shop\/wp-json\/wp\/v2\/media?parent=354"}],"wp:term":[{"taxonomy":"product_brand","embeddable":true,"href":"https:\/\/www.runnek.fr\/shop\/wp-json\/wp\/v2\/product_brand?post=354"},{"taxonomy":"product_cat","embeddable":true,"href":"https:\/\/www.runnek.fr\/shop\/wp-json\/wp\/v2\/product_cat?post=354"},{"taxonomy":"product_tag","embeddable":true,"href":"https:\/\/www.runnek.fr\/shop\/wp-json\/wp\/v2\/product_tag?post=354"}],"curies":[{"name":"wp","href":"https:\/\/api.w.org\/{rel}","templated":true}]}}