{"id":2592,"date":"2023-01-27T09:44:50","date_gmt":"2023-01-27T08:44:50","guid":{"rendered":"https:\/\/www.runnek.fr\/shop\/p\/senza-categoria\/giacca-anti-vento-cappuccio-runnek-next\/"},"modified":"2026-04-18T14:12:28","modified_gmt":"2026-04-18T12:12:28","slug":"coupe-vent-avec-capuche-runnek-next","status":"publish","type":"product","link":"https:\/\/www.runnek.fr\/shop\/p\/running-homme\/veste\/coupe-vent-avec-capuche-runnek-next\/","title":{"rendered":"Coupe-vent capuche runnek"},"content":{"rendered":"<p>La veste coupe-vent Runnek Next a \u00e9t\u00e9 con\u00e7ue pour que vous ne cessiez jamais de la porter ! \u00c9l\u00e9gante et sportive, elle vous permet d&rsquo;affronter toutes les conditions m\u00e9t\u00e9orologiques avec d\u00e9termination et s\u00e9curit\u00e9, gr\u00e2ce aux d\u00e9tails r\u00e9fl\u00e9chissants qui suivent les mouvements de votre corps et vous rendent visible m\u00eame en cas de faible luminosit\u00e9. Le tissu doux et l\u00e9ger assure un confort maximal tout au long du voyage.<\/p>\n<p>&nbsp;<\/p>\n<div class=\"avia-gallery\"><a href=\"https:\/\/www.runnek.fr\/shop\/wp-content\/uploads\/2023\/06\/technologie-runnek.jpg\"><img decoding=\"async\" class=\"alignnone size-full wp-image-2276\" style=\"width: 80%; padding: 0;\" title=\"Technologie\" src=\"https:\/\/www.runnek.fr\/shop\/wp-content\/uploads\/2023\/06\/technologie.webp\" alt=\"Technologie Runnek\" \/><\/a><\/div>\n","protected":false},"excerpt":{"rendered":"<ul>\n<li>Tissu 100% DrySens Microfiber, qui apporte l\u00e9g\u00e8ret\u00e9 et douceur.<\/li>\n<li>Ventilation maximale gr\u00e2ce au tissu respirant et aux doubles inserts en mesh aux endroits strat\u00e9giques<\/li>\n<li>D\u00e9tails r\u00e9fl\u00e9chissants con\u00e7us exclusivement sur les manches et le dos pour garantir une visibilit\u00e9 maximale dans toutes les conditions d&rsquo;\u00e9clairage.<\/li>\n<li>Syst\u00e8me pratique KeepBag, qui permet de plier le v\u00eatement en un sac zipp\u00e9 pratique \u00e0 partir de l&rsquo;une des deux poches \u00e0 fermeture \u00e9clair invisible.<\/li>\n<li>Ajustement parfait gr\u00e2ce \u00e0 notre technologie Skin4Run<\/li>\n<li>Logo Runnek r\u00e9fl\u00e9chissant \u00e0 transfert num\u00e9rique<\/li>\n<li>Utilisation de la technologie FixColor pour conserver la couleur d&rsquo;origine inchang\u00e9e<\/li>\n<\/ul>\n","protected":false},"featured_media":4013,"comment_status":"open","ping_status":"closed","template":"","meta":{"_acf_changed":false},"product_brand":[],"product_cat":[34],"product_tag":[],"class_list":{"0":"post-2592","1":"product","2":"type-product","3":"status-publish","4":"has-post-thumbnail","6":"product_cat-veste","8":"first","9":"instock","10":"taxable","11":"shipping-taxable","12":"purchasable","13":"product-type-variable","14":"wvs-archive-product-wrapper"},"acf":[],"yoast_head":"<!-- This site is optimized with the Yoast SEO plugin v27.3 - https:\/\/yoast.com\/product\/yoast-seo-wordpress\/ -->\n<title>Coupe-vent capuche runnek - Shop Runnek<\/title>\n<meta name=\"robots\" content=\"index, follow, max-snippet:-1, max-image-preview:large, max-video-preview:-1\" \/>\n<link rel=\"canonical\" href=\"https:\/\/www.runnek.fr\/shop\/p\/running-homme\/veste\/coupe-vent-avec-capuche-runnek-next\/\" \/>\n<meta property=\"og:locale\" content=\"fr_FR\" \/>\n<meta property=\"og:type\" content=\"article\" \/>\n<meta property=\"og:title\" content=\"Coupe-vent capuche runnek - Shop Runnek\" \/>\n<meta property=\"og:description\" content=\"Tissu 100% DrySens Microfiber, qui apporte l\u00e9g\u00e8ret\u00e9 et douceur. Ventilation maximale gr\u00e2ce au tissu respirant et aux doubles inserts en mesh aux endroits strat\u00e9giques D\u00e9tails r\u00e9fl\u00e9chissants con\u00e7us exclusivement sur les manches et le dos pour garantir une visibilit\u00e9 maximale dans toutes les conditions d&#039;\u00e9clairage. Syst\u00e8me pratique KeepBag, qui permet de plier le v\u00eatement en un sac zipp\u00e9 pratique \u00e0 partir de l&#039;une des deux poches \u00e0 fermeture \u00e9clair invisible. Ajustement parfait gr\u00e2ce \u00e0 notre technologie Skin4Run Logo Runnek r\u00e9fl\u00e9chissant \u00e0 transfert num\u00e9rique Utilisation de la technologie FixColor pour conserver la couleur d&#039;origine inchang\u00e9e\" \/>\n<meta property=\"og:url\" content=\"https:\/\/www.runnek.fr\/shop\/p\/running-homme\/veste\/coupe-vent-avec-capuche-runnek-next\/\" \/>\n<meta property=\"og:site_name\" content=\"Shop Runnek\" \/>\n<meta property=\"article:publisher\" content=\"https:\/\/www.facebook.com\/runnekitalia\/\" \/>\n<meta property=\"article:modified_time\" content=\"2026-04-18T12:12:28+00:00\" \/>\n<meta property=\"og:image\" content=\"https:\/\/www.runnek.fr\/shop\/wp-content\/uploads\/2023\/01\/coupe-vent-avec-capuche-runnek-next.jpg\" \/>\n\t<meta property=\"og:image:width\" content=\"800\" \/>\n\t<meta property=\"og:image:height\" content=\"800\" \/>\n\t<meta property=\"og:image:type\" content=\"image\/jpeg\" \/>\n<meta name=\"twitter:card\" content=\"summary_large_image\" \/>\n<meta name=\"twitter:site\" content=\"@RunnekItalia\" \/>\n<meta name=\"twitter:label1\" content=\"Dur\u00e9e de lecture estim\u00e9e\" \/>\n\t<meta name=\"twitter:data1\" content=\"1 minute\" \/>\n<script type=\"application\/ld+json\" class=\"yoast-schema-graph\">{\"@context\":\"https:\\\/\\\/schema.org\",\"@graph\":[{\"@type\":\"WebPage\",\"@id\":\"https:\\\/\\\/www.runnek.fr\\\/shop\\\/p\\\/running-homme\\\/veste\\\/coupe-vent-avec-capuche-runnek-next\\\/\",\"url\":\"https:\\\/\\\/www.runnek.fr\\\/shop\\\/p\\\/running-homme\\\/veste\\\/coupe-vent-avec-capuche-runnek-next\\\/\",\"name\":\"Coupe-vent capuche runnek - Shop Runnek\",\"isPartOf\":{\"@id\":\"https:\\\/\\\/www.runnek.fr\\\/shop\\\/#website\"},\"primaryImageOfPage\":{\"@id\":\"https:\\\/\\\/www.runnek.fr\\\/shop\\\/p\\\/running-homme\\\/veste\\\/coupe-vent-avec-capuche-runnek-next\\\/#primaryimage\"},\"image\":{\"@id\":\"https:\\\/\\\/www.runnek.fr\\\/shop\\\/p\\\/running-homme\\\/veste\\\/coupe-vent-avec-capuche-runnek-next\\\/#primaryimage\"},\"thumbnailUrl\":\"https:\\\/\\\/www.runnek.fr\\\/shop\\\/wp-content\\\/uploads\\\/2023\\\/01\\\/coupe-vent-avec-capuche-runnek-next.jpg\",\"datePublished\":\"2023-01-27T08:44:50+00:00\",\"dateModified\":\"2026-04-18T12:12:28+00:00\",\"breadcrumb\":{\"@id\":\"https:\\\/\\\/www.runnek.fr\\\/shop\\\/p\\\/running-homme\\\/veste\\\/coupe-vent-avec-capuche-runnek-next\\\/#breadcrumb\"},\"inLanguage\":\"fr-FR\",\"potentialAction\":[{\"@type\":\"ReadAction\",\"target\":[\"https:\\\/\\\/www.runnek.fr\\\/shop\\\/p\\\/running-homme\\\/veste\\\/coupe-vent-avec-capuche-runnek-next\\\/\"]}]},{\"@type\":\"ImageObject\",\"inLanguage\":\"fr-FR\",\"@id\":\"https:\\\/\\\/www.runnek.fr\\\/shop\\\/p\\\/running-homme\\\/veste\\\/coupe-vent-avec-capuche-runnek-next\\\/#primaryimage\",\"url\":\"https:\\\/\\\/www.runnek.fr\\\/shop\\\/wp-content\\\/uploads\\\/2023\\\/01\\\/coupe-vent-avec-capuche-runnek-next.jpg\",\"contentUrl\":\"https:\\\/\\\/www.runnek.fr\\\/shop\\\/wp-content\\\/uploads\\\/2023\\\/01\\\/coupe-vent-avec-capuche-runnek-next.jpg\",\"width\":800,\"height\":800,\"caption\":\"Coupe Vent Avec Capuche Runnek Next\"},{\"@type\":\"BreadcrumbList\",\"@id\":\"https:\\\/\\\/www.runnek.fr\\\/shop\\\/p\\\/running-homme\\\/veste\\\/coupe-vent-avec-capuche-runnek-next\\\/#breadcrumb\",\"itemListElement\":[{\"@type\":\"ListItem\",\"position\":1,\"name\":\"Portada\",\"item\":\"https:\\\/\\\/www.runnek.fr\\\/shop\\\/\"},{\"@type\":\"ListItem\",\"position\":2,\"name\":\"boutique\",\"item\":\"https:\\\/\\\/www.runnek.fr\\\/shop\\\/boutique\\\/\"},{\"@type\":\"ListItem\",\"position\":3,\"name\":\"Coupe-vent capuche runnek\"}]},{\"@type\":\"WebSite\",\"@id\":\"https:\\\/\\\/www.runnek.fr\\\/shop\\\/#website\",\"url\":\"https:\\\/\\\/www.runnek.fr\\\/shop\\\/\",\"name\":\"Shop Runnek\",\"description\":\"\",\"publisher\":{\"@id\":\"https:\\\/\\\/www.runnek.fr\\\/shop\\\/#organization\"},\"potentialAction\":[{\"@type\":\"SearchAction\",\"target\":{\"@type\":\"EntryPoint\",\"urlTemplate\":\"https:\\\/\\\/www.runnek.fr\\\/shop\\\/?s={search_term_string}\"},\"query-input\":{\"@type\":\"PropertyValueSpecification\",\"valueRequired\":true,\"valueName\":\"search_term_string\"}}],\"inLanguage\":\"fr-FR\"},{\"@type\":\"Organization\",\"@id\":\"https:\\\/\\\/www.runnek.fr\\\/shop\\\/#organization\",\"name\":\"Shop Runnek\",\"url\":\"https:\\\/\\\/www.runnek.fr\\\/shop\\\/\",\"logo\":{\"@type\":\"ImageObject\",\"inLanguage\":\"fr-FR\",\"@id\":\"https:\\\/\\\/www.runnek.fr\\\/shop\\\/#\\\/schema\\\/logo\\\/image\\\/\",\"url\":\"https:\\\/\\\/www.runnek.fr\\\/shop\\\/wp-content\\\/uploads\\\/2020\\\/11\\\/logo-runnek.png\",\"contentUrl\":\"https:\\\/\\\/www.runnek.fr\\\/shop\\\/wp-content\\\/uploads\\\/2020\\\/11\\\/logo-runnek.png\",\"width\":680,\"height\":252,\"caption\":\"Shop Runnek\"},\"image\":{\"@id\":\"https:\\\/\\\/www.runnek.fr\\\/shop\\\/#\\\/schema\\\/logo\\\/image\\\/\"},\"sameAs\":[\"https:\\\/\\\/www.facebook.com\\\/runnekitalia\\\/\",\"https:\\\/\\\/x.com\\\/RunnekItalia\",\"https:\\\/\\\/instagram.com\\\/runnek\",\"https:\\\/\\\/www.youtube.com\\\/user\\\/magliarunningIT\"]}]}<\/script>\n<!-- \/ Yoast SEO plugin. -->","yoast_head_json":{"title":"Coupe-vent capuche runnek - Shop Runnek","robots":{"index":"index","follow":"follow","max-snippet":"max-snippet:-1","max-image-preview":"max-image-preview:large","max-video-preview":"max-video-preview:-1"},"canonical":"https:\/\/www.runnek.fr\/shop\/p\/running-homme\/veste\/coupe-vent-avec-capuche-runnek-next\/","og_locale":"fr_FR","og_type":"article","og_title":"Coupe-vent capuche runnek - Shop Runnek","og_description":"Tissu 100% DrySens Microfiber, qui apporte l\u00e9g\u00e8ret\u00e9 et douceur. Ventilation maximale gr\u00e2ce au tissu respirant et aux doubles inserts en mesh aux endroits strat\u00e9giques D\u00e9tails r\u00e9fl\u00e9chissants con\u00e7us exclusivement sur les manches et le dos pour garantir une visibilit\u00e9 maximale dans toutes les conditions d'\u00e9clairage. Syst\u00e8me pratique KeepBag, qui permet de plier le v\u00eatement en un sac zipp\u00e9 pratique \u00e0 partir de l'une des deux poches \u00e0 fermeture \u00e9clair invisible. Ajustement parfait gr\u00e2ce \u00e0 notre technologie Skin4Run Logo Runnek r\u00e9fl\u00e9chissant \u00e0 transfert num\u00e9rique Utilisation de la technologie FixColor pour conserver la couleur d'origine inchang\u00e9e","og_url":"https:\/\/www.runnek.fr\/shop\/p\/running-homme\/veste\/coupe-vent-avec-capuche-runnek-next\/","og_site_name":"Shop Runnek","article_publisher":"https:\/\/www.facebook.com\/runnekitalia\/","article_modified_time":"2026-04-18T12:12:28+00:00","og_image":[{"width":800,"height":800,"url":"https:\/\/www.runnek.fr\/shop\/wp-content\/uploads\/2023\/01\/coupe-vent-avec-capuche-runnek-next.jpg","type":"image\/jpeg"}],"twitter_card":"summary_large_image","twitter_site":"@RunnekItalia","twitter_misc":{"Dur\u00e9e de lecture estim\u00e9e":"1 minute"},"schema":{"@context":"https:\/\/schema.org","@graph":[{"@type":"WebPage","@id":"https:\/\/www.runnek.fr\/shop\/p\/running-homme\/veste\/coupe-vent-avec-capuche-runnek-next\/","url":"https:\/\/www.runnek.fr\/shop\/p\/running-homme\/veste\/coupe-vent-avec-capuche-runnek-next\/","name":"Coupe-vent capuche runnek - Shop Runnek","isPartOf":{"@id":"https:\/\/www.runnek.fr\/shop\/#website"},"primaryImageOfPage":{"@id":"https:\/\/www.runnek.fr\/shop\/p\/running-homme\/veste\/coupe-vent-avec-capuche-runnek-next\/#primaryimage"},"image":{"@id":"https:\/\/www.runnek.fr\/shop\/p\/running-homme\/veste\/coupe-vent-avec-capuche-runnek-next\/#primaryimage"},"thumbnailUrl":"https:\/\/www.runnek.fr\/shop\/wp-content\/uploads\/2023\/01\/coupe-vent-avec-capuche-runnek-next.jpg","datePublished":"2023-01-27T08:44:50+00:00","dateModified":"2026-04-18T12:12:28+00:00","breadcrumb":{"@id":"https:\/\/www.runnek.fr\/shop\/p\/running-homme\/veste\/coupe-vent-avec-capuche-runnek-next\/#breadcrumb"},"inLanguage":"fr-FR","potentialAction":[{"@type":"ReadAction","target":["https:\/\/www.runnek.fr\/shop\/p\/running-homme\/veste\/coupe-vent-avec-capuche-runnek-next\/"]}]},{"@type":"ImageObject","inLanguage":"fr-FR","@id":"https:\/\/www.runnek.fr\/shop\/p\/running-homme\/veste\/coupe-vent-avec-capuche-runnek-next\/#primaryimage","url":"https:\/\/www.runnek.fr\/shop\/wp-content\/uploads\/2023\/01\/coupe-vent-avec-capuche-runnek-next.jpg","contentUrl":"https:\/\/www.runnek.fr\/shop\/wp-content\/uploads\/2023\/01\/coupe-vent-avec-capuche-runnek-next.jpg","width":800,"height":800,"caption":"Coupe Vent Avec Capuche Runnek Next"},{"@type":"BreadcrumbList","@id":"https:\/\/www.runnek.fr\/shop\/p\/running-homme\/veste\/coupe-vent-avec-capuche-runnek-next\/#breadcrumb","itemListElement":[{"@type":"ListItem","position":1,"name":"Portada","item":"https:\/\/www.runnek.fr\/shop\/"},{"@type":"ListItem","position":2,"name":"boutique","item":"https:\/\/www.runnek.fr\/shop\/boutique\/"},{"@type":"ListItem","position":3,"name":"Coupe-vent capuche runnek"}]},{"@type":"WebSite","@id":"https:\/\/www.runnek.fr\/shop\/#website","url":"https:\/\/www.runnek.fr\/shop\/","name":"Shop Runnek","description":"","publisher":{"@id":"https:\/\/www.runnek.fr\/shop\/#organization"},"potentialAction":[{"@type":"SearchAction","target":{"@type":"EntryPoint","urlTemplate":"https:\/\/www.runnek.fr\/shop\/?s={search_term_string}"},"query-input":{"@type":"PropertyValueSpecification","valueRequired":true,"valueName":"search_term_string"}}],"inLanguage":"fr-FR"},{"@type":"Organization","@id":"https:\/\/www.runnek.fr\/shop\/#organization","name":"Shop Runnek","url":"https:\/\/www.runnek.fr\/shop\/","logo":{"@type":"ImageObject","inLanguage":"fr-FR","@id":"https:\/\/www.runnek.fr\/shop\/#\/schema\/logo\/image\/","url":"https:\/\/www.runnek.fr\/shop\/wp-content\/uploads\/2020\/11\/logo-runnek.png","contentUrl":"https:\/\/www.runnek.fr\/shop\/wp-content\/uploads\/2020\/11\/logo-runnek.png","width":680,"height":252,"caption":"Shop Runnek"},"image":{"@id":"https:\/\/www.runnek.fr\/shop\/#\/schema\/logo\/image\/"},"sameAs":["https:\/\/www.facebook.com\/runnekitalia\/","https:\/\/x.com\/RunnekItalia","https:\/\/instagram.com\/runnek","https:\/\/www.youtube.com\/user\/magliarunningIT"]}]}},"_links":{"self":[{"href":"https:\/\/www.runnek.fr\/shop\/wp-json\/wp\/v2\/product\/2592","targetHints":{"allow":["GET"]}}],"collection":[{"href":"https:\/\/www.runnek.fr\/shop\/wp-json\/wp\/v2\/product"}],"about":[{"href":"https:\/\/www.runnek.fr\/shop\/wp-json\/wp\/v2\/types\/product"}],"replies":[{"embeddable":true,"href":"https:\/\/www.runnek.fr\/shop\/wp-json\/wp\/v2\/comments?post=2592"}],"wp:featuredmedia":[{"embeddable":true,"href":"https:\/\/www.runnek.fr\/shop\/wp-json\/wp\/v2\/media\/4013"}],"wp:attachment":[{"href":"https:\/\/www.runnek.fr\/shop\/wp-json\/wp\/v2\/media?parent=2592"}],"wp:term":[{"taxonomy":"product_brand","embeddable":true,"href":"https:\/\/www.runnek.fr\/shop\/wp-json\/wp\/v2\/product_brand?post=2592"},{"taxonomy":"product_cat","embeddable":true,"href":"https:\/\/www.runnek.fr\/shop\/wp-json\/wp\/v2\/product_cat?post=2592"},{"taxonomy":"product_tag","embeddable":true,"href":"https:\/\/www.runnek.fr\/shop\/wp-json\/wp\/v2\/product_tag?post=2592"}],"curies":[{"name":"wp","href":"https:\/\/api.w.org\/{rel}","templated":true}]}}