{"id":2591,"date":"2023-01-27T09:44:08","date_gmt":"2023-01-27T08:44:08","guid":{"rendered":"https:\/\/www.runnek.fr\/shop\/p\/senza-categoria\/cappellino-tecnico-runnek-xr\/"},"modified":"2026-04-20T05:20:49","modified_gmt":"2026-04-20T03:20:49","slug":"casquette-technique-xr-runnek","status":"publish","type":"product","link":"https:\/\/www.runnek.fr\/shop\/p\/accessoire-running\/casquette-technique-xr-runnek\/","title":{"rendered":"Casquette technique runnek xr"},"content":{"rendered":"<p>Prot\u00e9gez votre t\u00eate des intemp\u00e9ries sans vous soucier du confort. Ce mod\u00e8le est tr\u00e8s facile \u00e0 enfiler et s&rsquo;ajuste parfaitement.<\/p>\n<p>Coloris :<\/p>\n<ul>\n<li>Rouge<\/li>\n<li>Blanc<\/li>\n<li>Noir<\/li>\n<li>Bleu oc\u00e9an<\/li>\n<\/ul>\n<p>&nbsp;<\/p>\n<div class=\"avia-gallery\"><a href=\"https:\/\/www.runnek.fr\/shop\/wp-content\/uploads\/2023\/06\/technologie-runnek.jpg\"><img decoding=\"async\" class=\"alignnone size-full wp-image-2276\" style=\"width: 80%; padding: 0;\" title=\"Technologie\" src=\"https:\/\/www.runnek.fr\/shop\/wp-content\/uploads\/2023\/06\/technologie.webp\" alt=\"Technologie Runnek\" \/><\/a><\/div>\n","protected":false},"excerpt":{"rendered":"<ul>\n<li>Tissu 100% microfibre DrySens pour une l\u00e9g\u00e8ret\u00e9 absolue.  <\/li>\n<li>Fermeture \u00e0 boucle m\u00e9tallique r\u00e9glable pour un ajustement parfait. <\/li>\n<li>Micro-perfor\u00e9 des deux c\u00f4t\u00e9s pour une ventilation continue. <\/li>\n<li>La visi\u00e8re prot\u00e8ge du soleil sans g\u00eaner la visibilit\u00e9. <\/li>\n<li>Logo Runnek r\u00e9fl\u00e9chissant \u00e0 l&rsquo;arri\u00e8re.<\/li>\n<li>Technologie d&rsquo;impression FixColor pour garantir la durabilit\u00e9 permanente de la couleur d&rsquo;origine.<\/li>\n<\/ul>\n","protected":false},"featured_media":3812,"comment_status":"open","ping_status":"closed","template":"","meta":{"_acf_changed":false},"product_brand":[],"product_cat":[36],"product_tag":[],"class_list":{"0":"post-2591","1":"product","2":"type-product","3":"status-publish","4":"has-post-thumbnail","6":"product_cat-accessoire-running","8":"first","9":"instock","10":"taxable","11":"shipping-taxable","12":"purchasable","13":"product-type-variable","14":"wvs-archive-product-wrapper"},"acf":[],"yoast_head":"<!-- This site is optimized with the Yoast SEO plugin v27.3 - https:\/\/yoast.com\/product\/yoast-seo-wordpress\/ -->\n<title>Casquette technique runnek xr - Shop Runnek<\/title>\n<meta name=\"robots\" content=\"index, follow, max-snippet:-1, max-image-preview:large, max-video-preview:-1\" \/>\n<link rel=\"canonical\" href=\"https:\/\/www.runnek.fr\/shop\/p\/accessoire-running\/casquette-technique-xr-runnek\/\" \/>\n<meta property=\"og:locale\" content=\"fr_FR\" \/>\n<meta property=\"og:type\" content=\"article\" \/>\n<meta property=\"og:title\" content=\"Casquette technique runnek xr - Shop Runnek\" \/>\n<meta property=\"og:description\" content=\"Tissu 100% microfibre DrySens pour une l\u00e9g\u00e8ret\u00e9 absolue.  Fermeture \u00e0 boucle m\u00e9tallique r\u00e9glable pour un ajustement parfait.  Micro-perfor\u00e9 des deux c\u00f4t\u00e9s pour une ventilation continue.  La visi\u00e8re prot\u00e8ge du soleil sans g\u00eaner la visibilit\u00e9.  Logo Runnek r\u00e9fl\u00e9chissant \u00e0 l&#039;arri\u00e8re. Technologie d&#039;impression FixColor pour garantir la durabilit\u00e9 permanente de la couleur d&#039;origine.\" \/>\n<meta property=\"og:url\" content=\"https:\/\/www.runnek.fr\/shop\/p\/accessoire-running\/casquette-technique-xr-runnek\/\" \/>\n<meta property=\"og:site_name\" content=\"Shop Runnek\" \/>\n<meta property=\"article:publisher\" content=\"https:\/\/www.facebook.com\/runnekitalia\/\" \/>\n<meta property=\"article:modified_time\" content=\"2026-04-20T03:20:49+00:00\" \/>\n<meta property=\"og:image\" content=\"https:\/\/www.runnek.fr\/shop\/wp-content\/uploads\/2023\/01\/casquette-runnek-bleu.jpg\" \/>\n\t<meta property=\"og:image:width\" content=\"800\" \/>\n\t<meta property=\"og:image:height\" content=\"800\" \/>\n\t<meta property=\"og:image:type\" content=\"image\/jpeg\" \/>\n<meta name=\"twitter:card\" content=\"summary_large_image\" \/>\n<meta name=\"twitter:site\" content=\"@RunnekItalia\" \/>\n<meta name=\"twitter:label1\" content=\"Dur\u00e9e de lecture estim\u00e9e\" \/>\n\t<meta name=\"twitter:data1\" content=\"1 minute\" \/>\n<script type=\"application\/ld+json\" class=\"yoast-schema-graph\">{\"@context\":\"https:\\\/\\\/schema.org\",\"@graph\":[{\"@type\":\"WebPage\",\"@id\":\"https:\\\/\\\/www.runnek.fr\\\/shop\\\/p\\\/accessoire-running\\\/casquette-technique-xr-runnek\\\/\",\"url\":\"https:\\\/\\\/www.runnek.fr\\\/shop\\\/p\\\/accessoire-running\\\/casquette-technique-xr-runnek\\\/\",\"name\":\"Casquette technique runnek xr - Shop Runnek\",\"isPartOf\":{\"@id\":\"https:\\\/\\\/www.runnek.fr\\\/shop\\\/#website\"},\"primaryImageOfPage\":{\"@id\":\"https:\\\/\\\/www.runnek.fr\\\/shop\\\/p\\\/accessoire-running\\\/casquette-technique-xr-runnek\\\/#primaryimage\"},\"image\":{\"@id\":\"https:\\\/\\\/www.runnek.fr\\\/shop\\\/p\\\/accessoire-running\\\/casquette-technique-xr-runnek\\\/#primaryimage\"},\"thumbnailUrl\":\"https:\\\/\\\/www.runnek.fr\\\/shop\\\/wp-content\\\/uploads\\\/2023\\\/01\\\/casquette-runnek-bleu.jpg\",\"datePublished\":\"2023-01-27T08:44:08+00:00\",\"dateModified\":\"2026-04-20T03:20:49+00:00\",\"breadcrumb\":{\"@id\":\"https:\\\/\\\/www.runnek.fr\\\/shop\\\/p\\\/accessoire-running\\\/casquette-technique-xr-runnek\\\/#breadcrumb\"},\"inLanguage\":\"fr-FR\",\"potentialAction\":[{\"@type\":\"ReadAction\",\"target\":[\"https:\\\/\\\/www.runnek.fr\\\/shop\\\/p\\\/accessoire-running\\\/casquette-technique-xr-runnek\\\/\"]}]},{\"@type\":\"ImageObject\",\"inLanguage\":\"fr-FR\",\"@id\":\"https:\\\/\\\/www.runnek.fr\\\/shop\\\/p\\\/accessoire-running\\\/casquette-technique-xr-runnek\\\/#primaryimage\",\"url\":\"https:\\\/\\\/www.runnek.fr\\\/shop\\\/wp-content\\\/uploads\\\/2023\\\/01\\\/casquette-runnek-bleu.jpg\",\"contentUrl\":\"https:\\\/\\\/www.runnek.fr\\\/shop\\\/wp-content\\\/uploads\\\/2023\\\/01\\\/casquette-runnek-bleu.jpg\",\"width\":800,\"height\":800,\"caption\":\"Casquette Runnek Bleu\"},{\"@type\":\"BreadcrumbList\",\"@id\":\"https:\\\/\\\/www.runnek.fr\\\/shop\\\/p\\\/accessoire-running\\\/casquette-technique-xr-runnek\\\/#breadcrumb\",\"itemListElement\":[{\"@type\":\"ListItem\",\"position\":1,\"name\":\"Portada\",\"item\":\"https:\\\/\\\/www.runnek.fr\\\/shop\\\/\"},{\"@type\":\"ListItem\",\"position\":2,\"name\":\"boutique\",\"item\":\"https:\\\/\\\/www.runnek.fr\\\/shop\\\/boutique\\\/\"},{\"@type\":\"ListItem\",\"position\":3,\"name\":\"Casquette technique runnek xr\"}]},{\"@type\":\"WebSite\",\"@id\":\"https:\\\/\\\/www.runnek.fr\\\/shop\\\/#website\",\"url\":\"https:\\\/\\\/www.runnek.fr\\\/shop\\\/\",\"name\":\"Shop Runnek\",\"description\":\"\",\"publisher\":{\"@id\":\"https:\\\/\\\/www.runnek.fr\\\/shop\\\/#organization\"},\"potentialAction\":[{\"@type\":\"SearchAction\",\"target\":{\"@type\":\"EntryPoint\",\"urlTemplate\":\"https:\\\/\\\/www.runnek.fr\\\/shop\\\/?s={search_term_string}\"},\"query-input\":{\"@type\":\"PropertyValueSpecification\",\"valueRequired\":true,\"valueName\":\"search_term_string\"}}],\"inLanguage\":\"fr-FR\"},{\"@type\":\"Organization\",\"@id\":\"https:\\\/\\\/www.runnek.fr\\\/shop\\\/#organization\",\"name\":\"Shop Runnek\",\"url\":\"https:\\\/\\\/www.runnek.fr\\\/shop\\\/\",\"logo\":{\"@type\":\"ImageObject\",\"inLanguage\":\"fr-FR\",\"@id\":\"https:\\\/\\\/www.runnek.fr\\\/shop\\\/#\\\/schema\\\/logo\\\/image\\\/\",\"url\":\"https:\\\/\\\/www.runnek.fr\\\/shop\\\/wp-content\\\/uploads\\\/2020\\\/11\\\/logo-runnek.png\",\"contentUrl\":\"https:\\\/\\\/www.runnek.fr\\\/shop\\\/wp-content\\\/uploads\\\/2020\\\/11\\\/logo-runnek.png\",\"width\":680,\"height\":252,\"caption\":\"Shop Runnek\"},\"image\":{\"@id\":\"https:\\\/\\\/www.runnek.fr\\\/shop\\\/#\\\/schema\\\/logo\\\/image\\\/\"},\"sameAs\":[\"https:\\\/\\\/www.facebook.com\\\/runnekitalia\\\/\",\"https:\\\/\\\/x.com\\\/RunnekItalia\",\"https:\\\/\\\/instagram.com\\\/runnek\",\"https:\\\/\\\/www.youtube.com\\\/user\\\/magliarunningIT\"]}]}<\/script>\n<!-- \/ Yoast SEO plugin. -->","yoast_head_json":{"title":"Casquette technique runnek xr - Shop Runnek","robots":{"index":"index","follow":"follow","max-snippet":"max-snippet:-1","max-image-preview":"max-image-preview:large","max-video-preview":"max-video-preview:-1"},"canonical":"https:\/\/www.runnek.fr\/shop\/p\/accessoire-running\/casquette-technique-xr-runnek\/","og_locale":"fr_FR","og_type":"article","og_title":"Casquette technique runnek xr - Shop Runnek","og_description":"Tissu 100% microfibre DrySens pour une l\u00e9g\u00e8ret\u00e9 absolue.  Fermeture \u00e0 boucle m\u00e9tallique r\u00e9glable pour un ajustement parfait.  Micro-perfor\u00e9 des deux c\u00f4t\u00e9s pour une ventilation continue.  La visi\u00e8re prot\u00e8ge du soleil sans g\u00eaner la visibilit\u00e9.  Logo Runnek r\u00e9fl\u00e9chissant \u00e0 l'arri\u00e8re. Technologie d'impression FixColor pour garantir la durabilit\u00e9 permanente de la couleur d'origine.","og_url":"https:\/\/www.runnek.fr\/shop\/p\/accessoire-running\/casquette-technique-xr-runnek\/","og_site_name":"Shop Runnek","article_publisher":"https:\/\/www.facebook.com\/runnekitalia\/","article_modified_time":"2026-04-20T03:20:49+00:00","og_image":[{"width":800,"height":800,"url":"https:\/\/www.runnek.fr\/shop\/wp-content\/uploads\/2023\/01\/casquette-runnek-bleu.jpg","type":"image\/jpeg"}],"twitter_card":"summary_large_image","twitter_site":"@RunnekItalia","twitter_misc":{"Dur\u00e9e de lecture estim\u00e9e":"1 minute"},"schema":{"@context":"https:\/\/schema.org","@graph":[{"@type":"WebPage","@id":"https:\/\/www.runnek.fr\/shop\/p\/accessoire-running\/casquette-technique-xr-runnek\/","url":"https:\/\/www.runnek.fr\/shop\/p\/accessoire-running\/casquette-technique-xr-runnek\/","name":"Casquette technique runnek xr - Shop Runnek","isPartOf":{"@id":"https:\/\/www.runnek.fr\/shop\/#website"},"primaryImageOfPage":{"@id":"https:\/\/www.runnek.fr\/shop\/p\/accessoire-running\/casquette-technique-xr-runnek\/#primaryimage"},"image":{"@id":"https:\/\/www.runnek.fr\/shop\/p\/accessoire-running\/casquette-technique-xr-runnek\/#primaryimage"},"thumbnailUrl":"https:\/\/www.runnek.fr\/shop\/wp-content\/uploads\/2023\/01\/casquette-runnek-bleu.jpg","datePublished":"2023-01-27T08:44:08+00:00","dateModified":"2026-04-20T03:20:49+00:00","breadcrumb":{"@id":"https:\/\/www.runnek.fr\/shop\/p\/accessoire-running\/casquette-technique-xr-runnek\/#breadcrumb"},"inLanguage":"fr-FR","potentialAction":[{"@type":"ReadAction","target":["https:\/\/www.runnek.fr\/shop\/p\/accessoire-running\/casquette-technique-xr-runnek\/"]}]},{"@type":"ImageObject","inLanguage":"fr-FR","@id":"https:\/\/www.runnek.fr\/shop\/p\/accessoire-running\/casquette-technique-xr-runnek\/#primaryimage","url":"https:\/\/www.runnek.fr\/shop\/wp-content\/uploads\/2023\/01\/casquette-runnek-bleu.jpg","contentUrl":"https:\/\/www.runnek.fr\/shop\/wp-content\/uploads\/2023\/01\/casquette-runnek-bleu.jpg","width":800,"height":800,"caption":"Casquette Runnek Bleu"},{"@type":"BreadcrumbList","@id":"https:\/\/www.runnek.fr\/shop\/p\/accessoire-running\/casquette-technique-xr-runnek\/#breadcrumb","itemListElement":[{"@type":"ListItem","position":1,"name":"Portada","item":"https:\/\/www.runnek.fr\/shop\/"},{"@type":"ListItem","position":2,"name":"boutique","item":"https:\/\/www.runnek.fr\/shop\/boutique\/"},{"@type":"ListItem","position":3,"name":"Casquette technique runnek xr"}]},{"@type":"WebSite","@id":"https:\/\/www.runnek.fr\/shop\/#website","url":"https:\/\/www.runnek.fr\/shop\/","name":"Shop Runnek","description":"","publisher":{"@id":"https:\/\/www.runnek.fr\/shop\/#organization"},"potentialAction":[{"@type":"SearchAction","target":{"@type":"EntryPoint","urlTemplate":"https:\/\/www.runnek.fr\/shop\/?s={search_term_string}"},"query-input":{"@type":"PropertyValueSpecification","valueRequired":true,"valueName":"search_term_string"}}],"inLanguage":"fr-FR"},{"@type":"Organization","@id":"https:\/\/www.runnek.fr\/shop\/#organization","name":"Shop Runnek","url":"https:\/\/www.runnek.fr\/shop\/","logo":{"@type":"ImageObject","inLanguage":"fr-FR","@id":"https:\/\/www.runnek.fr\/shop\/#\/schema\/logo\/image\/","url":"https:\/\/www.runnek.fr\/shop\/wp-content\/uploads\/2020\/11\/logo-runnek.png","contentUrl":"https:\/\/www.runnek.fr\/shop\/wp-content\/uploads\/2020\/11\/logo-runnek.png","width":680,"height":252,"caption":"Shop Runnek"},"image":{"@id":"https:\/\/www.runnek.fr\/shop\/#\/schema\/logo\/image\/"},"sameAs":["https:\/\/www.facebook.com\/runnekitalia\/","https:\/\/x.com\/RunnekItalia","https:\/\/instagram.com\/runnek","https:\/\/www.youtube.com\/user\/magliarunningIT"]}]}},"_links":{"self":[{"href":"https:\/\/www.runnek.fr\/shop\/wp-json\/wp\/v2\/product\/2591","targetHints":{"allow":["GET"]}}],"collection":[{"href":"https:\/\/www.runnek.fr\/shop\/wp-json\/wp\/v2\/product"}],"about":[{"href":"https:\/\/www.runnek.fr\/shop\/wp-json\/wp\/v2\/types\/product"}],"replies":[{"embeddable":true,"href":"https:\/\/www.runnek.fr\/shop\/wp-json\/wp\/v2\/comments?post=2591"}],"wp:featuredmedia":[{"embeddable":true,"href":"https:\/\/www.runnek.fr\/shop\/wp-json\/wp\/v2\/media\/3812"}],"wp:attachment":[{"href":"https:\/\/www.runnek.fr\/shop\/wp-json\/wp\/v2\/media?parent=2591"}],"wp:term":[{"taxonomy":"product_brand","embeddable":true,"href":"https:\/\/www.runnek.fr\/shop\/wp-json\/wp\/v2\/product_brand?post=2591"},{"taxonomy":"product_cat","embeddable":true,"href":"https:\/\/www.runnek.fr\/shop\/wp-json\/wp\/v2\/product_cat?post=2591"},{"taxonomy":"product_tag","embeddable":true,"href":"https:\/\/www.runnek.fr\/shop\/wp-json\/wp\/v2\/product_tag?post=2591"}],"curies":[{"name":"wp","href":"https:\/\/api.w.org\/{rel}","templated":true}]}}