{"id":2399,"date":"2022-12-07T13:22:43","date_gmt":"2022-12-07T12:22:43","guid":{"rendered":"https:\/\/www.runnek.fr\/shop\/p\/senza-categoria\/maglia-tecnica-runnek-wind-donna-m-l\/"},"modified":"2026-04-27T14:10:45","modified_gmt":"2026-04-27T12:10:45","slug":"maillot-technique-runnek-wind-femme-m-l","status":"publish","type":"product","link":"https:\/\/www.runnek.fr\/shop\/p\/running-femme\/t-shirt-a-manches-longues-femme\/maillot-technique-runnek-wind-femme-m-l\/","title":{"rendered":"T shirt tecnique runnek wind femme m\/l"},"content":{"rendered":"<p>La parfaite chemise \u00e0 manches longues enti\u00e8rement cr\u00e9\u00e9e pour que la coupe conviennent \u00e0 vos morphologies. Le design a \u00e9t\u00e9 cr\u00e9\u00e9 sp\u00e9cialement pour que votre unique probl\u00e8me soit de gagner vos courses.<\/p>\n<p>Nous voulons que vous puissiez vous concentrer sur ce qui est vraiment important, c\u2019est pour \u00e7a que nous avons combin\u00e9s performance, confort et praticit\u00e9.<br \/>\nLa finition parfaite avec un tissu ultra-l\u00e9ger, doux et chaud qui vous permet de donner le meilleur de vous-m\u00eame quelles que soient les conditions m\u00e9t\u00e9orologiques.<\/p>\n<p><strong>Couleurs:<\/strong><\/p>\n<ul>\n<li>Bleu roi et Rouge Neon <\/li>\n<li>Blanc perle et  Vert Menthe <\/li>\n<\/ul>\n<div class=\"avia-gallery\"><a href=\"https:\/\/www.runnek.fr\/shop\/wp-content\/uploads\/2023\/06\/technologie-runnek.jpg\"><img decoding=\"async\" class=\"alignnone size-full wp-image-2276\" style=\"width: 80%; padding: 0;\" title=\"Technologie\" src=\"https:\/\/www.runnek.fr\/shop\/wp-content\/uploads\/2023\/06\/technologie.webp\" alt=\"Technologie Runnek\" \/><\/a><\/div>\n","protected":false},"excerpt":{"rendered":"<ul>\n<li>Le nouveau tissu Microtech Ultra maintient la chaleur corporelle pour que vous puissiez courir m\u00eame si le beau temps n\u2019est pas au rendez-vous.<\/li>\n<li>Le tissu respirant Runnek Microtech Ultra maintient votre peau s\u00e8che tout en expulsant la transpiration rapidement.<\/li>\n<li>Vous serez surpris par sa douceur et sa finition \u00e0 coutures ouvertes pour un plaisir de course maximal.<\/li>\n<li>Notre technologie Skin4Run vous permet une coupe parfaitement ajust\u00e9e au corps. VOIR GUIDE DES TAILLES.<\/li>\n<li>Personnalisation en s\u00e9rigraphie ou impression par sublimation.<\/li>\n<li>Tissu Microtech Ultra de Microfibre de Polyester.<\/li>\n<li>Notre syst\u00e8me d\u2019impression FixColor vous garantit la durabilit\u00e9 de la couleur originale.<\/li>\n<li>Evolution constante de notre syst\u00e8me de production pour d\u00e9velopper les meilleurs tissus techniques.<\/li>\n<\/ul>\n","protected":false},"featured_media":4152,"comment_status":"open","ping_status":"closed","template":"","meta":{"_acf_changed":false},"product_brand":[],"product_cat":[42],"product_tag":[],"class_list":{"0":"post-2399","1":"product","2":"type-product","3":"status-publish","4":"has-post-thumbnail","6":"product_cat-t-shirt-a-manches-longues-femme","8":"first","9":"instock","10":"taxable","11":"shipping-taxable","12":"purchasable","13":"product-type-variable","14":"wvs-archive-product-wrapper"},"acf":[],"yoast_head":"<!-- This site is optimized with the Yoast SEO plugin v27.3 - https:\/\/yoast.com\/product\/yoast-seo-wordpress\/ -->\n<title>T shirt tecnique runnek wind femme m\/l - Shop Runnek<\/title>\n<meta name=\"robots\" content=\"index, follow, max-snippet:-1, max-image-preview:large, max-video-preview:-1\" \/>\n<link rel=\"canonical\" href=\"https:\/\/www.runnek.fr\/shop\/p\/running-femme\/t-shirt-a-manches-longues-femme\/maillot-technique-runnek-wind-femme-m-l\/\" \/>\n<meta property=\"og:locale\" content=\"fr_FR\" \/>\n<meta property=\"og:type\" content=\"article\" \/>\n<meta property=\"og:title\" content=\"T shirt tecnique runnek wind femme m\/l - Shop Runnek\" \/>\n<meta property=\"og:description\" content=\"Le nouveau tissu Microtech Ultra maintient la chaleur corporelle pour que vous puissiez courir m\u00eame si le beau temps n\u2019est pas au rendez-vous. Le tissu respirant Runnek Microtech Ultra maintient votre peau s\u00e8che tout en expulsant la transpiration rapidement. Vous serez surpris par sa douceur et sa finition \u00e0 coutures ouvertes pour un plaisir de course maximal. Notre technologie Skin4Run vous permet une coupe parfaitement ajust\u00e9e au corps. VOIR GUIDE DES TAILLES. Personnalisation en s\u00e9rigraphie ou impression par sublimation. Tissu Microtech Ultra de Microfibre de Polyester. Notre syst\u00e8me d\u2019impression FixColor vous garantit la durabilit\u00e9 de la couleur originale. Evolution constante de notre syst\u00e8me de production pour d\u00e9velopper les meilleurs tissus techniques.\" \/>\n<meta property=\"og:url\" content=\"https:\/\/www.runnek.fr\/shop\/p\/running-femme\/t-shirt-a-manches-longues-femme\/maillot-technique-runnek-wind-femme-m-l\/\" \/>\n<meta property=\"og:site_name\" content=\"Shop Runnek\" \/>\n<meta property=\"article:publisher\" content=\"https:\/\/www.facebook.com\/runnekitalia\/\" \/>\n<meta property=\"article:modified_time\" content=\"2026-04-27T12:10:45+00:00\" \/>\n<meta property=\"og:image\" content=\"https:\/\/www.runnek.fr\/shop\/wp-content\/uploads\/2022\/12\/runnek-wind-bleu-p-femme.jpg\" \/>\n\t<meta property=\"og:image:width\" content=\"800\" \/>\n\t<meta property=\"og:image:height\" content=\"800\" \/>\n\t<meta property=\"og:image:type\" content=\"image\/jpeg\" \/>\n<meta name=\"twitter:card\" content=\"summary_large_image\" \/>\n<meta name=\"twitter:site\" content=\"@RunnekItalia\" \/>\n<meta name=\"twitter:label1\" content=\"Dur\u00e9e de lecture estim\u00e9e\" \/>\n\t<meta name=\"twitter:data1\" content=\"1 minute\" \/>\n<script type=\"application\/ld+json\" class=\"yoast-schema-graph\">{\"@context\":\"https:\\\/\\\/schema.org\",\"@graph\":[{\"@type\":\"WebPage\",\"@id\":\"https:\\\/\\\/www.runnek.fr\\\/shop\\\/p\\\/running-femme\\\/t-shirt-a-manches-longues-femme\\\/maillot-technique-runnek-wind-femme-m-l\\\/\",\"url\":\"https:\\\/\\\/www.runnek.fr\\\/shop\\\/p\\\/running-femme\\\/t-shirt-a-manches-longues-femme\\\/maillot-technique-runnek-wind-femme-m-l\\\/\",\"name\":\"T shirt tecnique runnek wind femme m\\\/l - Shop Runnek\",\"isPartOf\":{\"@id\":\"https:\\\/\\\/www.runnek.fr\\\/shop\\\/#website\"},\"primaryImageOfPage\":{\"@id\":\"https:\\\/\\\/www.runnek.fr\\\/shop\\\/p\\\/running-femme\\\/t-shirt-a-manches-longues-femme\\\/maillot-technique-runnek-wind-femme-m-l\\\/#primaryimage\"},\"image\":{\"@id\":\"https:\\\/\\\/www.runnek.fr\\\/shop\\\/p\\\/running-femme\\\/t-shirt-a-manches-longues-femme\\\/maillot-technique-runnek-wind-femme-m-l\\\/#primaryimage\"},\"thumbnailUrl\":\"https:\\\/\\\/www.runnek.fr\\\/shop\\\/wp-content\\\/uploads\\\/2022\\\/12\\\/runnek-wind-bleu-p-femme.jpg\",\"datePublished\":\"2022-12-07T12:22:43+00:00\",\"dateModified\":\"2026-04-27T12:10:45+00:00\",\"breadcrumb\":{\"@id\":\"https:\\\/\\\/www.runnek.fr\\\/shop\\\/p\\\/running-femme\\\/t-shirt-a-manches-longues-femme\\\/maillot-technique-runnek-wind-femme-m-l\\\/#breadcrumb\"},\"inLanguage\":\"fr-FR\",\"potentialAction\":[{\"@type\":\"ReadAction\",\"target\":[\"https:\\\/\\\/www.runnek.fr\\\/shop\\\/p\\\/running-femme\\\/t-shirt-a-manches-longues-femme\\\/maillot-technique-runnek-wind-femme-m-l\\\/\"]}]},{\"@type\":\"ImageObject\",\"inLanguage\":\"fr-FR\",\"@id\":\"https:\\\/\\\/www.runnek.fr\\\/shop\\\/p\\\/running-femme\\\/t-shirt-a-manches-longues-femme\\\/maillot-technique-runnek-wind-femme-m-l\\\/#primaryimage\",\"url\":\"https:\\\/\\\/www.runnek.fr\\\/shop\\\/wp-content\\\/uploads\\\/2022\\\/12\\\/runnek-wind-bleu-p-femme.jpg\",\"contentUrl\":\"https:\\\/\\\/www.runnek.fr\\\/shop\\\/wp-content\\\/uploads\\\/2022\\\/12\\\/runnek-wind-bleu-p-femme.jpg\",\"width\":800,\"height\":800,\"caption\":\"Runnek Wind Bleu P Femme\"},{\"@type\":\"BreadcrumbList\",\"@id\":\"https:\\\/\\\/www.runnek.fr\\\/shop\\\/p\\\/running-femme\\\/t-shirt-a-manches-longues-femme\\\/maillot-technique-runnek-wind-femme-m-l\\\/#breadcrumb\",\"itemListElement\":[{\"@type\":\"ListItem\",\"position\":1,\"name\":\"Portada\",\"item\":\"https:\\\/\\\/www.runnek.fr\\\/shop\\\/\"},{\"@type\":\"ListItem\",\"position\":2,\"name\":\"boutique\",\"item\":\"https:\\\/\\\/www.runnek.fr\\\/shop\\\/boutique\\\/\"},{\"@type\":\"ListItem\",\"position\":3,\"name\":\"T shirt tecnique runnek wind femme m\\\/l\"}]},{\"@type\":\"WebSite\",\"@id\":\"https:\\\/\\\/www.runnek.fr\\\/shop\\\/#website\",\"url\":\"https:\\\/\\\/www.runnek.fr\\\/shop\\\/\",\"name\":\"Shop Runnek\",\"description\":\"\",\"publisher\":{\"@id\":\"https:\\\/\\\/www.runnek.fr\\\/shop\\\/#organization\"},\"potentialAction\":[{\"@type\":\"SearchAction\",\"target\":{\"@type\":\"EntryPoint\",\"urlTemplate\":\"https:\\\/\\\/www.runnek.fr\\\/shop\\\/?s={search_term_string}\"},\"query-input\":{\"@type\":\"PropertyValueSpecification\",\"valueRequired\":true,\"valueName\":\"search_term_string\"}}],\"inLanguage\":\"fr-FR\"},{\"@type\":\"Organization\",\"@id\":\"https:\\\/\\\/www.runnek.fr\\\/shop\\\/#organization\",\"name\":\"Shop Runnek\",\"url\":\"https:\\\/\\\/www.runnek.fr\\\/shop\\\/\",\"logo\":{\"@type\":\"ImageObject\",\"inLanguage\":\"fr-FR\",\"@id\":\"https:\\\/\\\/www.runnek.fr\\\/shop\\\/#\\\/schema\\\/logo\\\/image\\\/\",\"url\":\"https:\\\/\\\/www.runnek.fr\\\/shop\\\/wp-content\\\/uploads\\\/2020\\\/11\\\/logo-runnek.png\",\"contentUrl\":\"https:\\\/\\\/www.runnek.fr\\\/shop\\\/wp-content\\\/uploads\\\/2020\\\/11\\\/logo-runnek.png\",\"width\":680,\"height\":252,\"caption\":\"Shop Runnek\"},\"image\":{\"@id\":\"https:\\\/\\\/www.runnek.fr\\\/shop\\\/#\\\/schema\\\/logo\\\/image\\\/\"},\"sameAs\":[\"https:\\\/\\\/www.facebook.com\\\/runnekitalia\\\/\",\"https:\\\/\\\/x.com\\\/RunnekItalia\",\"https:\\\/\\\/instagram.com\\\/runnek\",\"https:\\\/\\\/www.youtube.com\\\/user\\\/magliarunningIT\"]}]}<\/script>\n<!-- \/ Yoast SEO plugin. -->","yoast_head_json":{"title":"T shirt tecnique runnek wind femme m\/l - Shop Runnek","robots":{"index":"index","follow":"follow","max-snippet":"max-snippet:-1","max-image-preview":"max-image-preview:large","max-video-preview":"max-video-preview:-1"},"canonical":"https:\/\/www.runnek.fr\/shop\/p\/running-femme\/t-shirt-a-manches-longues-femme\/maillot-technique-runnek-wind-femme-m-l\/","og_locale":"fr_FR","og_type":"article","og_title":"T shirt tecnique runnek wind femme m\/l - Shop Runnek","og_description":"Le nouveau tissu Microtech Ultra maintient la chaleur corporelle pour que vous puissiez courir m\u00eame si le beau temps n\u2019est pas au rendez-vous. Le tissu respirant Runnek Microtech Ultra maintient votre peau s\u00e8che tout en expulsant la transpiration rapidement. Vous serez surpris par sa douceur et sa finition \u00e0 coutures ouvertes pour un plaisir de course maximal. Notre technologie Skin4Run vous permet une coupe parfaitement ajust\u00e9e au corps. VOIR GUIDE DES TAILLES. Personnalisation en s\u00e9rigraphie ou impression par sublimation. Tissu Microtech Ultra de Microfibre de Polyester. Notre syst\u00e8me d\u2019impression FixColor vous garantit la durabilit\u00e9 de la couleur originale. Evolution constante de notre syst\u00e8me de production pour d\u00e9velopper les meilleurs tissus techniques.","og_url":"https:\/\/www.runnek.fr\/shop\/p\/running-femme\/t-shirt-a-manches-longues-femme\/maillot-technique-runnek-wind-femme-m-l\/","og_site_name":"Shop Runnek","article_publisher":"https:\/\/www.facebook.com\/runnekitalia\/","article_modified_time":"2026-04-27T12:10:45+00:00","og_image":[{"width":800,"height":800,"url":"https:\/\/www.runnek.fr\/shop\/wp-content\/uploads\/2022\/12\/runnek-wind-bleu-p-femme.jpg","type":"image\/jpeg"}],"twitter_card":"summary_large_image","twitter_site":"@RunnekItalia","twitter_misc":{"Dur\u00e9e de lecture estim\u00e9e":"1 minute"},"schema":{"@context":"https:\/\/schema.org","@graph":[{"@type":"WebPage","@id":"https:\/\/www.runnek.fr\/shop\/p\/running-femme\/t-shirt-a-manches-longues-femme\/maillot-technique-runnek-wind-femme-m-l\/","url":"https:\/\/www.runnek.fr\/shop\/p\/running-femme\/t-shirt-a-manches-longues-femme\/maillot-technique-runnek-wind-femme-m-l\/","name":"T shirt tecnique runnek wind femme m\/l - Shop Runnek","isPartOf":{"@id":"https:\/\/www.runnek.fr\/shop\/#website"},"primaryImageOfPage":{"@id":"https:\/\/www.runnek.fr\/shop\/p\/running-femme\/t-shirt-a-manches-longues-femme\/maillot-technique-runnek-wind-femme-m-l\/#primaryimage"},"image":{"@id":"https:\/\/www.runnek.fr\/shop\/p\/running-femme\/t-shirt-a-manches-longues-femme\/maillot-technique-runnek-wind-femme-m-l\/#primaryimage"},"thumbnailUrl":"https:\/\/www.runnek.fr\/shop\/wp-content\/uploads\/2022\/12\/runnek-wind-bleu-p-femme.jpg","datePublished":"2022-12-07T12:22:43+00:00","dateModified":"2026-04-27T12:10:45+00:00","breadcrumb":{"@id":"https:\/\/www.runnek.fr\/shop\/p\/running-femme\/t-shirt-a-manches-longues-femme\/maillot-technique-runnek-wind-femme-m-l\/#breadcrumb"},"inLanguage":"fr-FR","potentialAction":[{"@type":"ReadAction","target":["https:\/\/www.runnek.fr\/shop\/p\/running-femme\/t-shirt-a-manches-longues-femme\/maillot-technique-runnek-wind-femme-m-l\/"]}]},{"@type":"ImageObject","inLanguage":"fr-FR","@id":"https:\/\/www.runnek.fr\/shop\/p\/running-femme\/t-shirt-a-manches-longues-femme\/maillot-technique-runnek-wind-femme-m-l\/#primaryimage","url":"https:\/\/www.runnek.fr\/shop\/wp-content\/uploads\/2022\/12\/runnek-wind-bleu-p-femme.jpg","contentUrl":"https:\/\/www.runnek.fr\/shop\/wp-content\/uploads\/2022\/12\/runnek-wind-bleu-p-femme.jpg","width":800,"height":800,"caption":"Runnek Wind Bleu P Femme"},{"@type":"BreadcrumbList","@id":"https:\/\/www.runnek.fr\/shop\/p\/running-femme\/t-shirt-a-manches-longues-femme\/maillot-technique-runnek-wind-femme-m-l\/#breadcrumb","itemListElement":[{"@type":"ListItem","position":1,"name":"Portada","item":"https:\/\/www.runnek.fr\/shop\/"},{"@type":"ListItem","position":2,"name":"boutique","item":"https:\/\/www.runnek.fr\/shop\/boutique\/"},{"@type":"ListItem","position":3,"name":"T shirt tecnique runnek wind femme m\/l"}]},{"@type":"WebSite","@id":"https:\/\/www.runnek.fr\/shop\/#website","url":"https:\/\/www.runnek.fr\/shop\/","name":"Shop Runnek","description":"","publisher":{"@id":"https:\/\/www.runnek.fr\/shop\/#organization"},"potentialAction":[{"@type":"SearchAction","target":{"@type":"EntryPoint","urlTemplate":"https:\/\/www.runnek.fr\/shop\/?s={search_term_string}"},"query-input":{"@type":"PropertyValueSpecification","valueRequired":true,"valueName":"search_term_string"}}],"inLanguage":"fr-FR"},{"@type":"Organization","@id":"https:\/\/www.runnek.fr\/shop\/#organization","name":"Shop Runnek","url":"https:\/\/www.runnek.fr\/shop\/","logo":{"@type":"ImageObject","inLanguage":"fr-FR","@id":"https:\/\/www.runnek.fr\/shop\/#\/schema\/logo\/image\/","url":"https:\/\/www.runnek.fr\/shop\/wp-content\/uploads\/2020\/11\/logo-runnek.png","contentUrl":"https:\/\/www.runnek.fr\/shop\/wp-content\/uploads\/2020\/11\/logo-runnek.png","width":680,"height":252,"caption":"Shop Runnek"},"image":{"@id":"https:\/\/www.runnek.fr\/shop\/#\/schema\/logo\/image\/"},"sameAs":["https:\/\/www.facebook.com\/runnekitalia\/","https:\/\/x.com\/RunnekItalia","https:\/\/instagram.com\/runnek","https:\/\/www.youtube.com\/user\/magliarunningIT"]}]}},"_links":{"self":[{"href":"https:\/\/www.runnek.fr\/shop\/wp-json\/wp\/v2\/product\/2399","targetHints":{"allow":["GET"]}}],"collection":[{"href":"https:\/\/www.runnek.fr\/shop\/wp-json\/wp\/v2\/product"}],"about":[{"href":"https:\/\/www.runnek.fr\/shop\/wp-json\/wp\/v2\/types\/product"}],"replies":[{"embeddable":true,"href":"https:\/\/www.runnek.fr\/shop\/wp-json\/wp\/v2\/comments?post=2399"}],"wp:featuredmedia":[{"embeddable":true,"href":"https:\/\/www.runnek.fr\/shop\/wp-json\/wp\/v2\/media\/4152"}],"wp:attachment":[{"href":"https:\/\/www.runnek.fr\/shop\/wp-json\/wp\/v2\/media?parent=2399"}],"wp:term":[{"taxonomy":"product_brand","embeddable":true,"href":"https:\/\/www.runnek.fr\/shop\/wp-json\/wp\/v2\/product_brand?post=2399"},{"taxonomy":"product_cat","embeddable":true,"href":"https:\/\/www.runnek.fr\/shop\/wp-json\/wp\/v2\/product_cat?post=2399"},{"taxonomy":"product_tag","embeddable":true,"href":"https:\/\/www.runnek.fr\/shop\/wp-json\/wp\/v2\/product_tag?post=2399"}],"curies":[{"name":"wp","href":"https:\/\/api.w.org\/{rel}","templated":true}]}}