{"id":2398,"date":"2022-12-07T13:22:41","date_gmt":"2022-12-07T12:22:41","guid":{"rendered":"https:\/\/www.runnek.fr\/shop\/p\/senza-categoria\/maglia-tecnica-runnek-blizz-donna-m-l\/"},"modified":"2026-04-27T14:14:47","modified_gmt":"2026-04-27T12:14:47","slug":"maillot-technique-runnek-blizz-femme-m-l","status":"publish","type":"product","link":"https:\/\/www.runnek.fr\/shop\/p\/running-femme\/t-shirt-a-manches-longues-femme\/maillot-technique-runnek-blizz-femme-m-l\/","title":{"rendered":"T shirt tecnique runnek blizz femme m\/l"},"content":{"rendered":"<p>Pour que les mauvaises conditions m\u00e9t\u00e9orologiques ne posent pas de probl\u00e8me ni pour vos entra\u00eenements ni pour vos \u00e9v\u00e9nements, nous vous proposons ce mod\u00e8le de tee-shirt. Cette manche longue \u00e0 la coupe ajust\u00e9e est fabriqu\u00e9e avec notre technologie Microtech Ultra. C\u2019est un tissu de qualit\u00e9, qui est doux et vous permettra de vous prot\u00e9ger du mauvais temps. En effet, c\u2019est un tissu tr\u00e8s respirant qui est capable d\u2019expulser la sueur de l\u2019int\u00e9rieur pour vous maintenir au sec. N\u2019attendez plus pour l\u2019essayer !<\/p>\n<p><strong>Couleurs: <\/strong><\/p>\n<ul>\n<li>Bleu marine et vert menthe<\/li>\n<li>Gris anthracite et rouge n\u00e9on<\/li>\n<li>Violet indigo et vert n\u00e9on<\/li>\n<div class=\"avia-gallery\"><a href=\"https:\/\/www.runnek.fr\/shop\/wp-content\/uploads\/2023\/06\/technologie-runnek.jpg\"><img decoding=\"async\" class=\"alignnone size-full wp-image-2276\" style=\"width: 80%; padding: 0;\" title=\"Technologie\" src=\"https:\/\/www.runnek.fr\/shop\/wp-content\/uploads\/2023\/06\/technologie.webp\" alt=\"Technologie Runnek\" \/><\/a><\/div>\n","protected":false},"excerpt":{"rendered":"<ul>\n<li>Le tissu Microtech Ultra maximise sa chaleur par jour de mauvais temps.<\/li>\n<li>La technologie Microtech Ultra capte la transpiration et l\u2019expulse \u00e0 l\u2019ext\u00e9rieur pour vous maintenir au sec.<\/li>\n<li>Gr\u00e2ce \u00e0 sa microfibre de polyester, Runnek Blizz est tr\u00e8s l\u00e9ger et pratique pour profiter pendant sa course<\/li>\n<li>Notre technologie Skin4Run vous permet une coupe parfaitement ajust\u00e9e \u00e0 votre corps. VOIR GUIDE DES TAILLES.<\/li>\n<li>Personnalisation en s\u00e9rigraphie ou en impression par sublimation.<\/li>\n<li>Tissu Microtech Ultra de Microfibre de Polyester.<\/li>\n<li>Notre syst\u00e8me d\u2019impression FixColor vous garantit la dur\u00e9e de la couleur originale.<\/li>\n<li>\u00c9volution constante de notre syst\u00e8me de production pour d\u00e9velopper les meilleurs tissus techniques.<\/li>\n<\/ul>\n","protected":false},"featured_media":4139,"comment_status":"open","ping_status":"closed","template":"","meta":{"_acf_changed":false},"product_brand":[],"product_cat":[42],"product_tag":[],"class_list":{"0":"post-2398","1":"product","2":"type-product","3":"status-publish","4":"has-post-thumbnail","6":"product_cat-t-shirt-a-manches-longues-femme","8":"first","9":"instock","10":"taxable","11":"shipping-taxable","12":"purchasable","13":"product-type-variable","14":"wvs-archive-product-wrapper"},"acf":[],"yoast_head":"<!-- This site is optimized with the Yoast SEO plugin v27.3 - https:\/\/yoast.com\/product\/yoast-seo-wordpress\/ -->\n<title>T shirt tecnique runnek blizz femme m\/l - Shop Runnek<\/title>\n<meta name=\"robots\" content=\"index, follow, max-snippet:-1, max-image-preview:large, max-video-preview:-1\" \/>\n<link rel=\"canonical\" href=\"https:\/\/www.runnek.fr\/shop\/p\/running-femme\/t-shirt-a-manches-longues-femme\/maillot-technique-runnek-blizz-femme-m-l\/\" \/>\n<meta property=\"og:locale\" content=\"fr_FR\" \/>\n<meta property=\"og:type\" content=\"article\" \/>\n<meta property=\"og:title\" content=\"T shirt tecnique runnek blizz femme m\/l - Shop Runnek\" \/>\n<meta property=\"og:description\" content=\"Le tissu Microtech Ultra maximise sa chaleur par jour de mauvais temps. La technologie Microtech Ultra capte la transpiration et l\u2019expulse \u00e0 l\u2019ext\u00e9rieur pour vous maintenir au sec. Gr\u00e2ce \u00e0 sa microfibre de polyester, Runnek Blizz est tr\u00e8s l\u00e9ger et pratique pour profiter pendant sa course Notre technologie Skin4Run vous permet une coupe parfaitement ajust\u00e9e \u00e0 votre corps. VOIR GUIDE DES TAILLES. Personnalisation en s\u00e9rigraphie ou en impression par sublimation. Tissu Microtech Ultra de Microfibre de Polyester. Notre syst\u00e8me d\u2019impression FixColor vous garantit la dur\u00e9e de la couleur originale. \u00c9volution constante de notre syst\u00e8me de production pour d\u00e9velopper les meilleurs tissus techniques.\" \/>\n<meta property=\"og:url\" content=\"https:\/\/www.runnek.fr\/shop\/p\/running-femme\/t-shirt-a-manches-longues-femme\/maillot-technique-runnek-blizz-femme-m-l\/\" \/>\n<meta property=\"og:site_name\" content=\"Shop Runnek\" \/>\n<meta property=\"article:publisher\" content=\"https:\/\/www.facebook.com\/runnekitalia\/\" \/>\n<meta property=\"article:modified_time\" content=\"2026-04-27T12:14:47+00:00\" \/>\n<meta property=\"og:image\" content=\"https:\/\/www.runnek.fr\/shop\/wp-content\/uploads\/2022\/12\/runnek-blizz-marine-p-femme.jpg\" \/>\n\t<meta property=\"og:image:width\" content=\"800\" \/>\n\t<meta property=\"og:image:height\" content=\"800\" \/>\n\t<meta property=\"og:image:type\" content=\"image\/jpeg\" \/>\n<meta name=\"twitter:card\" content=\"summary_large_image\" \/>\n<meta name=\"twitter:site\" content=\"@RunnekItalia\" \/>\n<meta name=\"twitter:label1\" content=\"Dur\u00e9e de lecture estim\u00e9e\" \/>\n\t<meta name=\"twitter:data1\" content=\"1 minute\" \/>\n<script type=\"application\/ld+json\" class=\"yoast-schema-graph\">{\"@context\":\"https:\\\/\\\/schema.org\",\"@graph\":[{\"@type\":\"WebPage\",\"@id\":\"https:\\\/\\\/www.runnek.fr\\\/shop\\\/p\\\/running-femme\\\/t-shirt-a-manches-longues-femme\\\/maillot-technique-runnek-blizz-femme-m-l\\\/\",\"url\":\"https:\\\/\\\/www.runnek.fr\\\/shop\\\/p\\\/running-femme\\\/t-shirt-a-manches-longues-femme\\\/maillot-technique-runnek-blizz-femme-m-l\\\/\",\"name\":\"T shirt tecnique runnek blizz femme m\\\/l - Shop Runnek\",\"isPartOf\":{\"@id\":\"https:\\\/\\\/www.runnek.fr\\\/shop\\\/#website\"},\"primaryImageOfPage\":{\"@id\":\"https:\\\/\\\/www.runnek.fr\\\/shop\\\/p\\\/running-femme\\\/t-shirt-a-manches-longues-femme\\\/maillot-technique-runnek-blizz-femme-m-l\\\/#primaryimage\"},\"image\":{\"@id\":\"https:\\\/\\\/www.runnek.fr\\\/shop\\\/p\\\/running-femme\\\/t-shirt-a-manches-longues-femme\\\/maillot-technique-runnek-blizz-femme-m-l\\\/#primaryimage\"},\"thumbnailUrl\":\"https:\\\/\\\/www.runnek.fr\\\/shop\\\/wp-content\\\/uploads\\\/2022\\\/12\\\/runnek-blizz-marine-p-femme.jpg\",\"datePublished\":\"2022-12-07T12:22:41+00:00\",\"dateModified\":\"2026-04-27T12:14:47+00:00\",\"breadcrumb\":{\"@id\":\"https:\\\/\\\/www.runnek.fr\\\/shop\\\/p\\\/running-femme\\\/t-shirt-a-manches-longues-femme\\\/maillot-technique-runnek-blizz-femme-m-l\\\/#breadcrumb\"},\"inLanguage\":\"fr-FR\",\"potentialAction\":[{\"@type\":\"ReadAction\",\"target\":[\"https:\\\/\\\/www.runnek.fr\\\/shop\\\/p\\\/running-femme\\\/t-shirt-a-manches-longues-femme\\\/maillot-technique-runnek-blizz-femme-m-l\\\/\"]}]},{\"@type\":\"ImageObject\",\"inLanguage\":\"fr-FR\",\"@id\":\"https:\\\/\\\/www.runnek.fr\\\/shop\\\/p\\\/running-femme\\\/t-shirt-a-manches-longues-femme\\\/maillot-technique-runnek-blizz-femme-m-l\\\/#primaryimage\",\"url\":\"https:\\\/\\\/www.runnek.fr\\\/shop\\\/wp-content\\\/uploads\\\/2022\\\/12\\\/runnek-blizz-marine-p-femme.jpg\",\"contentUrl\":\"https:\\\/\\\/www.runnek.fr\\\/shop\\\/wp-content\\\/uploads\\\/2022\\\/12\\\/runnek-blizz-marine-p-femme.jpg\",\"width\":800,\"height\":800,\"caption\":\"Runnek Blizz Marine P Femme\"},{\"@type\":\"BreadcrumbList\",\"@id\":\"https:\\\/\\\/www.runnek.fr\\\/shop\\\/p\\\/running-femme\\\/t-shirt-a-manches-longues-femme\\\/maillot-technique-runnek-blizz-femme-m-l\\\/#breadcrumb\",\"itemListElement\":[{\"@type\":\"ListItem\",\"position\":1,\"name\":\"Portada\",\"item\":\"https:\\\/\\\/www.runnek.fr\\\/shop\\\/\"},{\"@type\":\"ListItem\",\"position\":2,\"name\":\"boutique\",\"item\":\"https:\\\/\\\/www.runnek.fr\\\/shop\\\/boutique\\\/\"},{\"@type\":\"ListItem\",\"position\":3,\"name\":\"T shirt tecnique runnek blizz femme m\\\/l\"}]},{\"@type\":\"WebSite\",\"@id\":\"https:\\\/\\\/www.runnek.fr\\\/shop\\\/#website\",\"url\":\"https:\\\/\\\/www.runnek.fr\\\/shop\\\/\",\"name\":\"Shop Runnek\",\"description\":\"\",\"publisher\":{\"@id\":\"https:\\\/\\\/www.runnek.fr\\\/shop\\\/#organization\"},\"potentialAction\":[{\"@type\":\"SearchAction\",\"target\":{\"@type\":\"EntryPoint\",\"urlTemplate\":\"https:\\\/\\\/www.runnek.fr\\\/shop\\\/?s={search_term_string}\"},\"query-input\":{\"@type\":\"PropertyValueSpecification\",\"valueRequired\":true,\"valueName\":\"search_term_string\"}}],\"inLanguage\":\"fr-FR\"},{\"@type\":\"Organization\",\"@id\":\"https:\\\/\\\/www.runnek.fr\\\/shop\\\/#organization\",\"name\":\"Shop Runnek\",\"url\":\"https:\\\/\\\/www.runnek.fr\\\/shop\\\/\",\"logo\":{\"@type\":\"ImageObject\",\"inLanguage\":\"fr-FR\",\"@id\":\"https:\\\/\\\/www.runnek.fr\\\/shop\\\/#\\\/schema\\\/logo\\\/image\\\/\",\"url\":\"https:\\\/\\\/www.runnek.fr\\\/shop\\\/wp-content\\\/uploads\\\/2020\\\/11\\\/logo-runnek.png\",\"contentUrl\":\"https:\\\/\\\/www.runnek.fr\\\/shop\\\/wp-content\\\/uploads\\\/2020\\\/11\\\/logo-runnek.png\",\"width\":680,\"height\":252,\"caption\":\"Shop Runnek\"},\"image\":{\"@id\":\"https:\\\/\\\/www.runnek.fr\\\/shop\\\/#\\\/schema\\\/logo\\\/image\\\/\"},\"sameAs\":[\"https:\\\/\\\/www.facebook.com\\\/runnekitalia\\\/\",\"https:\\\/\\\/x.com\\\/RunnekItalia\",\"https:\\\/\\\/instagram.com\\\/runnek\",\"https:\\\/\\\/www.youtube.com\\\/user\\\/magliarunningIT\"]}]}<\/script>\n<!-- \/ Yoast SEO plugin. -->","yoast_head_json":{"title":"T shirt tecnique runnek blizz femme m\/l - Shop Runnek","robots":{"index":"index","follow":"follow","max-snippet":"max-snippet:-1","max-image-preview":"max-image-preview:large","max-video-preview":"max-video-preview:-1"},"canonical":"https:\/\/www.runnek.fr\/shop\/p\/running-femme\/t-shirt-a-manches-longues-femme\/maillot-technique-runnek-blizz-femme-m-l\/","og_locale":"fr_FR","og_type":"article","og_title":"T shirt tecnique runnek blizz femme m\/l - Shop Runnek","og_description":"Le tissu Microtech Ultra maximise sa chaleur par jour de mauvais temps. La technologie Microtech Ultra capte la transpiration et l\u2019expulse \u00e0 l\u2019ext\u00e9rieur pour vous maintenir au sec. Gr\u00e2ce \u00e0 sa microfibre de polyester, Runnek Blizz est tr\u00e8s l\u00e9ger et pratique pour profiter pendant sa course Notre technologie Skin4Run vous permet une coupe parfaitement ajust\u00e9e \u00e0 votre corps. VOIR GUIDE DES TAILLES. Personnalisation en s\u00e9rigraphie ou en impression par sublimation. Tissu Microtech Ultra de Microfibre de Polyester. Notre syst\u00e8me d\u2019impression FixColor vous garantit la dur\u00e9e de la couleur originale. \u00c9volution constante de notre syst\u00e8me de production pour d\u00e9velopper les meilleurs tissus techniques.","og_url":"https:\/\/www.runnek.fr\/shop\/p\/running-femme\/t-shirt-a-manches-longues-femme\/maillot-technique-runnek-blizz-femme-m-l\/","og_site_name":"Shop Runnek","article_publisher":"https:\/\/www.facebook.com\/runnekitalia\/","article_modified_time":"2026-04-27T12:14:47+00:00","og_image":[{"width":800,"height":800,"url":"https:\/\/www.runnek.fr\/shop\/wp-content\/uploads\/2022\/12\/runnek-blizz-marine-p-femme.jpg","type":"image\/jpeg"}],"twitter_card":"summary_large_image","twitter_site":"@RunnekItalia","twitter_misc":{"Dur\u00e9e de lecture estim\u00e9e":"1 minute"},"schema":{"@context":"https:\/\/schema.org","@graph":[{"@type":"WebPage","@id":"https:\/\/www.runnek.fr\/shop\/p\/running-femme\/t-shirt-a-manches-longues-femme\/maillot-technique-runnek-blizz-femme-m-l\/","url":"https:\/\/www.runnek.fr\/shop\/p\/running-femme\/t-shirt-a-manches-longues-femme\/maillot-technique-runnek-blizz-femme-m-l\/","name":"T shirt tecnique runnek blizz femme m\/l - Shop Runnek","isPartOf":{"@id":"https:\/\/www.runnek.fr\/shop\/#website"},"primaryImageOfPage":{"@id":"https:\/\/www.runnek.fr\/shop\/p\/running-femme\/t-shirt-a-manches-longues-femme\/maillot-technique-runnek-blizz-femme-m-l\/#primaryimage"},"image":{"@id":"https:\/\/www.runnek.fr\/shop\/p\/running-femme\/t-shirt-a-manches-longues-femme\/maillot-technique-runnek-blizz-femme-m-l\/#primaryimage"},"thumbnailUrl":"https:\/\/www.runnek.fr\/shop\/wp-content\/uploads\/2022\/12\/runnek-blizz-marine-p-femme.jpg","datePublished":"2022-12-07T12:22:41+00:00","dateModified":"2026-04-27T12:14:47+00:00","breadcrumb":{"@id":"https:\/\/www.runnek.fr\/shop\/p\/running-femme\/t-shirt-a-manches-longues-femme\/maillot-technique-runnek-blizz-femme-m-l\/#breadcrumb"},"inLanguage":"fr-FR","potentialAction":[{"@type":"ReadAction","target":["https:\/\/www.runnek.fr\/shop\/p\/running-femme\/t-shirt-a-manches-longues-femme\/maillot-technique-runnek-blizz-femme-m-l\/"]}]},{"@type":"ImageObject","inLanguage":"fr-FR","@id":"https:\/\/www.runnek.fr\/shop\/p\/running-femme\/t-shirt-a-manches-longues-femme\/maillot-technique-runnek-blizz-femme-m-l\/#primaryimage","url":"https:\/\/www.runnek.fr\/shop\/wp-content\/uploads\/2022\/12\/runnek-blizz-marine-p-femme.jpg","contentUrl":"https:\/\/www.runnek.fr\/shop\/wp-content\/uploads\/2022\/12\/runnek-blizz-marine-p-femme.jpg","width":800,"height":800,"caption":"Runnek Blizz Marine P Femme"},{"@type":"BreadcrumbList","@id":"https:\/\/www.runnek.fr\/shop\/p\/running-femme\/t-shirt-a-manches-longues-femme\/maillot-technique-runnek-blizz-femme-m-l\/#breadcrumb","itemListElement":[{"@type":"ListItem","position":1,"name":"Portada","item":"https:\/\/www.runnek.fr\/shop\/"},{"@type":"ListItem","position":2,"name":"boutique","item":"https:\/\/www.runnek.fr\/shop\/boutique\/"},{"@type":"ListItem","position":3,"name":"T shirt tecnique runnek blizz femme m\/l"}]},{"@type":"WebSite","@id":"https:\/\/www.runnek.fr\/shop\/#website","url":"https:\/\/www.runnek.fr\/shop\/","name":"Shop Runnek","description":"","publisher":{"@id":"https:\/\/www.runnek.fr\/shop\/#organization"},"potentialAction":[{"@type":"SearchAction","target":{"@type":"EntryPoint","urlTemplate":"https:\/\/www.runnek.fr\/shop\/?s={search_term_string}"},"query-input":{"@type":"PropertyValueSpecification","valueRequired":true,"valueName":"search_term_string"}}],"inLanguage":"fr-FR"},{"@type":"Organization","@id":"https:\/\/www.runnek.fr\/shop\/#organization","name":"Shop Runnek","url":"https:\/\/www.runnek.fr\/shop\/","logo":{"@type":"ImageObject","inLanguage":"fr-FR","@id":"https:\/\/www.runnek.fr\/shop\/#\/schema\/logo\/image\/","url":"https:\/\/www.runnek.fr\/shop\/wp-content\/uploads\/2020\/11\/logo-runnek.png","contentUrl":"https:\/\/www.runnek.fr\/shop\/wp-content\/uploads\/2020\/11\/logo-runnek.png","width":680,"height":252,"caption":"Shop Runnek"},"image":{"@id":"https:\/\/www.runnek.fr\/shop\/#\/schema\/logo\/image\/"},"sameAs":["https:\/\/www.facebook.com\/runnekitalia\/","https:\/\/x.com\/RunnekItalia","https:\/\/instagram.com\/runnek","https:\/\/www.youtube.com\/user\/magliarunningIT"]}]}},"_links":{"self":[{"href":"https:\/\/www.runnek.fr\/shop\/wp-json\/wp\/v2\/product\/2398","targetHints":{"allow":["GET"]}}],"collection":[{"href":"https:\/\/www.runnek.fr\/shop\/wp-json\/wp\/v2\/product"}],"about":[{"href":"https:\/\/www.runnek.fr\/shop\/wp-json\/wp\/v2\/types\/product"}],"replies":[{"embeddable":true,"href":"https:\/\/www.runnek.fr\/shop\/wp-json\/wp\/v2\/comments?post=2398"}],"wp:featuredmedia":[{"embeddable":true,"href":"https:\/\/www.runnek.fr\/shop\/wp-json\/wp\/v2\/media\/4139"}],"wp:attachment":[{"href":"https:\/\/www.runnek.fr\/shop\/wp-json\/wp\/v2\/media?parent=2398"}],"wp:term":[{"taxonomy":"product_brand","embeddable":true,"href":"https:\/\/www.runnek.fr\/shop\/wp-json\/wp\/v2\/product_brand?post=2398"},{"taxonomy":"product_cat","embeddable":true,"href":"https:\/\/www.runnek.fr\/shop\/wp-json\/wp\/v2\/product_cat?post=2398"},{"taxonomy":"product_tag","embeddable":true,"href":"https:\/\/www.runnek.fr\/shop\/wp-json\/wp\/v2\/product_tag?post=2398"}],"curies":[{"name":"wp","href":"https:\/\/api.w.org\/{rel}","templated":true}]}}