{"id":2020,"date":"2022-08-29T18:43:58","date_gmt":"2022-08-29T16:43:58","guid":{"rendered":"https:\/\/www.runnek.fr\/shop\/p\/senza-categoria\/maglia-runnek-plain\/"},"modified":"2026-04-27T14:15:22","modified_gmt":"2026-04-27T12:15:22","slug":"maillot-technique-runnek-plain","status":"publish","type":"product","link":"https:\/\/www.runnek.fr\/shop\/p\/running-homme\/t-shirt-a-manches-courtes\/maillot-technique-runnek-plain\/","title":{"rendered":"Maillot runnek plain"},"content":{"rendered":"<p>Gr\u00e2ce au maillot Runnek Plain, vous allez pouvoir maintenir votre corps \u00e0 la fois au frais et au sec. Sa derni\u00e8re technologie permet l\u2019\u00e9vacuation de la transpiration pour ne jamais vous d\u00e9ranger pendant que vous faites votre sport. De plus, vous ressentirez une sensation de douceur sans frottement ni inconfort gr\u00e2ce aux tissus DrySens et Microtech. Vous aurez seulement \u00e0 vous concentrer sur votre course, nous, nous occupons du reste.<\/p>\n<p>Couleurs:<\/p>\n<ul>\n<li>Marine<\/li>\n<li>Orange<\/li>\n<li>Bleu fluo<\/li>\n<li>Jaune fluo<\/li>\n<li>Violet fluo<\/li>\n<li>Noir<\/li>\n<\/ul>\n<p>&nbsp;<\/p>\n<div class=\"avia-gallery\"><a href=\"https:\/\/www.runnek.fr\/shop\/wp-content\/uploads\/2023\/06\/technologie-runnek.jpg\"><img decoding=\"async\" class=\"alignnone size-full wp-image-2276\" style=\"width: 80%; padding: 0;\" title=\"Technologie\" src=\"https:\/\/www.runnek.fr\/shop\/wp-content\/uploads\/2023\/06\/technologie.webp\" alt=\"Technologie Runnek\" \/><\/a><\/div>\n","protected":false},"excerpt":{"rendered":"<ul>\n<li>Mod\u00e8le confectionn\u00e9 en tissu DrySens et Microtech qui fait que le v\u00eatement est super l\u00e9ger, doux et respirant, 100% polyester.<\/li>\n<li>Coutures plates contre le toucher de la peau durant vos entra\u00eenements ou pour les comp\u00e9titions.<\/li>\n<li>2 Ann\u00e9es de garantie gr\u00e2ce au syst\u00e8me d\u2019impression FixColor capable de garantir une vie tr\u00e8s longue \u00e0 la couleur originale.<\/li>\n<li>Notre technologie Skin4Run vous offre un ajustement parfait pour n\u2019importe quelle morphologie.<\/li>\n<li>D\u00e9tail r\u00e9fl\u00e9chissant du logo Runnek.<\/li>\n<\/ul>\n","protected":false},"featured_media":4157,"comment_status":"open","ping_status":"closed","template":"","meta":{"_acf_changed":false},"product_brand":[],"product_cat":[20],"product_tag":[],"class_list":{"0":"post-2020","1":"product","2":"type-product","3":"status-publish","4":"has-post-thumbnail","6":"product_cat-t-shirt-a-manches-courtes","8":"first","9":"instock","10":"taxable","11":"shipping-taxable","12":"purchasable","13":"product-type-variable","14":"wvs-archive-product-wrapper"},"acf":[],"yoast_head":"<!-- This site is optimized with the Yoast SEO plugin v27.3 - https:\/\/yoast.com\/product\/yoast-seo-wordpress\/ -->\n<title>Maillot runnek plain - Shop Runnek<\/title>\n<meta name=\"robots\" content=\"index, follow, max-snippet:-1, max-image-preview:large, max-video-preview:-1\" \/>\n<link rel=\"canonical\" href=\"https:\/\/www.runnek.fr\/shop\/p\/running-homme\/t-shirt-a-manches-courtes\/maillot-technique-runnek-plain\/\" \/>\n<meta property=\"og:locale\" content=\"fr_FR\" \/>\n<meta property=\"og:type\" content=\"article\" \/>\n<meta property=\"og:title\" content=\"Maillot runnek plain - Shop Runnek\" \/>\n<meta property=\"og:description\" content=\"Mod\u00e8le confectionn\u00e9 en tissu DrySens et Microtech qui fait que le v\u00eatement est super l\u00e9ger, doux et respirant, 100% polyester. Coutures plates contre le toucher de la peau durant vos entra\u00eenements ou pour les comp\u00e9titions. 2 Ann\u00e9es de garantie gr\u00e2ce au syst\u00e8me d\u2019impression FixColor capable de garantir une vie tr\u00e8s longue \u00e0 la couleur originale. Notre technologie Skin4Run vous offre un ajustement parfait pour n\u2019importe quelle morphologie. D\u00e9tail r\u00e9fl\u00e9chissant du logo Runnek.\" \/>\n<meta property=\"og:url\" content=\"https:\/\/www.runnek.fr\/shop\/p\/running-homme\/t-shirt-a-manches-courtes\/maillot-technique-runnek-plain\/\" \/>\n<meta property=\"og:site_name\" content=\"Shop Runnek\" \/>\n<meta property=\"article:publisher\" content=\"https:\/\/www.facebook.com\/runnekitalia\/\" \/>\n<meta property=\"article:modified_time\" content=\"2026-04-27T12:15:22+00:00\" \/>\n<meta property=\"og:image\" content=\"https:\/\/www.runnek.fr\/shop\/wp-content\/uploads\/2022\/08\/runnek-plain-bleu-marine-p.jpg\" \/>\n\t<meta property=\"og:image:width\" content=\"800\" \/>\n\t<meta property=\"og:image:height\" content=\"800\" \/>\n\t<meta property=\"og:image:type\" content=\"image\/jpeg\" \/>\n<meta name=\"twitter:card\" content=\"summary_large_image\" \/>\n<meta name=\"twitter:site\" content=\"@RunnekItalia\" \/>\n<meta name=\"twitter:label1\" content=\"Dur\u00e9e de lecture estim\u00e9e\" \/>\n\t<meta name=\"twitter:data1\" content=\"1 minute\" \/>\n<script type=\"application\/ld+json\" class=\"yoast-schema-graph\">{\"@context\":\"https:\\\/\\\/schema.org\",\"@graph\":[{\"@type\":\"WebPage\",\"@id\":\"https:\\\/\\\/www.runnek.fr\\\/shop\\\/p\\\/running-homme\\\/t-shirt-a-manches-courtes\\\/maillot-technique-runnek-plain\\\/\",\"url\":\"https:\\\/\\\/www.runnek.fr\\\/shop\\\/p\\\/running-homme\\\/t-shirt-a-manches-courtes\\\/maillot-technique-runnek-plain\\\/\",\"name\":\"Maillot runnek plain - Shop Runnek\",\"isPartOf\":{\"@id\":\"https:\\\/\\\/www.runnek.fr\\\/shop\\\/#website\"},\"primaryImageOfPage\":{\"@id\":\"https:\\\/\\\/www.runnek.fr\\\/shop\\\/p\\\/running-homme\\\/t-shirt-a-manches-courtes\\\/maillot-technique-runnek-plain\\\/#primaryimage\"},\"image\":{\"@id\":\"https:\\\/\\\/www.runnek.fr\\\/shop\\\/p\\\/running-homme\\\/t-shirt-a-manches-courtes\\\/maillot-technique-runnek-plain\\\/#primaryimage\"},\"thumbnailUrl\":\"https:\\\/\\\/www.runnek.fr\\\/shop\\\/wp-content\\\/uploads\\\/2022\\\/08\\\/runnek-plain-bleu-marine-p.jpg\",\"datePublished\":\"2022-08-29T16:43:58+00:00\",\"dateModified\":\"2026-04-27T12:15:22+00:00\",\"breadcrumb\":{\"@id\":\"https:\\\/\\\/www.runnek.fr\\\/shop\\\/p\\\/running-homme\\\/t-shirt-a-manches-courtes\\\/maillot-technique-runnek-plain\\\/#breadcrumb\"},\"inLanguage\":\"fr-FR\",\"potentialAction\":[{\"@type\":\"ReadAction\",\"target\":[\"https:\\\/\\\/www.runnek.fr\\\/shop\\\/p\\\/running-homme\\\/t-shirt-a-manches-courtes\\\/maillot-technique-runnek-plain\\\/\"]}]},{\"@type\":\"ImageObject\",\"inLanguage\":\"fr-FR\",\"@id\":\"https:\\\/\\\/www.runnek.fr\\\/shop\\\/p\\\/running-homme\\\/t-shirt-a-manches-courtes\\\/maillot-technique-runnek-plain\\\/#primaryimage\",\"url\":\"https:\\\/\\\/www.runnek.fr\\\/shop\\\/wp-content\\\/uploads\\\/2022\\\/08\\\/runnek-plain-bleu-marine-p.jpg\",\"contentUrl\":\"https:\\\/\\\/www.runnek.fr\\\/shop\\\/wp-content\\\/uploads\\\/2022\\\/08\\\/runnek-plain-bleu-marine-p.jpg\",\"width\":800,\"height\":800,\"caption\":\"Runnek Plain Bleu Marine P\"},{\"@type\":\"BreadcrumbList\",\"@id\":\"https:\\\/\\\/www.runnek.fr\\\/shop\\\/p\\\/running-homme\\\/t-shirt-a-manches-courtes\\\/maillot-technique-runnek-plain\\\/#breadcrumb\",\"itemListElement\":[{\"@type\":\"ListItem\",\"position\":1,\"name\":\"Portada\",\"item\":\"https:\\\/\\\/www.runnek.fr\\\/shop\\\/\"},{\"@type\":\"ListItem\",\"position\":2,\"name\":\"boutique\",\"item\":\"https:\\\/\\\/www.runnek.fr\\\/shop\\\/boutique\\\/\"},{\"@type\":\"ListItem\",\"position\":3,\"name\":\"Maillot runnek plain\"}]},{\"@type\":\"WebSite\",\"@id\":\"https:\\\/\\\/www.runnek.fr\\\/shop\\\/#website\",\"url\":\"https:\\\/\\\/www.runnek.fr\\\/shop\\\/\",\"name\":\"Shop Runnek\",\"description\":\"\",\"publisher\":{\"@id\":\"https:\\\/\\\/www.runnek.fr\\\/shop\\\/#organization\"},\"potentialAction\":[{\"@type\":\"SearchAction\",\"target\":{\"@type\":\"EntryPoint\",\"urlTemplate\":\"https:\\\/\\\/www.runnek.fr\\\/shop\\\/?s={search_term_string}\"},\"query-input\":{\"@type\":\"PropertyValueSpecification\",\"valueRequired\":true,\"valueName\":\"search_term_string\"}}],\"inLanguage\":\"fr-FR\"},{\"@type\":\"Organization\",\"@id\":\"https:\\\/\\\/www.runnek.fr\\\/shop\\\/#organization\",\"name\":\"Shop Runnek\",\"url\":\"https:\\\/\\\/www.runnek.fr\\\/shop\\\/\",\"logo\":{\"@type\":\"ImageObject\",\"inLanguage\":\"fr-FR\",\"@id\":\"https:\\\/\\\/www.runnek.fr\\\/shop\\\/#\\\/schema\\\/logo\\\/image\\\/\",\"url\":\"https:\\\/\\\/www.runnek.fr\\\/shop\\\/wp-content\\\/uploads\\\/2020\\\/11\\\/logo-runnek.png\",\"contentUrl\":\"https:\\\/\\\/www.runnek.fr\\\/shop\\\/wp-content\\\/uploads\\\/2020\\\/11\\\/logo-runnek.png\",\"width\":680,\"height\":252,\"caption\":\"Shop Runnek\"},\"image\":{\"@id\":\"https:\\\/\\\/www.runnek.fr\\\/shop\\\/#\\\/schema\\\/logo\\\/image\\\/\"},\"sameAs\":[\"https:\\\/\\\/www.facebook.com\\\/runnekitalia\\\/\",\"https:\\\/\\\/x.com\\\/RunnekItalia\",\"https:\\\/\\\/instagram.com\\\/runnek\",\"https:\\\/\\\/www.youtube.com\\\/user\\\/magliarunningIT\"]}]}<\/script>\n<!-- \/ Yoast SEO plugin. -->","yoast_head_json":{"title":"Maillot runnek plain - Shop Runnek","robots":{"index":"index","follow":"follow","max-snippet":"max-snippet:-1","max-image-preview":"max-image-preview:large","max-video-preview":"max-video-preview:-1"},"canonical":"https:\/\/www.runnek.fr\/shop\/p\/running-homme\/t-shirt-a-manches-courtes\/maillot-technique-runnek-plain\/","og_locale":"fr_FR","og_type":"article","og_title":"Maillot runnek plain - Shop Runnek","og_description":"Mod\u00e8le confectionn\u00e9 en tissu DrySens et Microtech qui fait que le v\u00eatement est super l\u00e9ger, doux et respirant, 100% polyester. Coutures plates contre le toucher de la peau durant vos entra\u00eenements ou pour les comp\u00e9titions. 2 Ann\u00e9es de garantie gr\u00e2ce au syst\u00e8me d\u2019impression FixColor capable de garantir une vie tr\u00e8s longue \u00e0 la couleur originale. Notre technologie Skin4Run vous offre un ajustement parfait pour n\u2019importe quelle morphologie. D\u00e9tail r\u00e9fl\u00e9chissant du logo Runnek.","og_url":"https:\/\/www.runnek.fr\/shop\/p\/running-homme\/t-shirt-a-manches-courtes\/maillot-technique-runnek-plain\/","og_site_name":"Shop Runnek","article_publisher":"https:\/\/www.facebook.com\/runnekitalia\/","article_modified_time":"2026-04-27T12:15:22+00:00","og_image":[{"width":800,"height":800,"url":"https:\/\/www.runnek.fr\/shop\/wp-content\/uploads\/2022\/08\/runnek-plain-bleu-marine-p.jpg","type":"image\/jpeg"}],"twitter_card":"summary_large_image","twitter_site":"@RunnekItalia","twitter_misc":{"Dur\u00e9e de lecture estim\u00e9e":"1 minute"},"schema":{"@context":"https:\/\/schema.org","@graph":[{"@type":"WebPage","@id":"https:\/\/www.runnek.fr\/shop\/p\/running-homme\/t-shirt-a-manches-courtes\/maillot-technique-runnek-plain\/","url":"https:\/\/www.runnek.fr\/shop\/p\/running-homme\/t-shirt-a-manches-courtes\/maillot-technique-runnek-plain\/","name":"Maillot runnek plain - Shop Runnek","isPartOf":{"@id":"https:\/\/www.runnek.fr\/shop\/#website"},"primaryImageOfPage":{"@id":"https:\/\/www.runnek.fr\/shop\/p\/running-homme\/t-shirt-a-manches-courtes\/maillot-technique-runnek-plain\/#primaryimage"},"image":{"@id":"https:\/\/www.runnek.fr\/shop\/p\/running-homme\/t-shirt-a-manches-courtes\/maillot-technique-runnek-plain\/#primaryimage"},"thumbnailUrl":"https:\/\/www.runnek.fr\/shop\/wp-content\/uploads\/2022\/08\/runnek-plain-bleu-marine-p.jpg","datePublished":"2022-08-29T16:43:58+00:00","dateModified":"2026-04-27T12:15:22+00:00","breadcrumb":{"@id":"https:\/\/www.runnek.fr\/shop\/p\/running-homme\/t-shirt-a-manches-courtes\/maillot-technique-runnek-plain\/#breadcrumb"},"inLanguage":"fr-FR","potentialAction":[{"@type":"ReadAction","target":["https:\/\/www.runnek.fr\/shop\/p\/running-homme\/t-shirt-a-manches-courtes\/maillot-technique-runnek-plain\/"]}]},{"@type":"ImageObject","inLanguage":"fr-FR","@id":"https:\/\/www.runnek.fr\/shop\/p\/running-homme\/t-shirt-a-manches-courtes\/maillot-technique-runnek-plain\/#primaryimage","url":"https:\/\/www.runnek.fr\/shop\/wp-content\/uploads\/2022\/08\/runnek-plain-bleu-marine-p.jpg","contentUrl":"https:\/\/www.runnek.fr\/shop\/wp-content\/uploads\/2022\/08\/runnek-plain-bleu-marine-p.jpg","width":800,"height":800,"caption":"Runnek Plain Bleu Marine P"},{"@type":"BreadcrumbList","@id":"https:\/\/www.runnek.fr\/shop\/p\/running-homme\/t-shirt-a-manches-courtes\/maillot-technique-runnek-plain\/#breadcrumb","itemListElement":[{"@type":"ListItem","position":1,"name":"Portada","item":"https:\/\/www.runnek.fr\/shop\/"},{"@type":"ListItem","position":2,"name":"boutique","item":"https:\/\/www.runnek.fr\/shop\/boutique\/"},{"@type":"ListItem","position":3,"name":"Maillot runnek plain"}]},{"@type":"WebSite","@id":"https:\/\/www.runnek.fr\/shop\/#website","url":"https:\/\/www.runnek.fr\/shop\/","name":"Shop Runnek","description":"","publisher":{"@id":"https:\/\/www.runnek.fr\/shop\/#organization"},"potentialAction":[{"@type":"SearchAction","target":{"@type":"EntryPoint","urlTemplate":"https:\/\/www.runnek.fr\/shop\/?s={search_term_string}"},"query-input":{"@type":"PropertyValueSpecification","valueRequired":true,"valueName":"search_term_string"}}],"inLanguage":"fr-FR"},{"@type":"Organization","@id":"https:\/\/www.runnek.fr\/shop\/#organization","name":"Shop Runnek","url":"https:\/\/www.runnek.fr\/shop\/","logo":{"@type":"ImageObject","inLanguage":"fr-FR","@id":"https:\/\/www.runnek.fr\/shop\/#\/schema\/logo\/image\/","url":"https:\/\/www.runnek.fr\/shop\/wp-content\/uploads\/2020\/11\/logo-runnek.png","contentUrl":"https:\/\/www.runnek.fr\/shop\/wp-content\/uploads\/2020\/11\/logo-runnek.png","width":680,"height":252,"caption":"Shop Runnek"},"image":{"@id":"https:\/\/www.runnek.fr\/shop\/#\/schema\/logo\/image\/"},"sameAs":["https:\/\/www.facebook.com\/runnekitalia\/","https:\/\/x.com\/RunnekItalia","https:\/\/instagram.com\/runnek","https:\/\/www.youtube.com\/user\/magliarunningIT"]}]}},"_links":{"self":[{"href":"https:\/\/www.runnek.fr\/shop\/wp-json\/wp\/v2\/product\/2020","targetHints":{"allow":["GET"]}}],"collection":[{"href":"https:\/\/www.runnek.fr\/shop\/wp-json\/wp\/v2\/product"}],"about":[{"href":"https:\/\/www.runnek.fr\/shop\/wp-json\/wp\/v2\/types\/product"}],"replies":[{"embeddable":true,"href":"https:\/\/www.runnek.fr\/shop\/wp-json\/wp\/v2\/comments?post=2020"}],"wp:featuredmedia":[{"embeddable":true,"href":"https:\/\/www.runnek.fr\/shop\/wp-json\/wp\/v2\/media\/4157"}],"wp:attachment":[{"href":"https:\/\/www.runnek.fr\/shop\/wp-json\/wp\/v2\/media?parent=2020"}],"wp:term":[{"taxonomy":"product_brand","embeddable":true,"href":"https:\/\/www.runnek.fr\/shop\/wp-json\/wp\/v2\/product_brand?post=2020"},{"taxonomy":"product_cat","embeddable":true,"href":"https:\/\/www.runnek.fr\/shop\/wp-json\/wp\/v2\/product_cat?post=2020"},{"taxonomy":"product_tag","embeddable":true,"href":"https:\/\/www.runnek.fr\/shop\/wp-json\/wp\/v2\/product_tag?post=2020"}],"curies":[{"name":"wp","href":"https:\/\/api.w.org\/{rel}","templated":true}]}}