{"id":1531,"date":"2021-05-05T10:15:13","date_gmt":"2021-05-05T08:15:13","guid":{"rendered":"https:\/\/www.runnek.fr\/shop\/p\/senza-categoria\/felpa-runnek-tempo\/"},"modified":"2026-04-28T05:19:53","modified_gmt":"2026-04-28T03:19:53","slug":"sweat-shirt-runnek-tempo","status":"publish","type":"product","link":"https:\/\/www.runnek.fr\/shop\/p\/running-homme\/sweat-shirt\/sweat-shirt-runnek-tempo\/","title":{"rendered":"Sweat-shirt runnek tempo"},"content":{"rendered":"<p>La polaire Runnek Tempo allie style sportif et urbain dans les moindres d\u00e9tails, offrant un maximum de confort pour affronter le froid \u00e0 tout moment de la journ\u00e9e.<br \/>\nFabrication haut de gamme avec un tissu doux et l\u00e9ger 66% coton et 34% polyester pour le traitement thermique, associ\u00e9 au tissu DrySense \u00e0 l&rsquo;int\u00e9rieur de la capuche, r\u00e9glable avec des cordons de serrage. Poche kangourou sur le devant.<\/p>\n<p>&nbsp;<\/p>\n<div class=\"avia-gallery\"><a href=\"https:\/\/www.runnek.fr\/shop\/wp-content\/uploads\/2023\/06\/technologie-runnek.jpg\"><img decoding=\"async\" class=\"alignnone size-full wp-image-2276\" style=\"width: 80%; padding: 0;\" title=\"Technologie\" src=\"https:\/\/www.runnek.fr\/shop\/wp-content\/uploads\/2023\/06\/technologie.webp\" alt=\"Technologie Runnek\" \/><\/a><\/div>\n<p><\/p>\n","protected":false},"excerpt":{"rendered":"<ul>\n<li>Sa confection haut de gamme offre une douceur extraordinaire dans un volume r\u00e9duit, ce qui all\u00e8ge le poids du v\u00eatement.<\/li>\n<li>Combinaison unique de couleurs sur la ceinture, les cordons de serrage et l&rsquo;int\u00e9rieur de la capuche, r\u00e9alis\u00e9e avec notre tissu exclusif DrySense.<\/li>\n<li>Garanti pour vous garder suffisamment au chaud pour affronter les saisons froides sans crainte.<\/li>\n<li>Garantie de 2 ans. Notre syst\u00e8me d&rsquo;impression FixColor est en mesure de garantir une longue dur\u00e9e de vie \u00e0 la couleur d&rsquo;origine du produit.<\/li>\n<li>Mise \u00e0 jour constante de nos syst\u00e8mes de production pour cr\u00e9er les meilleurs tissus techniques.<\/li>\n<\/ul>\n","protected":false},"featured_media":4032,"comment_status":"open","ping_status":"closed","template":"","meta":{"_acf_changed":false},"product_brand":[],"product_cat":[88],"product_tag":[],"class_list":{"0":"post-1531","1":"product","2":"type-product","3":"status-publish","4":"has-post-thumbnail","6":"product_cat-sweat-shirt","8":"first","9":"instock","10":"taxable","11":"shipping-taxable","12":"purchasable","13":"product-type-variable","14":"wvs-archive-product-wrapper"},"acf":[],"yoast_head":"<!-- This site is optimized with the Yoast SEO plugin v27.3 - https:\/\/yoast.com\/product\/yoast-seo-wordpress\/ -->\n<title>Sweat-shirt runnek tempo - Shop Runnek<\/title>\n<meta name=\"robots\" content=\"index, follow, max-snippet:-1, max-image-preview:large, max-video-preview:-1\" \/>\n<link rel=\"canonical\" href=\"https:\/\/www.runnek.fr\/shop\/p\/running-homme\/sweat-shirt\/sweat-shirt-runnek-tempo\/\" \/>\n<meta property=\"og:locale\" content=\"fr_FR\" \/>\n<meta property=\"og:type\" content=\"article\" \/>\n<meta property=\"og:title\" content=\"Sweat-shirt runnek tempo - Shop Runnek\" \/>\n<meta property=\"og:description\" content=\"Sa confection haut de gamme offre une douceur extraordinaire dans un volume r\u00e9duit, ce qui all\u00e8ge le poids du v\u00eatement. Combinaison unique de couleurs sur la ceinture, les cordons de serrage et l&#039;int\u00e9rieur de la capuche, r\u00e9alis\u00e9e avec notre tissu exclusif DrySense. Garanti pour vous garder suffisamment au chaud pour affronter les saisons froides sans crainte. Garantie de 2 ans. Notre syst\u00e8me d&#039;impression FixColor est en mesure de garantir une longue dur\u00e9e de vie \u00e0 la couleur d&#039;origine du produit. Mise \u00e0 jour constante de nos syst\u00e8mes de production pour cr\u00e9er les meilleurs tissus techniques.\" \/>\n<meta property=\"og:url\" content=\"https:\/\/www.runnek.fr\/shop\/p\/running-homme\/sweat-shirt\/sweat-shirt-runnek-tempo\/\" \/>\n<meta property=\"og:site_name\" content=\"Shop Runnek\" \/>\n<meta property=\"article:publisher\" content=\"https:\/\/www.facebook.com\/runnekitalia\/\" \/>\n<meta property=\"article:modified_time\" content=\"2026-04-28T03:19:53+00:00\" \/>\n<meta property=\"og:image\" content=\"https:\/\/www.runnek.fr\/shop\/wp-content\/uploads\/2021\/05\/sweat-shirt-runnek-tempo-gris-h.jpg\" \/>\n\t<meta property=\"og:image:width\" content=\"800\" \/>\n\t<meta property=\"og:image:height\" content=\"800\" \/>\n\t<meta property=\"og:image:type\" content=\"image\/jpeg\" \/>\n<meta name=\"twitter:card\" content=\"summary_large_image\" \/>\n<meta name=\"twitter:site\" content=\"@RunnekItalia\" \/>\n<meta name=\"twitter:label1\" content=\"Dur\u00e9e de lecture estim\u00e9e\" \/>\n\t<meta name=\"twitter:data1\" content=\"1 minute\" \/>\n<script type=\"application\/ld+json\" class=\"yoast-schema-graph\">{\"@context\":\"https:\\\/\\\/schema.org\",\"@graph\":[{\"@type\":\"WebPage\",\"@id\":\"https:\\\/\\\/www.runnek.fr\\\/shop\\\/p\\\/running-homme\\\/sweat-shirt\\\/sweat-shirt-runnek-tempo\\\/\",\"url\":\"https:\\\/\\\/www.runnek.fr\\\/shop\\\/p\\\/running-homme\\\/sweat-shirt\\\/sweat-shirt-runnek-tempo\\\/\",\"name\":\"Sweat-shirt runnek tempo - Shop Runnek\",\"isPartOf\":{\"@id\":\"https:\\\/\\\/www.runnek.fr\\\/shop\\\/#website\"},\"primaryImageOfPage\":{\"@id\":\"https:\\\/\\\/www.runnek.fr\\\/shop\\\/p\\\/running-homme\\\/sweat-shirt\\\/sweat-shirt-runnek-tempo\\\/#primaryimage\"},\"image\":{\"@id\":\"https:\\\/\\\/www.runnek.fr\\\/shop\\\/p\\\/running-homme\\\/sweat-shirt\\\/sweat-shirt-runnek-tempo\\\/#primaryimage\"},\"thumbnailUrl\":\"https:\\\/\\\/www.runnek.fr\\\/shop\\\/wp-content\\\/uploads\\\/2021\\\/05\\\/sweat-shirt-runnek-tempo-gris-h.jpg\",\"datePublished\":\"2021-05-05T08:15:13+00:00\",\"dateModified\":\"2026-04-28T03:19:53+00:00\",\"breadcrumb\":{\"@id\":\"https:\\\/\\\/www.runnek.fr\\\/shop\\\/p\\\/running-homme\\\/sweat-shirt\\\/sweat-shirt-runnek-tempo\\\/#breadcrumb\"},\"inLanguage\":\"fr-FR\",\"potentialAction\":[{\"@type\":\"ReadAction\",\"target\":[\"https:\\\/\\\/www.runnek.fr\\\/shop\\\/p\\\/running-homme\\\/sweat-shirt\\\/sweat-shirt-runnek-tempo\\\/\"]}]},{\"@type\":\"ImageObject\",\"inLanguage\":\"fr-FR\",\"@id\":\"https:\\\/\\\/www.runnek.fr\\\/shop\\\/p\\\/running-homme\\\/sweat-shirt\\\/sweat-shirt-runnek-tempo\\\/#primaryimage\",\"url\":\"https:\\\/\\\/www.runnek.fr\\\/shop\\\/wp-content\\\/uploads\\\/2021\\\/05\\\/sweat-shirt-runnek-tempo-gris-h.jpg\",\"contentUrl\":\"https:\\\/\\\/www.runnek.fr\\\/shop\\\/wp-content\\\/uploads\\\/2021\\\/05\\\/sweat-shirt-runnek-tempo-gris-h.jpg\",\"width\":800,\"height\":800,\"caption\":\"Sweat Shirt Runnek Tempo Gris H\"},{\"@type\":\"BreadcrumbList\",\"@id\":\"https:\\\/\\\/www.runnek.fr\\\/shop\\\/p\\\/running-homme\\\/sweat-shirt\\\/sweat-shirt-runnek-tempo\\\/#breadcrumb\",\"itemListElement\":[{\"@type\":\"ListItem\",\"position\":1,\"name\":\"Portada\",\"item\":\"https:\\\/\\\/www.runnek.fr\\\/shop\\\/\"},{\"@type\":\"ListItem\",\"position\":2,\"name\":\"boutique\",\"item\":\"https:\\\/\\\/www.runnek.fr\\\/shop\\\/boutique\\\/\"},{\"@type\":\"ListItem\",\"position\":3,\"name\":\"Sweat-shirt runnek tempo\"}]},{\"@type\":\"WebSite\",\"@id\":\"https:\\\/\\\/www.runnek.fr\\\/shop\\\/#website\",\"url\":\"https:\\\/\\\/www.runnek.fr\\\/shop\\\/\",\"name\":\"Shop Runnek\",\"description\":\"\",\"publisher\":{\"@id\":\"https:\\\/\\\/www.runnek.fr\\\/shop\\\/#organization\"},\"potentialAction\":[{\"@type\":\"SearchAction\",\"target\":{\"@type\":\"EntryPoint\",\"urlTemplate\":\"https:\\\/\\\/www.runnek.fr\\\/shop\\\/?s={search_term_string}\"},\"query-input\":{\"@type\":\"PropertyValueSpecification\",\"valueRequired\":true,\"valueName\":\"search_term_string\"}}],\"inLanguage\":\"fr-FR\"},{\"@type\":\"Organization\",\"@id\":\"https:\\\/\\\/www.runnek.fr\\\/shop\\\/#organization\",\"name\":\"Shop Runnek\",\"url\":\"https:\\\/\\\/www.runnek.fr\\\/shop\\\/\",\"logo\":{\"@type\":\"ImageObject\",\"inLanguage\":\"fr-FR\",\"@id\":\"https:\\\/\\\/www.runnek.fr\\\/shop\\\/#\\\/schema\\\/logo\\\/image\\\/\",\"url\":\"https:\\\/\\\/www.runnek.fr\\\/shop\\\/wp-content\\\/uploads\\\/2020\\\/11\\\/logo-runnek.png\",\"contentUrl\":\"https:\\\/\\\/www.runnek.fr\\\/shop\\\/wp-content\\\/uploads\\\/2020\\\/11\\\/logo-runnek.png\",\"width\":680,\"height\":252,\"caption\":\"Shop Runnek\"},\"image\":{\"@id\":\"https:\\\/\\\/www.runnek.fr\\\/shop\\\/#\\\/schema\\\/logo\\\/image\\\/\"},\"sameAs\":[\"https:\\\/\\\/www.facebook.com\\\/runnekitalia\\\/\",\"https:\\\/\\\/x.com\\\/RunnekItalia\",\"https:\\\/\\\/instagram.com\\\/runnek\",\"https:\\\/\\\/www.youtube.com\\\/user\\\/magliarunningIT\"]}]}<\/script>\n<!-- \/ Yoast SEO plugin. -->","yoast_head_json":{"title":"Sweat-shirt runnek tempo - Shop Runnek","robots":{"index":"index","follow":"follow","max-snippet":"max-snippet:-1","max-image-preview":"max-image-preview:large","max-video-preview":"max-video-preview:-1"},"canonical":"https:\/\/www.runnek.fr\/shop\/p\/running-homme\/sweat-shirt\/sweat-shirt-runnek-tempo\/","og_locale":"fr_FR","og_type":"article","og_title":"Sweat-shirt runnek tempo - Shop Runnek","og_description":"Sa confection haut de gamme offre une douceur extraordinaire dans un volume r\u00e9duit, ce qui all\u00e8ge le poids du v\u00eatement. Combinaison unique de couleurs sur la ceinture, les cordons de serrage et l'int\u00e9rieur de la capuche, r\u00e9alis\u00e9e avec notre tissu exclusif DrySense. Garanti pour vous garder suffisamment au chaud pour affronter les saisons froides sans crainte. Garantie de 2 ans. Notre syst\u00e8me d'impression FixColor est en mesure de garantir une longue dur\u00e9e de vie \u00e0 la couleur d'origine du produit. Mise \u00e0 jour constante de nos syst\u00e8mes de production pour cr\u00e9er les meilleurs tissus techniques.","og_url":"https:\/\/www.runnek.fr\/shop\/p\/running-homme\/sweat-shirt\/sweat-shirt-runnek-tempo\/","og_site_name":"Shop Runnek","article_publisher":"https:\/\/www.facebook.com\/runnekitalia\/","article_modified_time":"2026-04-28T03:19:53+00:00","og_image":[{"width":800,"height":800,"url":"https:\/\/www.runnek.fr\/shop\/wp-content\/uploads\/2021\/05\/sweat-shirt-runnek-tempo-gris-h.jpg","type":"image\/jpeg"}],"twitter_card":"summary_large_image","twitter_site":"@RunnekItalia","twitter_misc":{"Dur\u00e9e de lecture estim\u00e9e":"1 minute"},"schema":{"@context":"https:\/\/schema.org","@graph":[{"@type":"WebPage","@id":"https:\/\/www.runnek.fr\/shop\/p\/running-homme\/sweat-shirt\/sweat-shirt-runnek-tempo\/","url":"https:\/\/www.runnek.fr\/shop\/p\/running-homme\/sweat-shirt\/sweat-shirt-runnek-tempo\/","name":"Sweat-shirt runnek tempo - Shop Runnek","isPartOf":{"@id":"https:\/\/www.runnek.fr\/shop\/#website"},"primaryImageOfPage":{"@id":"https:\/\/www.runnek.fr\/shop\/p\/running-homme\/sweat-shirt\/sweat-shirt-runnek-tempo\/#primaryimage"},"image":{"@id":"https:\/\/www.runnek.fr\/shop\/p\/running-homme\/sweat-shirt\/sweat-shirt-runnek-tempo\/#primaryimage"},"thumbnailUrl":"https:\/\/www.runnek.fr\/shop\/wp-content\/uploads\/2021\/05\/sweat-shirt-runnek-tempo-gris-h.jpg","datePublished":"2021-05-05T08:15:13+00:00","dateModified":"2026-04-28T03:19:53+00:00","breadcrumb":{"@id":"https:\/\/www.runnek.fr\/shop\/p\/running-homme\/sweat-shirt\/sweat-shirt-runnek-tempo\/#breadcrumb"},"inLanguage":"fr-FR","potentialAction":[{"@type":"ReadAction","target":["https:\/\/www.runnek.fr\/shop\/p\/running-homme\/sweat-shirt\/sweat-shirt-runnek-tempo\/"]}]},{"@type":"ImageObject","inLanguage":"fr-FR","@id":"https:\/\/www.runnek.fr\/shop\/p\/running-homme\/sweat-shirt\/sweat-shirt-runnek-tempo\/#primaryimage","url":"https:\/\/www.runnek.fr\/shop\/wp-content\/uploads\/2021\/05\/sweat-shirt-runnek-tempo-gris-h.jpg","contentUrl":"https:\/\/www.runnek.fr\/shop\/wp-content\/uploads\/2021\/05\/sweat-shirt-runnek-tempo-gris-h.jpg","width":800,"height":800,"caption":"Sweat Shirt Runnek Tempo Gris H"},{"@type":"BreadcrumbList","@id":"https:\/\/www.runnek.fr\/shop\/p\/running-homme\/sweat-shirt\/sweat-shirt-runnek-tempo\/#breadcrumb","itemListElement":[{"@type":"ListItem","position":1,"name":"Portada","item":"https:\/\/www.runnek.fr\/shop\/"},{"@type":"ListItem","position":2,"name":"boutique","item":"https:\/\/www.runnek.fr\/shop\/boutique\/"},{"@type":"ListItem","position":3,"name":"Sweat-shirt runnek tempo"}]},{"@type":"WebSite","@id":"https:\/\/www.runnek.fr\/shop\/#website","url":"https:\/\/www.runnek.fr\/shop\/","name":"Shop Runnek","description":"","publisher":{"@id":"https:\/\/www.runnek.fr\/shop\/#organization"},"potentialAction":[{"@type":"SearchAction","target":{"@type":"EntryPoint","urlTemplate":"https:\/\/www.runnek.fr\/shop\/?s={search_term_string}"},"query-input":{"@type":"PropertyValueSpecification","valueRequired":true,"valueName":"search_term_string"}}],"inLanguage":"fr-FR"},{"@type":"Organization","@id":"https:\/\/www.runnek.fr\/shop\/#organization","name":"Shop Runnek","url":"https:\/\/www.runnek.fr\/shop\/","logo":{"@type":"ImageObject","inLanguage":"fr-FR","@id":"https:\/\/www.runnek.fr\/shop\/#\/schema\/logo\/image\/","url":"https:\/\/www.runnek.fr\/shop\/wp-content\/uploads\/2020\/11\/logo-runnek.png","contentUrl":"https:\/\/www.runnek.fr\/shop\/wp-content\/uploads\/2020\/11\/logo-runnek.png","width":680,"height":252,"caption":"Shop Runnek"},"image":{"@id":"https:\/\/www.runnek.fr\/shop\/#\/schema\/logo\/image\/"},"sameAs":["https:\/\/www.facebook.com\/runnekitalia\/","https:\/\/x.com\/RunnekItalia","https:\/\/instagram.com\/runnek","https:\/\/www.youtube.com\/user\/magliarunningIT"]}]}},"_links":{"self":[{"href":"https:\/\/www.runnek.fr\/shop\/wp-json\/wp\/v2\/product\/1531","targetHints":{"allow":["GET"]}}],"collection":[{"href":"https:\/\/www.runnek.fr\/shop\/wp-json\/wp\/v2\/product"}],"about":[{"href":"https:\/\/www.runnek.fr\/shop\/wp-json\/wp\/v2\/types\/product"}],"replies":[{"embeddable":true,"href":"https:\/\/www.runnek.fr\/shop\/wp-json\/wp\/v2\/comments?post=1531"}],"wp:featuredmedia":[{"embeddable":true,"href":"https:\/\/www.runnek.fr\/shop\/wp-json\/wp\/v2\/media\/4032"}],"wp:attachment":[{"href":"https:\/\/www.runnek.fr\/shop\/wp-json\/wp\/v2\/media?parent=1531"}],"wp:term":[{"taxonomy":"product_brand","embeddable":true,"href":"https:\/\/www.runnek.fr\/shop\/wp-json\/wp\/v2\/product_brand?post=1531"},{"taxonomy":"product_cat","embeddable":true,"href":"https:\/\/www.runnek.fr\/shop\/wp-json\/wp\/v2\/product_cat?post=1531"},{"taxonomy":"product_tag","embeddable":true,"href":"https:\/\/www.runnek.fr\/shop\/wp-json\/wp\/v2\/product_tag?post=1531"}],"curies":[{"name":"wp","href":"https:\/\/api.w.org\/{rel}","templated":true}]}}